{"id":2221,"date":"2025-08-21T17:13:01","date_gmt":"2025-08-21T17:13:01","guid":{"rendered":"https:\/\/careerescapes.com\/deutschland-sprache-schulen\/"},"modified":"2026-02-21T12:56:03","modified_gmt":"2026-02-21T12:56:03","slug":"deutschland-sprache-schulen","status":"publish","type":"page","link":"https:\/\/careerescapes.com\/de\/deutschland-sprache-schulen\/","title":{"rendered":"Deutschland Sprache Schulen"},"content":{"rendered":"\t\t<div data-elementor-type=\"wp-page\" data-elementor-id=\"2221\" class=\"elementor elementor-2221 elementor-1600\">\n\t\t\t\t<div class=\"elementor-element elementor-element-824eec1 e-flex e-con-boxed e-con e-parent\" data-id=\"824eec1\" data-element_type=\"container\" data-e-type=\"container\">\n\t\t\t\t\t<div class=\"e-con-inner\">\n\t\t<div class=\"elementor-element elementor-element-824d966 e-con-full e-flex e-con e-child\" data-id=\"824d966\" data-element_type=\"container\" data-e-type=\"container\">\n\t\t\t\t<div class=\"elementor-element elementor-element-6385291 elementor-widget elementor-widget-visaland-service-grid-widget\" data-id=\"6385291\" data-element_type=\"widget\" data-e-type=\"widget\" data-widget_type=\"visaland-service-grid-widget.default\">\n\t\t\t\t<div class=\"elementor-widget-container\">\n\t\t\t\t\t\n\n\n\t\n\n\t\t<div class=\"service-wrapper-3\">\n\t\t\t\t\n\t\t\t<div class=\"service-box-items style-2 wow fadeInUp\" data-wow-delay=\".3s\">\n\t\t\t\t<div class=\"icon\">\n\t\t\t\t\t<i class=\" flaticon-education\"><\/i>\n\t\t\t\t<\/div>\n\t\t\t\t<div class=\"content\">\n\t\t\t\t\t<h6>\n\t\t\t\t\t\t<a href=\"\/avustralya-dil-okullari\/\">Avustralya Dil Okullar\u0131<\/a>\n\t\t\t\t\t<\/h6>\n\t\t\t\t<\/div>\n\t\t\t<\/div>\n\t\t\t\t\n\t\t\t<div class=\"service-box-items style-2 wow fadeInUp\" data-wow-delay=\".3s\">\n\t\t\t\t<div class=\"icon\">\n\t\t\t\t\t<i class=\" flaticon-education\"><\/i>\n\t\t\t\t<\/div>\n\t\t\t\t<div class=\"content\">\n\t\t\t\t\t<h6>\n\t\t\t\t\t\t<a href=\"\/irlanda-dil-okullari\/\">\u0130rlanda Dil Okullar\u0131<\/a>\n\t\t\t\t\t<\/h6>\n\t\t\t\t<\/div>\n\t\t\t<\/div>\n\t\t\t\t\t<\/div>\n\n\t\n\n             \n\t\t\t\t\t\t<\/div>\n\t\t\t\t<\/div>\n\t\t\t\t<div class=\"elementor-element elementor-element-ce2b6b1 elementor-widget elementor-widget-visaland-service-sidebar-widget\" data-id=\"ce2b6b1\" data-element_type=\"widget\" data-e-type=\"widget\" data-widget_type=\"visaland-service-sidebar-widget.default\">\n\t\t\t\t<div class=\"elementor-widget-container\">\n\t\t\t\t\t\n\t\n\n\t\t<div class=\"coaching-details-wrapper\">\n\t\t\t<div class=\"country-sidebar\">\n\t\t\t\t<div class=\"single-contact-form\">\n\t\t\t\t\t<h3 class=\"wid-title\">\n\t\t\t\t\t\tH\u0131zl\u0131 \u0130leti\u015fim\n\t\t\t\t\t<\/h3>\n\t\t\t\t\t\t<p class=\"wpcf7-contact-form-not-found\"><strong>Fehler:<\/strong> Kontaktformular wurde nicht gefunden.<\/p>\t\t\t\t\t<\/div>\n\n\t\t\t\t\t\t\t\t\t\t<div class=\"country-sidebar-widget\">\n\t\t\t\t\t\t<div class=\"contact-bg bg-cover\" style=\"background-image: url('https:\/\/careerescapes.com\/wp-content\/uploads\/2024\/09\/01-10.jpg');\">\n\t\t\t\t\t\t\t<h3>Bu Yolculukta<\/h3>\n\t\t\t\t\t\t\t<h2>Yaln\u0131z De\u011filsin!<\/h2>\n\n\t\t\t\t\t\t\t<a href=\"tel:+902129233220\" class=\"theme-btn bg-white\">\n\t\t\t\t\t\t\t\t<span>\n\t\t\t\t\t\t\t\tHemen Ara\t\t\t\t\t\t\t\t\t<i class=\"fas fa-chevron-right\"><\/i>\n\t\t\t\t\t\t\t\t<\/span>\n\t\t\t\t\t\t\t<\/a>\n\n\t\t\t\t\t\t<\/div>\n\t\t\t\t\t<\/div>\n\t\t\t\t\t\n\t\t\t\t\t\t\t\t\t\t\n\t\t\t\t<\/div>\n\t\t\t<\/div>\n\n\t\t\n\n\n             \n\t\t\t\t\t\t<\/div>\n\t\t\t\t<\/div>\n\t\t\t\t<\/div>\n\t\t<div class=\"elementor-element elementor-element-002540b e-con-full e-flex e-con e-child\" data-id=\"002540b\" data-element_type=\"container\" data-e-type=\"container\">\n\t\t\t\t<div class=\"elementor-element elementor-element-4cdeeca elementor-widget elementor-widget-heading\" data-id=\"4cdeeca\" data-element_type=\"widget\" data-e-type=\"widget\" data-widget_type=\"heading.default\">\n\t\t\t\t\t<h2 class=\"elementor-heading-title elementor-size-default\">Sprachschule in Deutschland: Deutsch vor Ort lernen<\/h2>\t\t\t\t<\/div>\n\t\t\t\t<div class=\"elementor-element elementor-element-49c4fcd elementor-widget elementor-widget-text-editor\" data-id=\"49c4fcd\" data-element_type=\"widget\" data-e-type=\"widget\" data-widget_type=\"text-editor.default\">\n\t\t\t\t\t\t\t\t\t<p><strong data-start=\"313\" data-end=\"345\">Lernen Sie Deutsch in Deutschland<\/strong> und erreichen Sie schnell Ihre Sprachziele und erleben Sie gleichzeitig eine unvergessliche Erfahrung im Herzen Europas. Unser erfahrenes Beraterteam unterst\u00fctzt Sie bei der Auswahl der Schule, der Bewerbung, dem Visum, der Unterkunft und den Reisevorbereitungen. <\/p><h4> <\/h4><h4>Warum Deutschland ?<\/h4><div> <\/div><ul data-start=\"578\" data-end=\"914\"><li data-start=\"578\" data-end=\"653\"><p data-start=\"580\" data-end=\"653\"><strong data-start=\"580\" data-end=\"602\">Standard und Qualit\u00e4t<\/strong>: Eine der st\u00e4rksten Bildungsinfrastrukturen Europas eine der st\u00e4rksten<\/p><\/li><li data-start=\"654\" data-end=\"761\"><p data-start=\"656\" data-end=\"761\"><strong data-start=\"656\" data-end=\"676\">Karrierevorteil<\/strong>: Deutsch; von Ingenieurwesen \u00fcber Gesundheitswesen bis hin zu Tourismus und Logistik \u2013 in vielen Branchen von Vorteil<\/p><\/li><li data-start=\"762\" data-end=\"855\"><p data-start=\"764\" data-end=\"855\">Kultur und Sicherheit: Moderne St\u00e4dte, reiches kulturelles Leben, hoher Lebensstandard<\/p><\/li><li data-start=\"856\" data-end=\"914\"><p data-start=\"858\" data-end=\"914\"><strong data-start=\"858\" data-end=\"878\">Bequeme Verkehrsanbindung<\/strong>: Reisem\u00f6glichkeiten und Entdeckungen innerhalb Europas<\/p><\/li><\/ul>\t\t\t\t\t\t\t\t<\/div>\n\t\t\t\t<div class=\"elementor-element elementor-element-1dde278 elementor-widget elementor-widget-image\" data-id=\"1dde278\" data-element_type=\"widget\" data-e-type=\"widget\" data-widget_type=\"image.default\">\n\t\t\t\t\t\t\t\t\t\t\t\t\t\t\t<img fetchpriority=\"high\" decoding=\"async\" width=\"740\" height=\"416\" src=\"https:\/\/careerescapes.com\/wp-content\/uploads\/2025\/08\/16455385099395-1024x576.jpg\" class=\"attachment-large size-large wp-image-2217\" alt=\"\" srcset=\"https:\/\/careerescapes.com\/wp-content\/uploads\/2025\/08\/16455385099395-1024x576.jpg 1024w, https:\/\/careerescapes.com\/wp-content\/uploads\/2025\/08\/16455385099395-300x169.jpg 300w, https:\/\/careerescapes.com\/wp-content\/uploads\/2025\/08\/16455385099395-768x432.jpg 768w, https:\/\/careerescapes.com\/wp-content\/uploads\/2025\/08\/16455385099395-1536x864.jpg 1536w, https:\/\/careerescapes.com\/wp-content\/uploads\/2025\/08\/16455385099395-2048x1152.jpg 2048w\" sizes=\"(max-width: 740px) 100vw, 740px\" \/>\t\t\t\t\t\t\t\t\t\t\t\t\t\t\t<\/div>\n\t\t\t\t<div class=\"elementor-element elementor-element-e43e2d6 elementor-widget elementor-widget-text-editor\" data-id=\"e43e2d6\" data-element_type=\"widget\" data-e-type=\"widget\" data-widget_type=\"text-editor.default\">\n\t\t\t\t\t\t\t\t\t<h4>Welche St\u00e4dte sind beliebt?<\/h4><div> <\/div><p data-start=\"943\" data-end=\"1152\">Berlin, M\u00fcnchen, Hamburg, K\u00f6ln, Frankfurt und D\u00fcsseldorf sind Optionen, die sich je nach Ihren Erwartungen anbieten. M\u00f6chten Sie eine dynamische Metropole oder eine ruhigere Studentenstadt? Wir beraten Sie entsprechend Ihrem Profil.  <\/p><h4> <\/h4><h4>Programmoptionen<\/h4><div> <\/div><ul data-start=\"1177\" data-end=\"1587\"><li data-start=\"1177\" data-end=\"1249\"><p data-start=\"1179\" data-end=\"1249\"><strong data-start=\"1179\" data-end=\"1196\">Allgemein Deutsch<\/strong>: Alle Niveaustufen von A1 bis C1, kommunikationsorientierter Inhalt<\/p><\/li><li data-start=\"1250\" data-end=\"1338\"><p data-start=\"1252\" data-end=\"1338\"><strong data-start=\"1252\" data-end=\"1272\">Intensivprogramme<\/strong>: F\u00fcr diejenigen, die schnell Fortschritte machen m\u00f6chten, mit mehr Unterrichtsstunden pro Woche.<\/p><\/li><li data-start=\"1339\" data-end=\"1431\"><p data-start=\"1341\" data-end=\"1431\"><strong data-start=\"1341\" data-end=\"1359\">Pr\u00fcfungsvorbereitung<\/strong>: Spezielle Kurse zur Vorbereitung auf die Pr\u00fcfungen TestDaF \/ telc \/ Goethe-Zertifikat<\/p><\/li><li data-start=\"1432\" data-end=\"1511\"><p data-start=\"1434\" data-end=\"1511\"><strong data-start=\"1434\" data-end=\"1464\">Auf die Vorbereitung auf die Universit\u00e4t ausgerichtet<\/strong>: Akademisches Deutsch und Unterst\u00fctzung beim Bewerbungsprozess<\/p><\/li><li data-start=\"1512\" data-end=\"1587\"><p data-start=\"1514\" data-end=\"1587\"><strong data-start=\"1514\" data-end=\"1534\">Privatunterricht \/ Kleingruppenunterricht<\/strong>: Flexible Unterrichtspl\u00e4ne f\u00fcr Einzelpersonen oder kleine Gruppen <\/p><\/li><\/ul>\t\t\t\t\t\t\t\t<\/div>\n\t\t\t\t<div class=\"elementor-element elementor-element-49b5bbc elementor-widget elementor-widget-text-editor\" data-id=\"49b5bbc\" data-element_type=\"widget\" data-e-type=\"widget\" data-widget_type=\"text-editor.default\">\n\t\t\t\t\t\t\t\t\t<blockquote data-start=\"1589\" data-end=\"1777\"><p data-start=\"1591\" data-end=\"1777\"><strong data-start=\"1591\" data-end=\"1611\">Dauer &amp; Beginn<\/strong>: Die Programme dauern in der Regel zwischen <strong data-start=\"1635\" data-end=\"1649\">2 und 48 Wochen<\/strong>; an den meisten Schulen ist ein Beginn <strong data-start=\"1669\" data-end=\"1686\">jeden Montag<\/strong> m\u00f6glich. Die w\u00f6chentliche Unterrichtsintensit\u00e4t liegt meist zwischen <strong data-start=\"1748\" data-end=\"1762\">20\u201330 Unterrichtsstunden<\/strong>. <\/p><\/blockquote>\t\t\t\t\t\t\t\t<\/div>\n\t\t<div class=\"elementor-element elementor-element-d410014 e-con-full e-flex e-con e-child\" data-id=\"d410014\" data-element_type=\"container\" data-e-type=\"container\">\n\t\t<div class=\"elementor-element elementor-element-a23371a e-con-full e-flex e-con e-child\" data-id=\"a23371a\" data-element_type=\"container\" data-e-type=\"container\">\n\t\t\t\t<div class=\"elementor-element elementor-element-8021128 elementor-widget__width-initial elementor-widget elementor-widget-image\" data-id=\"8021128\" data-element_type=\"widget\" data-e-type=\"widget\" data-widget_type=\"image.default\">\n\t\t\t\t\t\t\t\t\t\t\t\t\t\t\t<img decoding=\"async\" width=\"740\" height=\"493\" src=\"https:\/\/careerescapes.com\/wp-content\/uploads\/2025\/08\/675de641d2d4a162577735-1024x682.jpg\" class=\"attachment-large size-large wp-image-2218\" alt=\"\" srcset=\"https:\/\/careerescapes.com\/wp-content\/uploads\/2025\/08\/675de641d2d4a162577735-1024x682.jpg 1024w, https:\/\/careerescapes.com\/wp-content\/uploads\/2025\/08\/675de641d2d4a162577735-300x200.jpg 300w, https:\/\/careerescapes.com\/wp-content\/uploads\/2025\/08\/675de641d2d4a162577735-768x512.jpg 768w, https:\/\/careerescapes.com\/wp-content\/uploads\/2025\/08\/675de641d2d4a162577735-1536x1024.jpg 1536w, https:\/\/careerescapes.com\/wp-content\/uploads\/2025\/08\/675de641d2d4a162577735.jpg 1700w\" sizes=\"(max-width: 740px) 100vw, 740px\" \/>\t\t\t\t\t\t\t\t\t\t\t\t\t\t\t<\/div>\n\t\t\t\t<\/div>\n\t\t<div class=\"elementor-element elementor-element-38862f2 e-con-full e-flex e-con e-child\" data-id=\"38862f2\" data-element_type=\"container\" data-e-type=\"container\">\n\t\t\t\t<div class=\"elementor-element elementor-element-23d1eb5 elementor-widget elementor-widget-heading\" data-id=\"23d1eb5\" data-element_type=\"widget\" data-e-type=\"widget\" data-widget_type=\"heading.default\">\n\t\t\t\t\t<h2 class=\"elementor-heading-title elementor-size-default\">Unterkunftsm\u00f6glichkeiten<\/h2>\t\t\t\t<\/div>\n\t\t\t\t<div class=\"elementor-element elementor-element-169cad7 elementor-widget elementor-widget-text-editor\" data-id=\"169cad7\" data-element_type=\"widget\" data-e-type=\"widget\" data-widget_type=\"text-editor.default\">\n\t\t\t\t\t\t\t\t\t<ul data-start=\"1807\" data-end=\"2007\"><li data-start=\"1807\" data-end=\"1872\"><p data-start=\"1809\" data-end=\"1872\"><strong data-start=\"1809\" data-end=\"1822\">Aile Yan\u0131<\/strong>: F\u00fcr diejenigen, die die lokale Kultur hautnah kennenlernen m\u00f6chten<\/p><\/li><li data-start=\"1873\" data-end=\"1939\"><p data-start=\"1875\" data-end=\"1939\"><strong data-start=\"1875\" data-end=\"1903\">Studentenwohnheim \/ Residenz<\/strong>: Soziales Umfeld und N\u00e4he zum Campus<\/p><\/li><li data-start=\"1940\" data-end=\"2007\"><p data-start=\"1942\" data-end=\"2007\"><strong data-start=\"1942\" data-end=\"1962\">Gemeinschaftlich Wohnung<\/strong>: Unabh\u00e4ngiges Leben bevorzugen Studenten f\u00fcr f\u00fcr<\/p><\/li><\/ul><blockquote data-start=\"2009\" data-end=\"2114\"><p data-start=\"2011\" data-end=\"2114\">Die Unterkunft variiert je nach Stadt und Saison. Wir pr\u00fcfen gemeinsam die Verf\u00fcgbarkeit w\u00e4hrend der Bewerbungsphase. <\/p><\/blockquote>\t\t\t\t\t\t\t\t<\/div>\n\t\t\t\t<\/div>\n\t\t\t\t<\/div>\n\t\t<div class=\"elementor-element elementor-element-5e2bd28 e-con-full e-flex e-con e-child\" data-id=\"5e2bd28\" data-element_type=\"container\" data-e-type=\"container\">\n\t\t<div class=\"elementor-element elementor-element-7d26533 e-con-full e-flex e-con e-child\" data-id=\"7d26533\" data-element_type=\"container\" data-e-type=\"container\">\n\t\t\t\t<div class=\"elementor-element elementor-element-c917ac5 elementor-widget elementor-widget-heading\" data-id=\"c917ac5\" data-element_type=\"widget\" data-e-type=\"widget\" data-widget_type=\"heading.default\">\n\t\t\t\t\t<h2 class=\"elementor-heading-title elementor-size-default\">Beratung Unsere Dienstleistungen<\/h2>\t\t\t\t<\/div>\n\t\t\t\t<div class=\"elementor-element elementor-element-22e230c elementor-icon-list--layout-traditional elementor-list-item-link-full_width elementor-widget elementor-widget-icon-list\" data-id=\"22e230c\" data-element_type=\"widget\" data-e-type=\"widget\" data-widget_type=\"icon-list.default\">\n\t\t\t\t\t\t\t<ul class=\"elementor-icon-list-items\">\n\t\t\t\t\t\t\t<li class=\"elementor-icon-list-item\">\n\t\t\t\t\t\t\t\t\t\t\t<span class=\"elementor-icon-list-icon\">\n\t\t\t\t\t\t\t<svg aria-hidden=\"true\" class=\"e-font-icon-svg e-fas-check\" viewBox=\"0 0 512 512\" xmlns=\"http:\/\/www.w3.org\/2000\/svg\"><path d=\"M173.898 439.404l-166.4-166.4c-9.997-9.997-9.997-26.206 0-36.204l36.203-36.204c9.997-9.998 26.207-9.998 36.204 0L192 312.69 432.095 72.596c9.997-9.997 26.207-9.997 36.204 0l36.203 36.204c9.997 9.997 9.997 26.206 0 36.204l-294.4 294.401c-9.998 9.997-26.207 9.997-36.204-.001z\"><\/path><\/svg>\t\t\t\t\t\t<\/span>\n\t\t\t\t\t\t\t\t\t\t<span class=\"elementor-icon-list-text\">Auswahl einer Schule und Stadt, die zum Profil passt<\/span>\n\t\t\t\t\t\t\t\t\t<\/li>\n\t\t\t\t\t\t\t\t<li class=\"elementor-icon-list-item\">\n\t\t\t\t\t\t\t\t\t\t\t<span class=\"elementor-icon-list-icon\">\n\t\t\t\t\t\t\t<svg aria-hidden=\"true\" class=\"e-font-icon-svg e-fas-check\" viewBox=\"0 0 512 512\" xmlns=\"http:\/\/www.w3.org\/2000\/svg\"><path d=\"M173.898 439.404l-166.4-166.4c-9.997-9.997-9.997-26.206 0-36.204l36.203-36.204c9.997-9.998 26.207-9.998 36.204 0L192 312.69 432.095 72.596c9.997-9.997 26.207-9.997 36.204 0l36.203 36.204c9.997 9.997 9.997 26.206 0 36.204l-294.4 294.401c-9.998 9.997-26.207 9.997-36.204-.001z\"><\/path><\/svg>\t\t\t\t\t\t<\/span>\n\t\t\t\t\t\t\t\t\t\t<span class=\"elementor-icon-list-text\">Registrierung &amp; Platzierung Vorg\u00e4nge<\/span>\n\t\t\t\t\t\t\t\t\t<\/li>\n\t\t\t\t\t\t\t\t<li class=\"elementor-icon-list-item\">\n\t\t\t\t\t\t\t\t\t\t\t<span class=\"elementor-icon-list-icon\">\n\t\t\t\t\t\t\t<svg aria-hidden=\"true\" class=\"e-font-icon-svg e-fas-check\" viewBox=\"0 0 512 512\" xmlns=\"http:\/\/www.w3.org\/2000\/svg\"><path d=\"M173.898 439.404l-166.4-166.4c-9.997-9.997-9.997-26.206 0-36.204l36.203-36.204c9.997-9.998 26.207-9.998 36.204 0L192 312.69 432.095 72.596c9.997-9.997 26.207-9.997 36.204 0l36.203 36.204c9.997 9.997 9.997 26.206 0 36.204l-294.4 294.401c-9.998 9.997-26.207 9.997-36.204-.001z\"><\/path><\/svg>\t\t\t\t\t\t<\/span>\n\t\t\t\t\t\t\t\t\t\t<span class=\"elementor-icon-list-text\">Verfolgung des Verfahrens f\u00fcr Visumunterlagen<\/span>\n\t\t\t\t\t\t\t\t\t<\/li>\n\t\t\t\t\t\t\t\t<li class=\"elementor-icon-list-item\">\n\t\t\t\t\t\t\t\t\t\t\t<span class=\"elementor-icon-list-icon\">\n\t\t\t\t\t\t\t<svg aria-hidden=\"true\" class=\"e-font-icon-svg e-fas-check\" viewBox=\"0 0 512 512\" xmlns=\"http:\/\/www.w3.org\/2000\/svg\"><path d=\"M173.898 439.404l-166.4-166.4c-9.997-9.997-9.997-26.206 0-36.204l36.203-36.204c9.997-9.998 26.207-9.998 36.204 0L192 312.69 432.095 72.596c9.997-9.997 26.207-9.997 36.204 0l36.203 36.204c9.997 9.997 9.997 26.206 0 36.204l-294.4 294.401c-9.998 9.997-26.207 9.997-36.204-.001z\"><\/path><\/svg>\t\t\t\t\t\t<\/span>\n\t\t\t\t\t\t\t\t\t\t<span class=\"elementor-icon-list-text\">Unterkunftsvermittlung<\/span>\n\t\t\t\t\t\t\t\t\t<\/li>\n\t\t\t\t\t\t\t\t<li class=\"elementor-icon-list-item\">\n\t\t\t\t\t\t\t\t\t\t\t<span class=\"elementor-icon-list-icon\">\n\t\t\t\t\t\t\t<svg aria-hidden=\"true\" class=\"e-font-icon-svg e-fas-check\" viewBox=\"0 0 512 512\" xmlns=\"http:\/\/www.w3.org\/2000\/svg\"><path d=\"M173.898 439.404l-166.4-166.4c-9.997-9.997-9.997-26.206 0-36.204l36.203-36.204c9.997-9.998 26.207-9.998 36.204 0L192 312.69 432.095 72.596c9.997-9.997 26.207-9.997 36.204 0l36.203 36.204c9.997 9.997 9.997 26.206 0 36.204l-294.4 294.401c-9.998 9.997-26.207 9.997-36.204-.001z\"><\/path><\/svg>\t\t\t\t\t\t<\/span>\n\t\t\t\t\t\t\t\t\t\t<span class=\"elementor-icon-list-text\">Gesundheit Versicherung und Reiseplanung Planung<\/span>\n\t\t\t\t\t\t\t\t\t<\/li>\n\t\t\t\t\t\t<\/ul>\n\t\t\t\t\t\t<\/div>\n\t\t\t\t<\/div>\n\t\t<div class=\"elementor-element elementor-element-d72719f e-con-full e-flex e-con e-child\" data-id=\"d72719f\" data-element_type=\"container\" data-e-type=\"container\">\n\t\t\t\t<div class=\"elementor-element elementor-element-205a8da elementor-widget elementor-widget-image\" data-id=\"205a8da\" data-element_type=\"widget\" data-e-type=\"widget\" data-widget_type=\"image.default\">\n\t\t\t\t\t\t\t\t\t\t\t\t\t\t\t<img decoding=\"async\" width=\"740\" height=\"416\" src=\"https:\/\/careerescapes.com\/wp-content\/uploads\/2025\/08\/large.jpg\" class=\"attachment-large size-large wp-image-2219\" alt=\"\" srcset=\"https:\/\/careerescapes.com\/wp-content\/uploads\/2025\/08\/large.jpg 960w, https:\/\/careerescapes.com\/wp-content\/uploads\/2025\/08\/large-300x169.jpg 300w, https:\/\/careerescapes.com\/wp-content\/uploads\/2025\/08\/large-768x432.jpg 768w\" sizes=\"(max-width: 740px) 100vw, 740px\" \/>\t\t\t\t\t\t\t\t\t\t\t\t\t\t\t<\/div>\n\t\t\t\t<\/div>\n\t\t\t\t<\/div>\n\t\t\t\t<div class=\"elementor-element elementor-element-9e7dfe8 elementor-widget elementor-widget-text-editor\" data-id=\"9e7dfe8\" data-element_type=\"widget\" data-e-type=\"widget\" data-widget_type=\"text-editor.default\">\n\t\t\t\t\t\t\t\t\t<h3> Bewerbung Verfahren (Schritt f\u00fcr Schritt)<\/h3><div> <\/div><ol data-start=\"2740\" data-end=\"3100\"><li data-start=\"2740\" data-end=\"2786\"><p data-start=\"2743\" data-end=\"2786\"><strong data-start=\"2743\" data-end=\"2767\">Kostenlose Beratung<\/strong> und Zielanalyse<\/p><\/li><li data-start=\"2787\" data-end=\"2860\"><p data-start=\"2790\" data-end=\"2860\"><strong data-start=\"2790\" data-end=\"2816\">Niveaubewertung<\/strong> (Pr\u00fcfung vorhandener Zertifikate, falls vorhanden)<\/p><\/li><li data-start=\"2861\" data-end=\"2902\"><p data-start=\"2864\" data-end=\"2902\"><strong data-start=\"2864\" data-end=\"2890\">Auswahl der Schule und des Programms<\/strong>, Vorabzulassung<\/p><\/li><li data-start=\"2903\" data-end=\"2943\"><p data-start=\"2906\" data-end=\"2943\"><strong data-start=\"2906\" data-end=\"2928\">Die Registrierungsunterlagen<\/strong> vollst\u00e4ndig ausf\u00fcllen<\/p><\/li><li data-start=\"2944\" data-end=\"2984\"><p data-start=\"2947\" data-end=\"2984\">Weiterleitung f\u00fcr <strong data-start=\"2947\" data-end=\"2965\">Visumantrag<\/strong><\/p><\/li><li data-start=\"2985\" data-end=\"3031\"><p data-start=\"2988\" data-end=\"3031\"><strong data-start=\"2988\" data-end=\"3018\">Unterkunft &amp; Flug &amp; Versicherung<\/strong> Planung<\/p><\/li><li data-start=\"3032\" data-end=\"3100\"><p data-start=\"3035\" data-end=\"3100\"><strong data-start=\"3035\" data-end=\"3053\">Ankunft und Anmeldung<\/strong>: Orientierung am ersten Tag, Vorstellung der Stadt und des Campus<\/p><\/li><\/ol><h3> <\/h3><h3> H\u00e4ufig gestellte Fragen<\/h3><div> <\/div><p data-start=\"3126\" data-end=\"3301\"><strong data-start=\"3126\" data-end=\"3189\">Auf welchem Niveau kann ich in Deutschland mit dem Sprachunterricht beginnen?<\/strong><br data-start=\"3189\" data-end=\"3192\">Es gibt Klassen f\u00fcr alle Niveaustufen von A1 bis C1. Um die passende Klasse zu finden, wird ein kurzer Einstufungstest durchgef\u00fchrt. <\/p><p data-start=\"3303\" data-end=\"3455\"><strong data-start=\"3303\" data-end=\"3333\">Wie lange dauern die Programme?<\/strong><br data-start=\"3333\" data-end=\"3336\">Je nach Wunsch gibt es verschiedene Zeitr\u00e4ume von 2 Wochen bis zu 1 Jahr. Wir erstellen gemeinsam mit Ihnen einen auf Ihre Ziele abgestimmten Plan. <\/p><p data-start=\"3457\" data-end=\"3580\"><strong data-start=\"3457\" data-end=\"3480\">Unterkunft sicher ist?<\/strong><br data-start=\"3480\" data-end=\"3483\">Das h\u00e4ngt vom Ort und Zeitraum ab. Eine fr\u00fchzeitige Anmeldung verschafft Ihnen Vorteile bei der Suche nach einer geeigneten Unterkunft. <\/p><p data-start=\"3582\" data-end=\"3729\"><strong data-start=\"3582\" data-end=\"3607\">Ist eine Arbeitserlaubnis m\u00f6glich?<\/strong><\/p><p data-start=\"3582\" data-end=\"3729\">Arbeitsrechte k\u00f6nnen <strong data-start=\"3626\" data-end=\"3641\">je nach Art des Visums variieren<\/strong>. Vor der Antragstellung \u00fcberpr\u00fcfen wir die aktuellen Bedingungen gemeinsam mit Ihnen. <\/p><p data-start=\"3731\" data-end=\"3859\"><strong data-start=\"3731\" data-end=\"3778\">Zertifikat Pr\u00fcfungen vorbereiten kann ich mich?<\/strong><br data-start=\"3778\" data-end=\"3781\">Ja. Es gibt Vorbereitungskurse f\u00fcr die Pr\u00fcfungen TestDaF, telc und Goethe. <\/p><p data-start=\"3861\" data-end=\"4058\"><strong data-start=\"3861\" data-end=\"3902\">Universit\u00e4t \u00dcbergang hilfreich sein k\u00f6nnen?<\/strong><br data-start=\"3902\" data-end=\"3905\">Sprachunterricht ist ein akademisches Ziel auf dem Weg zu einer starken Sprache ein wichtiger Schritt. Notwendig Sprache Niveau erreicht haben, bieten wir Ihnen auch Beratung beim Bewerbungsprozess f\u00fcr die Universit\u00e4t an. <\/p><p data-start=\"3861\" data-end=\"4058\"> <\/p><h3 style=\"line-height: 34.8px; color: #16171a; transition-property: all;\"> Warum Biz?<\/h3><div> <\/div><ul data-start=\"4074\" data-end=\"4386\"><li data-start=\"4074\" data-end=\"4152\"><p style=\"transition-property: all;\" data-start=\"4076\" data-end=\"4152\"><span style=\"font-weight: bolder;\" data-start=\"4076\" data-end=\"4100\">Individuelle Planung<\/span>: Ein klarer Fahrplan entsprechend Ihren Zielen, Ihrem Budget und Ihrem Zeitplan<\/p><\/li><li data-start=\"4153\" data-end=\"4236\"><p style=\"transition-property: all;\" data-start=\"4155\" data-end=\"4236\"><span style=\"font-weight: bolder;\" data-start=\"4155\" data-end=\"4180\">Transparente Prozesssteuerung<\/span>: Offene Kommunikation und regelm\u00e4\u00dfige Information in allen Phasen<\/p><\/li><li data-start=\"4237\" data-end=\"4299\"><p style=\"transition-property: all;\" data-start=\"4239\" data-end=\"4299\"><span style=\"font-weight: bolder;\" data-start=\"4239\" data-end=\"4256\">Erfahrung und Netzwerk<\/span>: Zahlreiche St\u00e4dte und Programmoptionen<\/p><\/li><li data-start=\"4300\" data-end=\"4386\"><p style=\"transition-property: all;\" data-start=\"4302\" data-end=\"4386\"><span style=\"font-weight: bolder;\" data-start=\"4302\" data-end=\"4326\">Unterst\u00fctzung nach der Ankunft<\/span>: Ein Team, das Sie nicht nur bei der Registrierung unterst\u00fctzt, sondern Ihnen w\u00e4hrend des gesamten Prozesses zur Seite steht.<\/p><\/li><\/ul><h3 style=\"line-height: 34.8px; color: #16171a; transition-property: all;\"> <\/h3><h3 style=\"line-height: 34.8px; color: #16171a; transition-property: all;\"> Registrieren \/ Angebot einholen<\/h3><div> <\/div><p style=\"transition-property: all;\" data-start=\"4412\" data-end=\"4569\">Lassen Sie uns gemeinsam die Sprachschuloptionen in Deutschland entsprechend Ihrem Profil zusammenstellen. <span style=\"font-weight: bolder;\" data-start=\"4494\" data-end=\"4518\">F\u00fcllen Sie das Schnellformular aus<\/span>, unsere Berater werden sich so schnell wie m\u00f6glich bei Ihnen melden.<\/p><p style=\"transition-property: all;\" data-start=\"4412\" data-end=\"4569\"> <\/p><p data-start=\"3861\" data-end=\"4058\"> <\/p>\t\t\t\t\t\t\t\t<\/div>\n\t\t\t\t<div class=\"elementor-element elementor-element-45b3b2e elementor-widget elementor-widget-image\" data-id=\"45b3b2e\" data-element_type=\"widget\" data-e-type=\"widget\" data-widget_type=\"image.default\">\n\t\t\t\t\t\t\t\t\t\t\t\t\t\t\t<img loading=\"lazy\" decoding=\"async\" width=\"740\" height=\"416\" src=\"https:\/\/careerescapes.com\/wp-content\/uploads\/2025\/08\/2178-1-1024x575.jpg\" class=\"attachment-large size-large wp-image-2220\" alt=\"\" srcset=\"https:\/\/careerescapes.com\/wp-content\/uploads\/2025\/08\/2178-1-1024x575.jpg 1024w, https:\/\/careerescapes.com\/wp-content\/uploads\/2025\/08\/2178-1-300x169.jpg 300w, https:\/\/careerescapes.com\/wp-content\/uploads\/2025\/08\/2178-1-768x432.jpg 768w, https:\/\/careerescapes.com\/wp-content\/uploads\/2025\/08\/2178-1-1536x863.jpg 1536w, https:\/\/careerescapes.com\/wp-content\/uploads\/2025\/08\/2178-1.jpg 1600w\" sizes=\"(max-width: 740px) 100vw, 740px\" \/>\t\t\t\t\t\t\t\t\t\t\t\t\t\t\t<\/div>\n\t\t\t\t<\/div>\n\t\t\t\t\t<\/div>\n\t\t\t\t<\/div>\n\t\t\t\t<\/div>\n\t\t","protected":false},"excerpt":{"rendered":"<p>Avustralya Dil Okullar\u0131 \u0130rlanda Dil Okullar\u0131 H\u0131zl\u0131 \u0130leti\u015fim G\u00f6nder Bu Yolculukta Yaln\u0131z De\u011filsin! Hemen Ara Sprachschule in Deutschland: Deutsch vor Ort lernen Lernen Sie Deutsch in Deutschland und erreichen Sie schnell Ihre Sprachziele und erleben Sie gleichzeitig eine unvergessliche Erfahrung im Herzen Europas. Unser erfahrenes Beraterteam unterst\u00fctzt Sie bei der Auswahl der Schule, der Bewerbung,<\/p>\n","protected":false},"author":1,"featured_media":0,"parent":0,"menu_order":0,"comment_status":"closed","ping_status":"closed","template":"elementor_header_footer","meta":{"inline_featured_image":false,"footnotes":""},"class_list":["post-2221","page","type-page","status-publish","hentry"],"_links":{"self":[{"href":"https:\/\/careerescapes.com\/de\/wp-json\/wp\/v2\/pages\/2221","targetHints":{"allow":["GET"]}}],"collection":[{"href":"https:\/\/careerescapes.com\/de\/wp-json\/wp\/v2\/pages"}],"about":[{"href":"https:\/\/careerescapes.com\/de\/wp-json\/wp\/v2\/types\/page"}],"author":[{"embeddable":true,"href":"https:\/\/careerescapes.com\/de\/wp-json\/wp\/v2\/users\/1"}],"replies":[{"embeddable":true,"href":"https:\/\/careerescapes.com\/de\/wp-json\/wp\/v2\/comments?post=2221"}],"version-history":[{"count":2,"href":"https:\/\/careerescapes.com\/de\/wp-json\/wp\/v2\/pages\/2221\/revisions"}],"predecessor-version":[{"id":2224,"href":"https:\/\/careerescapes.com\/de\/wp-json\/wp\/v2\/pages\/2221\/revisions\/2224"}],"wp:attachment":[{"href":"https:\/\/careerescapes.com\/de\/wp-json\/wp\/v2\/media?parent=2221"}],"curies":[{"name":"wp","href":"https:\/\/api.w.org\/{rel}","templated":true}]}}