{"id":2241,"date":"2025-08-21T17:14:24","date_gmt":"2025-08-21T17:14:24","guid":{"rendered":"https:\/\/careerescapes.com\/sprachschulen-in-australien\/"},"modified":"2026-02-21T13:01:54","modified_gmt":"2026-02-21T13:01:54","slug":"sprachschulen-in-australien","status":"publish","type":"page","link":"https:\/\/careerescapes.com\/de\/sprachschulen-in-australien\/","title":{"rendered":"Sprachschulen in Australien"},"content":{"rendered":"\t\t<div data-elementor-type=\"wp-page\" data-elementor-id=\"2241\" class=\"elementor elementor-2241 elementor-1605\">\n\t\t\t\t<div class=\"elementor-element elementor-element-824eec1 e-flex e-con-boxed e-con e-parent\" data-id=\"824eec1\" data-element_type=\"container\" data-e-type=\"container\">\n\t\t\t\t\t<div class=\"e-con-inner\">\n\t\t<div class=\"elementor-element elementor-element-824d966 e-con-full e-flex e-con e-child\" data-id=\"824d966\" data-element_type=\"container\" data-e-type=\"container\">\n\t\t\t\t<div class=\"elementor-element elementor-element-6385291 elementor-widget elementor-widget-visaland-service-grid-widget\" data-id=\"6385291\" data-element_type=\"widget\" data-e-type=\"widget\" data-widget_type=\"visaland-service-grid-widget.default\">\n\t\t\t\t<div class=\"elementor-widget-container\">\n\t\t\t\t\t\n\n\n\t\n\n\t\t<div class=\"service-wrapper-3\">\n\t\t\t\t\n\t\t\t<div class=\"service-box-items style-2 wow fadeInUp\" data-wow-delay=\".3s\">\n\t\t\t\t<div class=\"icon\">\n\t\t\t\t\t<i class=\" flaticon-education\"><\/i>\n\t\t\t\t<\/div>\n\t\t\t\t<div class=\"content\">\n\t\t\t\t\t<h6>\n\t\t\t\t\t\t<a href=\"\/almanya-dil-okullari\/\">Almanya Dil Okullar\u0131<\/a>\n\t\t\t\t\t<\/h6>\n\t\t\t\t<\/div>\n\t\t\t<\/div>\n\t\t\t\t\n\t\t\t<div class=\"service-box-items style-2 wow fadeInUp\" data-wow-delay=\".3s\">\n\t\t\t\t<div class=\"icon\">\n\t\t\t\t\t<i class=\" flaticon-education\"><\/i>\n\t\t\t\t<\/div>\n\t\t\t\t<div class=\"content\">\n\t\t\t\t\t<h6>\n\t\t\t\t\t\t<a href=\"\/irlanda-dil-okullari\/\">\u0130rlanda Dil Okullar\u0131<\/a>\n\t\t\t\t\t<\/h6>\n\t\t\t\t<\/div>\n\t\t\t<\/div>\n\t\t\t\t\t<\/div>\n\n\t\n\n             \n\t\t\t\t\t\t<\/div>\n\t\t\t\t<\/div>\n\t\t\t\t<div class=\"elementor-element elementor-element-ce2b6b1 elementor-widget elementor-widget-visaland-service-sidebar-widget\" data-id=\"ce2b6b1\" data-element_type=\"widget\" data-e-type=\"widget\" data-widget_type=\"visaland-service-sidebar-widget.default\">\n\t\t\t\t<div class=\"elementor-widget-container\">\n\t\t\t\t\t\n\t\n\n\t\t<div class=\"coaching-details-wrapper\">\n\t\t\t<div class=\"country-sidebar\">\n\t\t\t\t<div class=\"single-contact-form\">\n\t\t\t\t\t<h3 class=\"wid-title\">\n\t\t\t\t\t\tH\u0131zl\u0131 \u0130leti\u015fim\n\t\t\t\t\t<\/h3>\n\t\t\t\t\t\t<p class=\"wpcf7-contact-form-not-found\"><strong>Fehler:<\/strong> Kontaktformular wurde nicht gefunden.<\/p>\t\t\t\t\t<\/div>\n\n\t\t\t\t\t\t\t\t\t\t<div class=\"country-sidebar-widget\">\n\t\t\t\t\t\t<div class=\"contact-bg bg-cover\" style=\"background-image: url('https:\/\/careerescapes.com\/wp-content\/uploads\/2024\/09\/01-10.jpg');\">\n\t\t\t\t\t\t\t<h3>Bu Yolculukta<\/h3>\n\t\t\t\t\t\t\t<h2>Yaln\u0131z De\u011filsin!<\/h2>\n\n\t\t\t\t\t\t\t<a href=\"tel:+902129233220\" class=\"theme-btn bg-white\">\n\t\t\t\t\t\t\t\t<span>\n\t\t\t\t\t\t\t\tHemen Ara\t\t\t\t\t\t\t\t\t<i class=\"fas fa-chevron-right\"><\/i>\n\t\t\t\t\t\t\t\t<\/span>\n\t\t\t\t\t\t\t<\/a>\n\n\t\t\t\t\t\t<\/div>\n\t\t\t\t\t<\/div>\n\t\t\t\t\t\n\t\t\t\t\t\t\t\t\t\t\n\t\t\t\t<\/div>\n\t\t\t<\/div>\n\n\t\t\n\n\n             \n\t\t\t\t\t\t<\/div>\n\t\t\t\t<\/div>\n\t\t\t\t<\/div>\n\t\t<div class=\"elementor-element elementor-element-002540b e-con-full e-flex e-con e-child\" data-id=\"002540b\" data-element_type=\"container\" data-e-type=\"container\">\n\t\t\t\t<div class=\"elementor-element elementor-element-4cdeeca elementor-widget elementor-widget-heading\" data-id=\"4cdeeca\" data-element_type=\"widget\" data-e-type=\"widget\" data-widget_type=\"heading.default\">\n\t\t\t\t\t<h2 class=\"elementor-heading-title elementor-size-default\">AUSTRALIEN SPRACHREISEN<\/h2>\t\t\t\t<\/div>\n\t\t<div class=\"elementor-element elementor-element-d410014 e-con-full e-flex e-con e-child\" data-id=\"d410014\" data-element_type=\"container\" data-e-type=\"container\">\n\t\t<div class=\"elementor-element elementor-element-38862f2 e-flex e-con-boxed e-con e-child\" data-id=\"38862f2\" data-element_type=\"container\" data-e-type=\"container\">\n\t\t\t\t\t<div class=\"e-con-inner\">\n\t\t\t\t\t<\/div>\n\t\t\t\t<\/div>\n\t\t\t\t<\/div>\n\t\t\t\t<div class=\"elementor-element elementor-element-49c4fcd elementor-widget elementor-widget-text-editor\" data-id=\"49c4fcd\" data-element_type=\"widget\" data-e-type=\"widget\" data-widget_type=\"text-editor.default\">\n\t\t\t\t\t\t\t\t\t<p data-start=\"29\" data-end=\"291\">Australien ist mit seiner hohen Lebensqualit\u00e4t, modernen Campusse, multikulturellen Struktur und globalen Karrierem\u00f6glichkeiten eine der besten Optionen f\u00fcr einen Englischkurs. Wir sorgen daf\u00fcr, dass Sie eine reibungslose Erfahrung machen, indem wir die richtige Balance zwischen Stadt, Programm und Unterkunft f\u00fcr Ihre Bed\u00fcrfnisse finden. <\/p><p data-start=\"29\" data-end=\"291\"><br><\/p>\n<h3><img fetchpriority=\"high\" decoding=\"async\" class=\"aligncenter wp-image-1756 size-full\" src=\"https:\/\/careerescapes.com\/wp-content\/uploads\/2025\/08\/AA1ASh38.jpeg\" alt=\"\" width=\"1440\" height=\"810\" srcset=\"https:\/\/careerescapes.com\/wp-content\/uploads\/2025\/08\/AA1ASh38.jpeg 1440w, https:\/\/careerescapes.com\/wp-content\/uploads\/2025\/08\/AA1ASh38-300x169.jpeg 300w, https:\/\/careerescapes.com\/wp-content\/uploads\/2025\/08\/AA1ASh38-1024x576.jpeg 1024w, https:\/\/careerescapes.com\/wp-content\/uploads\/2025\/08\/AA1ASh38-768x432.jpeg 768w\" sizes=\"(max-width: 1440px) 100vw, 1440px\" \/><\/h3>\n<h3>&nbsp;<\/h3>\n<h3>&nbsp; &nbsp; &nbsp; &nbsp; &nbsp; &nbsp; &nbsp; &nbsp; &nbsp; &nbsp; &nbsp; &nbsp; &nbsp; &nbsp; &nbsp; &nbsp; &nbsp; &nbsp; &nbsp; &nbsp; &nbsp; &nbsp; &nbsp; &nbsp; &nbsp; &nbsp; &nbsp; &nbsp; &nbsp; &nbsp; Warum Australien?<\/h3>\n<div>&nbsp;<\/div>\n<ol>\n<li><strong data-start=\"316\" data-end=\"335\">Hochwertige Bildung<\/strong>: International akkreditierte Schulen, aktuelle Lehrpl\u00e4ne und kleine Klassen.<\/li>\n<li><strong data-start=\"424\" data-end=\"446\">F\u00fcr jedes Niveau geeignet<\/strong>: Von Anf\u00e4ngern bis Fortgeschrittenen, einschlie\u00dflich Pr\u00fcfungs- und akademischer Vorbereitung.<\/li>\n<li><strong data-start=\"529\" data-end=\"549\">Leben &amp; Sicherheit<\/strong>: Die lebenswertesten St\u00e4dte der Welt in den Listen ganz oben stehen; ordentlich, sicher, naturnah und ein Leben.<\/li>\n<li><strong data-start=\"657\" data-end=\"680\">Klima &amp; Lebensstil<\/strong>: Mildes Klima, Str\u00e4nde, Outdoor-Aktivit\u00e4ten und dynamisches Stadtleben.<\/li>\n<li><strong data-start=\"759\" data-end=\"780\">Arbeitsm\u00f6glichkeiten imk\u00e2nlar\u0131<\/strong>: Studierende Visa Bedingungen gem\u00e4\u00df als <strong data-start=\"823\" data-end=\"847\">Halbzeit Teilzeit Arbeit<\/strong> Recht haben k\u00f6nnen.<\/li>\n<li><strong data-start=\"876\" data-end=\"894\">Auswirkungen auf die Karriere<\/strong>: Flie\u00dfende Kommunikation, internationales Netzwerk und fundierte globale Erfahrung im Lebenslauf.<\/li>\n<\/ol>\n<h3>&nbsp;<\/h3>\n<h3>&nbsp; &nbsp; &nbsp; &nbsp; &nbsp; &nbsp; &nbsp; &nbsp; &nbsp; &nbsp; &nbsp; &nbsp; &nbsp; &nbsp; &nbsp; &nbsp; &nbsp; &nbsp; &nbsp; &nbsp; &nbsp; &nbsp; &nbsp; &nbsp; &nbsp; &nbsp; &nbsp; &nbsp; Welche Stadt gef\u00e4llt Ihnen?<\/h3>\n<div>&nbsp;<\/div>\n<ol>\n<li data-start=\"991\" data-end=\"1068\">\n<p data-start=\"993\" data-end=\"1068\"><strong data-start=\"993\" data-end=\"1003\">Sydney<\/strong>: Kosmopolitische Atmosph\u00e4re, starkes Gesch\u00e4ftsnetzwerk, Str\u00e4nde und Wahrzeichen.<\/p>\n<\/li>\n<li data-start=\"1069\" data-end=\"1155\">\n<p data-start=\"1071\" data-end=\"1155\"><strong data-start=\"1071\" data-end=\"1084\">Melbourne<\/strong>: Kunst, Caf\u00e9-Kultur und Kreativit\u00e4t; \u00f6ffentliche Verkehrsmittel und Festivals.<\/p>\n<\/li>\n<li data-start=\"1156\" data-end=\"1225\">\n<p data-start=\"1158\" data-end=\"1225\"><strong data-start=\"1158\" data-end=\"1170\">Brisbane<\/strong>: Warmes Klima, ruhiges Leben Tempo, moderne Campus.<\/p>\n<\/li>\n<li data-start=\"1226\" data-end=\"1307\">\n<p data-start=\"1228\" data-end=\"1307\"><strong data-start=\"1228\" data-end=\"1237\">Perth<\/strong>: Natur, Meer und Sonnenunterg\u00e4nge; ein ruhigeres Gro\u00dfstadterlebnis.<\/p>\n<\/li>\n<li data-start=\"1308\" data-end=\"1375\">\n<p data-start=\"1310\" data-end=\"1375\"><strong data-start=\"1310\" data-end=\"1324\">Gold Coast<\/strong>: Studentenleben mit Surfen, Sonne und Resort-Atmosph\u00e4re.<\/p>\n<\/li>\n<li data-start=\"1376\" data-end=\"1441\">\n<p data-start=\"1378\" data-end=\"1441\"><strong data-start=\"1378\" data-end=\"1390\">Adelaide<\/strong>: Budgetfreundlich, \u00fcbersichtlicher Stadtplan, kurze Wege.<\/p>\n<\/li>\n<\/ol>\n<h3>&nbsp;<\/h3>\n<h3>&nbsp; &nbsp; &nbsp; &nbsp; &nbsp; &nbsp; &nbsp; &nbsp; &nbsp; &nbsp; &nbsp; &nbsp; &nbsp; &nbsp; &nbsp; &nbsp; &nbsp; &nbsp; &nbsp; &nbsp; &nbsp; &nbsp; &nbsp; &nbsp; &nbsp; &nbsp; &nbsp; &nbsp; &nbsp;Programm Optionen<\/h3>\n<div>&nbsp;<\/div>\n<ol>\n<li data-start=\"1466\" data-end=\"1518\">\n<p data-start=\"1468\" data-end=\"1518\"><strong data-start=\"1468\" data-end=\"1487\">Allgemein Englisch<\/strong> (kommunikationsorientiert fokussierte Alltagssprache)<\/p>\n<\/li>\n<li data-start=\"1519\" data-end=\"1586\">\n<p data-start=\"1521\" data-end=\"1586\"><strong data-start=\"1521\" data-end=\"1540\">Intensiv Englisch<\/strong> (f\u00fcr schnelleres Fortschreiten zus\u00e4tzliche Unterrichtsstunden)<\/p>\n<\/li>\n<li data-start=\"1587\" data-end=\"1650\">\n<p data-start=\"1589\" data-end=\"1650\"><strong data-start=\"1589\" data-end=\"1611\">Akademisch Englisch<\/strong> (Vorbereitung auf den \u00dcbergang zum College\/zur Universit\u00e4t)<\/p>\n<\/li>\n<li data-start=\"1651\" data-end=\"1696\">\n<p data-start=\"1653\" data-end=\"1696\"><strong data-start=\"1653\" data-end=\"1671\">Pr\u00fcfungsvorbereitung<\/strong> (IELTS, Cambridge usw.)<\/p>\n<\/li>\n<li data-start=\"1697\" data-end=\"1753\">\n<p data-start=\"1699\" data-end=\"1753\"><strong data-start=\"1699\" data-end=\"1717\">Business English<\/strong> (mit Schwerpunkt auf Besprechungen, Pr\u00e4sentationen und Korrespondenz)<\/p>\n<\/li>\n<li data-start=\"1754\" data-end=\"1812\">\n<p data-start=\"1756\" data-end=\"1812\"><strong data-start=\"1756\" data-end=\"1785\">Pathway\/\u00dcbergangsprogramme<\/strong> (bedingte Zulassung, Vorbereitung)<\/p>\n<\/li>\n<li data-start=\"1813\" data-end=\"1888\">\n<p data-start=\"1815\" data-end=\"1888\"><strong data-start=\"1815\" data-end=\"1862\">+18 \/ +30 Gruppen &amp; kurze Zeitr\u00e4ume Optionen<\/strong> (kombinierbar mit Urlaub)<\/p>\n<\/li>\n<li><strong data-start=\"1892\" data-end=\"1924\">Unterrichtsstruktur (allgemeiner Rahmen):<\/strong> Durchschnittlich 15\u201325 Unterrichtsstunden pro Woche; Optionen f\u00fcr vormittags\/nachmittags, flexible Starttermine jeden Montag und Einstufungstest f\u00fcr die dem Niveau entsprechenden Klassen.<\/li>\n<\/ol>\n<p><img decoding=\"async\" class=\"wp-image-1760 size-full\" src=\"https:\/\/careerescapes.com\/wp-content\/uploads\/2025\/08\/methode_times_prod_web_bin_02965d1b-0b54-41ba-b9c1-78de5536f113-scaled.jpg\" alt=\"\" width=\"2560\" height=\"1707\" srcset=\"https:\/\/careerescapes.com\/wp-content\/uploads\/2025\/08\/methode_times_prod_web_bin_02965d1b-0b54-41ba-b9c1-78de5536f113-scaled.jpg 2560w, https:\/\/careerescapes.com\/wp-content\/uploads\/2025\/08\/methode_times_prod_web_bin_02965d1b-0b54-41ba-b9c1-78de5536f113-300x200.jpg 300w, https:\/\/careerescapes.com\/wp-content\/uploads\/2025\/08\/methode_times_prod_web_bin_02965d1b-0b54-41ba-b9c1-78de5536f113-1024x683.jpg 1024w, https:\/\/careerescapes.com\/wp-content\/uploads\/2025\/08\/methode_times_prod_web_bin_02965d1b-0b54-41ba-b9c1-78de5536f113-768x512.jpg 768w, https:\/\/careerescapes.com\/wp-content\/uploads\/2025\/08\/methode_times_prod_web_bin_02965d1b-0b54-41ba-b9c1-78de5536f113-1536x1024.jpg 1536w, https:\/\/careerescapes.com\/wp-content\/uploads\/2025\/08\/methode_times_prod_web_bin_02965d1b-0b54-41ba-b9c1-78de5536f113-2048x1365.jpg 2048w\" sizes=\"(max-width: 2560px) 100vw, 2560px\" \/><\/p>\n<h3>&nbsp; &nbsp; &nbsp; &nbsp; &nbsp;<\/h3>\n<h3>&nbsp; &nbsp; &nbsp; &nbsp; &nbsp; &nbsp; &nbsp; &nbsp; &nbsp; &nbsp; &nbsp; &nbsp; &nbsp; &nbsp; &nbsp; &nbsp; &nbsp; &nbsp; &nbsp; &nbsp; &nbsp; &nbsp; Unterkunftsm\u00f6glichkeiten<\/h3>\n<div>&nbsp;<\/div>\n<ol>\n<li data-start=\"2121\" data-end=\"2224\">\n<p data-start=\"2123\" data-end=\"2224\"><strong data-start=\"2123\" data-end=\"2147\">Gastfamilie (Homestay)<\/strong>: Erleben Sie die lokale Kultur; Pakete inklusive Fr\u00fchst\u00fcck\/Abendessen sind verf\u00fcgbar.<\/p>\n<\/li>\n<li data-start=\"2225\" data-end=\"2304\">\n<p data-start=\"2227\" data-end=\"2304\"><strong data-start=\"2227\" data-end=\"2251\">Studentenwohnheime<\/strong>: Moderne Wohnheime in der N\u00e4he der Schule mit Gemeinschaftsr\u00e4umen.<\/p>\n<\/li>\n<li data-start=\"2305\" data-end=\"2361\">\n<p data-start=\"2307\" data-end=\"2361\"><strong data-start=\"2307\" data-end=\"2327\">Gemeinschaftlich Wohnung<\/strong>: Budget freundlich und unabh\u00e4ngig Wohnen.<\/p>\n<\/li>\n<li>Wir schaffen ein Gleichgewicht zwischen <strong data-start=\"2385\" data-end=\"2421\">Entfernung zur Schule \u2013 Budget \u2013 Verpflegungsplan<\/strong> entsprechend Ihren Bed\u00fcrfnissen.<\/li>\n<\/ol>\n<h3>&nbsp;<\/h3>\n<h3>&nbsp; &nbsp; &nbsp; &nbsp; &nbsp; &nbsp; &nbsp; &nbsp; &nbsp; &nbsp; &nbsp; &nbsp; &nbsp; &nbsp; &nbsp; &nbsp; &nbsp; &nbsp; &nbsp; &nbsp; &nbsp; &nbsp;Visum und Arbeitsbedingungen<\/h3>\n<div>&nbsp;<\/div>\n<ul data-start=\"2469\" data-end=\"2795\">\n<li data-start=\"2469\" data-end=\"2575\">\n<p data-start=\"2471\" data-end=\"2575\">Unterst\u00fctzung bei der Registrierung, der Zulassungsbescheinigung, der Krankenversicherung, den Finanzunterlagen und dem Visumantrag.<\/p>\n<\/li>\n<li data-start=\"2576\" data-end=\"2687\">\n<p data-start=\"2578\" data-end=\"2687\">Studierende k\u00f6nnen je nach g\u00fcltiger Visumkategorie das Recht haben, <strong data-start=\"2623\" data-end=\"2653\">zu bestimmten Zeiten pro Woche<\/strong> zu arbeiten.<\/p>\n<\/li>\n<li data-start=\"2688\" data-end=\"2795\">\n<p data-start=\"2690\" data-end=\"2795\">Da sich die Regeln von Zeit zu Zeit \u00e4ndern k\u00f6nnen, <strong data-start=\"2734\" data-end=\"2794\">\u00fcberpr\u00fcfen wir gemeinsam die aktuellen Bedingungen vor der Bewerbung<\/strong>.<\/p>\n<\/li>\n<\/ul>\n<h3>&nbsp;<\/h3>\n<h3>&nbsp; &nbsp; &nbsp; &nbsp; &nbsp; &nbsp; &nbsp; &nbsp; &nbsp; &nbsp; &nbsp; &nbsp; &nbsp; &nbsp; &nbsp; &nbsp; &nbsp; &nbsp; &nbsp; &nbsp; &nbsp; &nbsp; &nbsp;Kosten &amp; Kampagnen<\/h3>\n<div>&nbsp;<\/div>\n<ul data-start=\"2825\" data-end=\"3088\">\n<li data-start=\"2825\" data-end=\"2907\">\n<p data-start=\"2827\" data-end=\"2907\">Geb\u00fchren; <strong data-start=\"2837\" data-end=\"2891\">Stadt, Programm Intensit\u00e4t, Dauer und Art der Unterkunft Typ<\/strong> variieren.<\/p>\n<\/li>\n<li data-start=\"2908\" data-end=\"2999\">\n<p data-start=\"2910\" data-end=\"2999\">Wir erstellen den <strong data-start=\"2960\" data-end=\"2978\">g\u00fcnstigsten Budgetplan<\/strong>, indem wir saisonale <strong data-start=\"2919\" data-end=\"2946\">Kampagnen und Rabatte<\/strong> verfolgen.<\/p>\n<\/li>\n<li data-start=\"3000\" data-end=\"3088\">\n<p data-start=\"3002\" data-end=\"3088\"><strong data-start=\"3002\" data-end=\"3020\">Ratenzahlung Zahlung<\/strong> und <strong data-start=\"3024\" data-end=\"3053\">flexible Starttermine f\u00fcr<\/strong> in Abstimmung mit der Schule sicherstellen wir a14&gt;.<\/p>\n<\/li>\n<\/ul>\n<h3>&nbsp;<\/h3>\n<h3>&nbsp; &nbsp; &nbsp; &nbsp; &nbsp; &nbsp; &nbsp; &nbsp; &nbsp; &nbsp; &nbsp; &nbsp; &nbsp; &nbsp; &nbsp; &nbsp; &nbsp; &nbsp; &nbsp; &nbsp; &nbsp; &nbsp; &nbsp; &nbsp; &nbsp; &nbsp; &nbsp;F\u00fcr wen ist es geeignet ?<\/h3>\n<div>&nbsp;<\/div>\n<ul data-start=\"3112\" data-end=\"3429\">\n<li data-start=\"3112\" data-end=\"3196\">\n<p data-start=\"3114\" data-end=\"3196\"><strong data-start=\"3114\" data-end=\"3144\">Neue Absolventen &amp; Studierende<\/strong>: Akademische Englisch oder Pr\u00fcfungsorientierte Programme.<\/p>\n<\/li>\n<li data-start=\"3197\" data-end=\"3260\">\n<p data-start=\"3199\" data-end=\"3260\"><strong data-start=\"3199\" data-end=\"3217\">Profis<\/strong>: Berufliches Englisch &amp; kurze intensive Programme.<\/p>\n<\/li>\n<li data-start=\"3261\" data-end=\"3358\">\n<p data-start=\"3263\" data-end=\"3358\"><strong data-start=\"3263\" data-end=\"3297\">Diejenigen, die eine berufliche Ver\u00e4nderung anstreben<\/strong>: Langfristige allgemeine\/intensive Programme und Pathway-Optionen.<\/p>\n<\/li>\n<li data-start=\"3359\" data-end=\"3429\">\n<p data-start=\"3361\" data-end=\"3429\"><strong data-start=\"3361\" data-end=\"3381\">Reisen + Ausbildung<\/strong>: Kurze Zeitr\u00e4ume, Sommer Semester und flexible Programme.<\/p>\n<\/li>\n<li data-start=\"3359\" data-end=\"3429\">\n<p data-start=\"3361\" data-end=\"3429\">\n<\/p><\/li>\n<li data-start=\"3359\" data-end=\"3429\">\n<p data-start=\"3361\" data-end=\"3429\">\n<\/p><\/li>\n<\/ul>\n<h3><img decoding=\"async\" class=\"aligncenter wp-image-1761 size-full\" src=\"https:\/\/careerescapes.com\/wp-content\/uploads\/2025\/08\/GettyImages-103455489cropped-scaled.avif\" alt=\"\" width=\"2560\" height=\"1707\" srcset=\"https:\/\/careerescapes.com\/wp-content\/uploads\/2025\/08\/GettyImages-103455489cropped-scaled.avif 2560w, https:\/\/careerescapes.com\/wp-content\/uploads\/2025\/08\/GettyImages-103455489cropped-300x200.avif 300w, https:\/\/careerescapes.com\/wp-content\/uploads\/2025\/08\/GettyImages-103455489cropped-1024x683.avif 1024w, https:\/\/careerescapes.com\/wp-content\/uploads\/2025\/08\/GettyImages-103455489cropped-768x512.avif 768w, https:\/\/careerescapes.com\/wp-content\/uploads\/2025\/08\/GettyImages-103455489cropped-1536x1024.avif 1536w, https:\/\/careerescapes.com\/wp-content\/uploads\/2025\/08\/GettyImages-103455489cropped-2048x1365.avif 2048w\" sizes=\"(max-width: 2560px) 100vw, 2560px\" \/><\/h3>\n<h3>&nbsp;<\/h3>\n<h3>&nbsp; &nbsp; &nbsp; &nbsp; &nbsp; &nbsp; &nbsp; &nbsp; &nbsp; &nbsp; &nbsp; &nbsp; &nbsp; &nbsp; &nbsp; &nbsp; &nbsp;Bewerbung Schritte (wie arbeiten wir ?)<\/h3>\n<div>&nbsp;<\/div>\n<ol data-start=\"3476\" data-end=\"3881\">\n<li data-start=\"3476\" data-end=\"3522\">\n<p data-start=\"3479\" data-end=\"3522\"><strong data-start=\"3479\" data-end=\"3520\">Kostenlose Beratung &amp; Stufenanalyse Analyse<\/strong><\/p>\n<\/li>\n<li data-start=\"3523\" data-end=\"3590\">\n<p data-start=\"3526\" data-end=\"3590\"><strong data-start=\"3526\" data-end=\"3553\">Stadt\u2013Programm\u2013Unterkunft<\/strong> Optionen Personalisierung<\/p>\n<\/li>\n<li data-start=\"3591\" data-end=\"3640\">\n<p data-start=\"3594\" data-end=\"3640\"><strong data-start=\"3594\" data-end=\"3611\">Registrierung &amp; Annahme<\/strong> Dokumente Erstellung<\/p>\n<\/li>\n<li data-start=\"3641\" data-end=\"3684\">\n<p data-start=\"3644\" data-end=\"3684\"><strong data-start=\"3644\" data-end=\"3672\">Zahlung &amp; Gesundheit Versicherung<\/strong> Prozesse<\/p>\n<\/li>\n<li data-start=\"3685\" data-end=\"3750\">\n<p data-start=\"3688\" data-end=\"3750\"><strong data-start=\"3688\" data-end=\"3706\">Visum Antrag<\/strong> f\u00fcr Dokumente Kontrollliste und Weiterleitung<\/p>\n<\/li>\n<li data-start=\"3751\" data-end=\"3794\">\n<p data-start=\"3754\" data-end=\"3794\"><strong data-start=\"3754\" data-end=\"3781\">Flug\u2013Empfang\u2013Unterbringung<\/strong> Planung<\/p>\n<\/li>\n<li data-start=\"3795\" data-end=\"3881\">\n<p data-start=\"3798\" data-end=\"3881\"><strong data-start=\"3798\" data-end=\"3821\">Ankunft nachher Nachverfolgung<\/strong>: Klasse\/Unterkunft Zufriedenheit, falls erforderlich \u00c4nderung Verwaltung<\/p>\n<\/li>\n<\/ol>\n<h3>&nbsp;<\/h3>\n<h3>&nbsp; &nbsp; &nbsp; &nbsp; &nbsp; &nbsp; &nbsp; &nbsp; &nbsp; &nbsp; &nbsp; &nbsp; &nbsp; &nbsp; &nbsp; &nbsp; &nbsp; &nbsp; &nbsp; &nbsp; &nbsp; &nbsp; &nbsp; &nbsp; &nbsp;H\u00e4ufig gestellte Fragen<\/h3>\n<div>&nbsp;<\/div>\n<p data-start=\"3906\" data-end=\"4076\"><strong data-start=\"3906\" data-end=\"3946\">Wie viel Zeit ben\u00f6tige ich f\u00fcr den Fortschritt ?<\/strong><br data-start=\"3946\" data-end=\"3949\">Regelm\u00e4\u00dfige Teilnahme und \u00dcbung Niveau entsprechend einige Wochen ab sichtbar Entwicklung beginnt; Ziel entsprechend Dauer planen.<\/p>\n<p data-start=\"4078\" data-end=\"4210\"><strong data-start=\"4078\" data-end=\"4100\">Kann ich arbeiten? ?<\/strong><br data-start=\"4100\" data-end=\"4103\">Das Visum h\u00e4ngt von der Art des Visums und den offiziellen Bestimmungen ab. Bei der Antragstellung \u00fcberpr\u00fcfen wir Ihre aktuellen Rechte gemeinsam mit Ihnen. <\/p>\n<p data-start=\"4212\" data-end=\"4349\"><strong data-start=\"4212\" data-end=\"4256\">Schule oder Klasse \u00e4ndern kann ich?<\/strong><br data-start=\"4256\" data-end=\"4259\">Wenn die Voraussetzungen erf\u00fcllt sind, unterst\u00fctzt Sie Ihr Berater bei einem Wechsel des Niveaus\/der Abteilung\/der Schule w\u00e4hrend des Semesters.<\/p>\n<p data-start=\"4351\" data-end=\"4464\"><strong data-start=\"4351\" data-end=\"4385\">Wenn ich mit der Unterkunft nicht zufrieden bin bleibe ich dann nicht ?<\/strong><br data-start=\"4385\" data-end=\"4388\">Zur\u00fcck mit Benachrichtigung alternativ bietet, m\u00f6glich die kurzeste L\u00f6sung in k\u00fcrzester Zeit erstellen wir.<\/p>\n<p data-start=\"4466\" data-end=\"4598\"><strong data-start=\"4466\" data-end=\"4500\">Sind R\u00fcckgaben und Aufsch\u00fcbe m\u00f6glich?<\/strong><br data-start=\"4500\" data-end=\"4503\">Die Stornierungs-\/Verschiebungsrichtlinien der Schulen variieren; wir kl\u00e4ren die Bedingungen vor der Anmeldung.<\/p>\n<h3><img loading=\"lazy\" decoding=\"async\" class=\"aligncenter wp-image-1762 size-full\" src=\"https:\/\/careerescapes.com\/wp-content\/uploads\/2025\/08\/qt1dojpt83y2cnm117rukptbec8k_shutterstock_1758890132-scaled.jpg\" alt=\"\" width=\"2560\" height=\"1707\" srcset=\"https:\/\/careerescapes.com\/wp-content\/uploads\/2025\/08\/qt1dojpt83y2cnm117rukptbec8k_shutterstock_1758890132-scaled.jpg 2560w, https:\/\/careerescapes.com\/wp-content\/uploads\/2025\/08\/qt1dojpt83y2cnm117rukptbec8k_shutterstock_1758890132-300x200.jpg 300w, https:\/\/careerescapes.com\/wp-content\/uploads\/2025\/08\/qt1dojpt83y2cnm117rukptbec8k_shutterstock_1758890132-1024x683.jpg 1024w, https:\/\/careerescapes.com\/wp-content\/uploads\/2025\/08\/qt1dojpt83y2cnm117rukptbec8k_shutterstock_1758890132-768x512.jpg 768w, https:\/\/careerescapes.com\/wp-content\/uploads\/2025\/08\/qt1dojpt83y2cnm117rukptbec8k_shutterstock_1758890132-1536x1024.jpg 1536w, https:\/\/careerescapes.com\/wp-content\/uploads\/2025\/08\/qt1dojpt83y2cnm117rukptbec8k_shutterstock_1758890132-2048x1365.jpg 2048w\" sizes=\"(max-width: 2560px) 100vw, 2560px\" \/><\/h3>\n<h3>&nbsp;<\/h3>\n<h3>&nbsp; &nbsp; &nbsp; &nbsp; &nbsp; &nbsp; &nbsp; &nbsp; &nbsp; &nbsp; &nbsp; &nbsp; &nbsp; &nbsp; &nbsp; &nbsp; &nbsp; &nbsp; &nbsp; &nbsp; &nbsp; &nbsp; &nbsp; &nbsp; &nbsp; &nbsp; &nbsp; &nbsp; &nbsp; &nbsp; &nbsp; &nbsp; Warum wir?<br><\/h3>\n<div>&nbsp;<\/div>\n<ol>\n<li data-start=\"4618\" data-end=\"4736\">\n<p data-start=\"4620\" data-end=\"4736\"><strong data-start=\"4620\" data-end=\"4645\">Neutrale Weiterleitung:<\/strong> Bestimmte eine Schule Name verbunden bleiben, <strong data-start=\"4686\" data-end=\"4713\">nur Ihrem Ziel entsprechende<\/strong> Optionen anbieten.<\/p>\n<\/li>\n<li data-start=\"4737\" data-end=\"4836\">\n<p data-start=\"4739\" data-end=\"4836\"><strong data-start=\"4739\" data-end=\"4759\">End-to-End-Betreuung:<\/strong> Von der Registrierung bis zum Visum, von der Unterkunft bis zur Betreuung nach der Ankunft <strong data-start=\"4818\" data-end=\"4833\">ein einziger Ansprechpartner<\/strong>.<\/p>\n<\/li>\n<li data-start=\"4837\" data-end=\"4937\">\n<p data-start=\"4839\" data-end=\"4937\"><strong data-start=\"4839\" data-end=\"4862\">Transparenter Budgetplan:<\/strong> Wir kl\u00e4ren alle Posten von Anfang an und erstellen einen Plan ohne versteckte Kosten.<\/p>\n<\/li>\n<li data-start=\"4938\" data-end=\"5039\">\n<p data-start=\"4940\" data-end=\"5039\"><strong data-start=\"4940\" data-end=\"4959\">Schnelle Kommunikation:<\/strong> WhatsApp\/Telefon\/E-Mail -E-Mail \u00fcber <strong data-start=\"4995\" data-end=\"5013\">am selben Tag Antwort<\/strong> und regelm\u00e4\u00dfige Informationen.<\/p>\n<\/li>\n<li><strong data-start=\"5046\" data-end=\"5111\">Lassen Sie uns gemeinsam Ihren Plan f\u00fcr den Sprachunterricht in Australien gestalten.<\/strong><\/li>\n<li>F\u00fcllen Sie das kurze Formular aus; wir erstellen noch heute Ihren <strong data-start=\"5165\" data-end=\"5193\">pers\u00f6nlichen Bildungsplan<\/strong> entsprechend Ihren Zielen, Ihrem Zeitrahmen und Ihrem Budget.<\/li>\n<\/ol>\t\t\t\t\t\t\t\t<\/div>\n\t\t\t\t<\/div>\n\t\t\t\t\t<\/div>\n\t\t\t\t<\/div>\n\t\t\t\t<\/div>\n\t\t","protected":false},"excerpt":{"rendered":"<p>Almanya Dil Okullar\u0131 \u0130rlanda Dil Okullar\u0131 H\u0131zl\u0131 \u0130leti\u015fim G\u00f6nder Bu Yolculukta Yaln\u0131z De\u011filsin! Hemen Ara AUSTRALIEN SPRACHREISEN Australien ist mit seiner hohen Lebensqualit\u00e4t, modernen Campusse, multikulturellen Struktur und globalen Karrierem\u00f6glichkeiten eine der besten Optionen f\u00fcr einen Englischkurs. Wir sorgen daf\u00fcr, dass Sie eine reibungslose Erfahrung machen, indem wir die richtige Balance zwischen Stadt, Programm und<\/p>\n","protected":false},"author":1,"featured_media":0,"parent":0,"menu_order":0,"comment_status":"closed","ping_status":"closed","template":"elementor_header_footer","meta":{"inline_featured_image":false,"footnotes":""},"class_list":["post-2241","page","type-page","status-publish","hentry"],"_links":{"self":[{"href":"https:\/\/careerescapes.com\/de\/wp-json\/wp\/v2\/pages\/2241","targetHints":{"allow":["GET"]}}],"collection":[{"href":"https:\/\/careerescapes.com\/de\/wp-json\/wp\/v2\/pages"}],"about":[{"href":"https:\/\/careerescapes.com\/de\/wp-json\/wp\/v2\/types\/page"}],"author":[{"embeddable":true,"href":"https:\/\/careerescapes.com\/de\/wp-json\/wp\/v2\/users\/1"}],"replies":[{"embeddable":true,"href":"https:\/\/careerescapes.com\/de\/wp-json\/wp\/v2\/comments?post=2241"}],"version-history":[{"count":2,"href":"https:\/\/careerescapes.com\/de\/wp-json\/wp\/v2\/pages\/2241\/revisions"}],"predecessor-version":[{"id":2243,"href":"https:\/\/careerescapes.com\/de\/wp-json\/wp\/v2\/pages\/2241\/revisions\/2243"}],"wp:attachment":[{"href":"https:\/\/careerescapes.com\/de\/wp-json\/wp\/v2\/media?parent=2241"}],"curies":[{"name":"wp","href":"https:\/\/api.w.org\/{rel}","templated":true}]}}