{"id":2246,"date":"2025-08-20T10:01:54","date_gmt":"2025-08-20T10:01:54","guid":{"rendered":"https:\/\/careerescapes.com\/ueber-uns\/"},"modified":"2026-02-21T13:02:44","modified_gmt":"2026-02-21T13:02:44","slug":"ueber-uns","status":"publish","type":"page","link":"https:\/\/careerescapes.com\/de\/ueber-uns\/","title":{"rendered":"\u00dcber uns"},"content":{"rendered":"\t\t<div data-elementor-type=\"wp-page\" data-elementor-id=\"2246\" class=\"elementor elementor-2246 elementor-1209\">\n\t\t\t\t<div class=\"elementor-element elementor-element-6c0213e e-flex e-con-boxed e-con e-parent\" data-id=\"6c0213e\" data-element_type=\"container\" data-e-type=\"container\">\n\t\t\t\t\t<div class=\"e-con-inner\">\n\t\t<div class=\"elementor-element elementor-element-a99e513 e-con-full e-flex e-con e-child\" data-id=\"a99e513\" data-element_type=\"container\" data-e-type=\"container\">\n\t\t\t\t<div class=\"elementor-element elementor-element-f373ec6 elementor-widget elementor-widget-visaland-image-styles-widget\" data-id=\"f373ec6\" data-element_type=\"widget\" data-e-type=\"widget\" data-widget_type=\"visaland-image-styles-widget.default\">\n\t\t\t\t<div class=\"elementor-widget-container\">\n\t\t\t\t\t\r\n\t\r\n\r\n\t<div class=\"about-wrapper\">\r\n\t\t<div class=\"about-image-items\">\r\n\t\t\t<div class=\"border-shape\">\r\n\t\t\t   \r\n\t\t\t\t<img decoding=\"async\" src=\"https:\/\/careerescapes.com\/wp-content\/uploads\/2024\/09\/border-shape.png\" alt=\"\"\/>\r\n\t\t\t\t\t\t<\/div>\r\n\t\t\t<div class=\"about-image bg-cover wow fadeInLeft\" data-wow-delay=\".3s\" style=\"background-image: url('https:\/\/careerescapes.com\/wp-content\/uploads\/2024\/09\/about-new.jpg');\">\r\n\t\t\t\t<div class=\"about-image-2 wow fadeInUp\" data-wow-delay=\".5s\">\r\n\t\t\t\t   \r\n\t\t\t\t\t<img decoding=\"async\" src=\"https:\/\/careerescapes.com\/wp-content\/uploads\/2025\/08\/Munster_Schloss_-_2014_-_6769-71_crop-scaled.jpg\" alt=\"\"\/>\r\n\t\t\t\t\t\t\t\t<\/div>\r\n\t\t\t<\/div>\r\n\t\t<\/div>\r\n\t<\/div>\r\n\r\n\t\r\n             \r\n\t\t\t\t\t\t<\/div>\n\t\t\t\t<\/div>\n\t\t\t\t<\/div>\n\t\t<div class=\"elementor-element elementor-element-d8c4970 e-con-full e-flex e-con e-child\" data-id=\"d8c4970\" data-element_type=\"container\" data-e-type=\"container\">\n\t\t\t\t<div class=\"elementor-element elementor-element-387b162 elementor-widget elementor-widget-visaland-heading-title-widget\" data-id=\"387b162\" data-element_type=\"widget\" data-e-type=\"widget\" data-widget_type=\"visaland-heading-title-widget.default\">\n\t\t\t\t<div class=\"elementor-widget-container\">\n\t\t\t\t\t\r\n\t\r\n\r\n\t<div class=\"section-title\">\r\n\t\t<span class=\"wow fadeInUp\">HAKKIMIZDA<\/span>\r\n\t\t<h2 class=\"title-anim\">\r\n\t\t\tCAREER ESCAPES:<br>\nKariyerinize A\u00e7\u0131lan Kap\u0131\t\t<\/h2>\r\n\t<\/div>\r\n\r\n\t\r\n             \r\n\t\t\t\t\t\t<\/div>\n\t\t\t\t<\/div>\n\t\t\t\t<div class=\"elementor-element elementor-element-a6f4f08 elementor-widget elementor-widget-text-editor\" data-id=\"a6f4f08\" data-element_type=\"widget\" data-e-type=\"widget\" data-widget_type=\"text-editor.default\">\n\t\t\t\t\t\t\t\t\t<p> <\/p><p><strong>Wir bei Career Escapes sind ein Beratungsunternehmen f\u00fcr Auslandsstudien, das gegr\u00fcndet wurde, um Studenten die M\u00f6glichkeit zu bieten, ihre Traumausbildung zu absolvieren. Seit unserer Gr\u00fcndung vermitteln wir unseren Studenten renommierte Universit\u00e4ten, Sprachschulen und Arbeitsm\u00f6glichkeiten auf der ganzen Welt. Mit unseren Beratungsdienstleistungen helfen wir ihnen, einen starken Start in ihre Karriere zu machen, und tragen so zu ihrem zuk\u00fcnftigen Erfolg bei.  <\/strong><\/p>\t\t\t\t\t\t\t\t<\/div>\n\t\t\t\t<div class=\"elementor-element elementor-element-4a5ee93 elementor-icon-list--layout-traditional elementor-list-item-link-full_width elementor-widget elementor-widget-icon-list\" data-id=\"4a5ee93\" data-element_type=\"widget\" data-e-type=\"widget\" data-widget_type=\"icon-list.default\">\n\t\t\t\t\t\t\t<ul class=\"elementor-icon-list-items\">\n\t\t\t\t\t\t\t<li class=\"elementor-icon-list-item\">\n\t\t\t\t\t\t\t\t\t\t\t<span class=\"elementor-icon-list-icon\">\n\t\t\t\t\t\t\t<svg aria-hidden=\"true\" class=\"e-font-icon-svg e-fas-check\" viewBox=\"0 0 512 512\" xmlns=\"http:\/\/www.w3.org\/2000\/svg\"><path d=\"M173.898 439.404l-166.4-166.4c-9.997-9.997-9.997-26.206 0-36.204l36.203-36.204c9.997-9.998 26.207-9.998 36.204 0L192 312.69 432.095 72.596c9.997-9.997 26.207-9.997 36.204 0l36.203 36.204c9.997 9.997 9.997 26.206 0 36.204l-294.4 294.401c-9.998 9.997-26.207 9.997-36.204-.001z\"><\/path><\/svg>\t\t\t\t\t\t<\/span>\n\t\t\t\t\t\t\t\t\t\t<span class=\"elementor-icon-list-text\">Studieren im Ausland<\/span>\n\t\t\t\t\t\t\t\t\t<\/li>\n\t\t\t\t\t\t\t\t<li class=\"elementor-icon-list-item\">\n\t\t\t\t\t\t\t\t\t\t\t<span class=\"elementor-icon-list-icon\">\n\t\t\t\t\t\t\t<svg aria-hidden=\"true\" class=\"e-font-icon-svg e-fas-check\" viewBox=\"0 0 512 512\" xmlns=\"http:\/\/www.w3.org\/2000\/svg\"><path d=\"M173.898 439.404l-166.4-166.4c-9.997-9.997-9.997-26.206 0-36.204l36.203-36.204c9.997-9.998 26.207-9.998 36.204 0L192 312.69 432.095 72.596c9.997-9.997 26.207-9.997 36.204 0l36.203 36.204c9.997 9.997 9.997 26.206 0 36.204l-294.4 294.401c-9.998 9.997-26.207 9.997-36.204-.001z\"><\/path><\/svg>\t\t\t\t\t\t<\/span>\n\t\t\t\t\t\t\t\t\t\t<span class=\"elementor-icon-list-text\">Sprachschulen im Ausland<\/span>\n\t\t\t\t\t\t\t\t\t<\/li>\n\t\t\t\t\t\t\t\t<li class=\"elementor-icon-list-item\">\n\t\t\t\t\t\t\t\t\t\t\t<span class=\"elementor-icon-list-icon\">\n\t\t\t\t\t\t\t<svg aria-hidden=\"true\" class=\"e-font-icon-svg e-fas-check\" viewBox=\"0 0 512 512\" xmlns=\"http:\/\/www.w3.org\/2000\/svg\"><path d=\"M173.898 439.404l-166.4-166.4c-9.997-9.997-9.997-26.206 0-36.204l36.203-36.204c9.997-9.998 26.207-9.998 36.204 0L192 312.69 432.095 72.596c9.997-9.997 26.207-9.997 36.204 0l36.203 36.204c9.997 9.997 9.997 26.206 0 36.204l-294.4 294.401c-9.998 9.997-26.207 9.997-36.204-.001z\"><\/path><\/svg>\t\t\t\t\t\t<\/span>\n\t\t\t\t\t\t\t\t\t\t<span class=\"elementor-icon-list-text\">Ferienbesch\u00e4ftigungsprogramm in Deutschland<\/span>\n\t\t\t\t\t\t\t\t\t<\/li>\n\t\t\t\t\t\t<\/ul>\n\t\t\t\t\t\t<\/div>\n\t\t<div class=\"elementor-element elementor-element-b9646b0 e-con-full e-flex e-con e-child\" data-id=\"b9646b0\" data-element_type=\"container\" data-e-type=\"container\">\n\t\t\t\t<div class=\"elementor-element elementor-element-ebda783 elementor-widget elementor-widget-visaland-theme-button-widget\" data-id=\"ebda783\" data-element_type=\"widget\" data-e-type=\"widget\" data-widget_type=\"visaland-theme-button-widget.default\">\n\t\t\t\t<div class=\"elementor-widget-container\">\n\t\t\t\t\t\n\t\n\n\t<div class=\"about-button wow fadeInUp\" data-wow-delay=\".8s\">\n\t\t<a href=\"\/yurt-disi-universite-egitimi\/\" class=\"theme-btn\">\n\t\t\t<span>\n\t\t\tT\u00fcm Hizmetlerimiz\t\t\t\t<i class=\"fas fa-chevron-right\"><\/i>\n\t\t\t<\/span>\n\t\t<\/a>\n\t<\/div>\n\n\t\n\n             \n\t\t\t\t\t\t<\/div>\n\t\t\t\t<\/div>\n\t\t\t\t<\/div>\n\t\t\t\t<\/div>\n\t\t\t\t\t<\/div>\n\t\t\t\t<\/div>\n\t\t<div class=\"elementor-element elementor-element-818b736 e-flex e-con-boxed e-con e-parent\" data-id=\"818b736\" data-element_type=\"container\" data-e-type=\"container\">\n\t\t\t\t\t<div class=\"e-con-inner\">\n\t\t<div class=\"elementor-element elementor-element-0ff76f0 e-con-full e-flex e-con e-child\" data-id=\"0ff76f0\" data-element_type=\"container\" data-e-type=\"container\">\n\t\t\t\t<div class=\"elementor-element elementor-element-dcb1119 elementor-widget elementor-widget-visaland-heading-title-widget\" data-id=\"dcb1119\" data-element_type=\"widget\" data-e-type=\"widget\" data-widget_type=\"visaland-heading-title-widget.default\">\n\t\t\t\t<div class=\"elementor-widget-container\">\n\t\t\t\t\t\r\n\t\r\n\r\n\t<div class=\"section-title\">\r\n\t\t<span class=\"wow fadeInUp\">HAKKIMIZDA<\/span>\r\n\t\t<h2 class=\"title-anim\">\r\n\t\t\tYurt D\u0131\u015f\u0131 \u00dcniversite E\u011fitiminizde Yan\u0131n\u0131zday\u0131z!\t\t<\/h2>\r\n\t<\/div>\r\n\r\n\t\r\n             \r\n\t\t\t\t\t\t<\/div>\n\t\t\t\t<\/div>\n\t\t\t\t<div class=\"elementor-element elementor-element-3b40a3d elementor-widget elementor-widget-text-editor\" data-id=\"3b40a3d\" data-element_type=\"widget\" data-e-type=\"widget\" data-widget_type=\"text-editor.default\">\n\t\t\t\t\t\t\t\t\t<p> <\/p><p><strong>Im Bildungsbereich bieten wir umfassende Beratungsdienstleistungen f\u00fcr Bachelor- und Masterstudieng\u00e4nge in L\u00e4ndern wie Ungarn, Italien und Polen an. Die Universit\u00e4ten in diesen L\u00e4ndern geh\u00f6ren zu den traditionsreichsten und qualitativ hochwertigsten Bildungseinrichtungen Europas und bieten unseren Studierenden Bildungsm\u00f6glichkeiten auf Weltniveau. Wir begleiten unsere Studierenden sowohl beim Bewerbungsprozess als auch bei der Verwaltung der Zulassungsverfahren. Dar\u00fcber hinaus bieten wir ihnen umfassende Unterst\u00fctzung bei der Suche nach einer Unterkunft und der Eingew\u00f6hnung.   <br><\/strong><\/p>\t\t\t\t\t\t\t\t<\/div>\n\t\t\t\t<div class=\"elementor-element elementor-element-c0bb7e4 elementor-icon-list--layout-traditional elementor-list-item-link-full_width elementor-widget elementor-widget-icon-list\" data-id=\"c0bb7e4\" data-element_type=\"widget\" data-e-type=\"widget\" data-widget_type=\"icon-list.default\">\n\t\t\t\t\t\t\t<ul class=\"elementor-icon-list-items\">\n\t\t\t\t\t\t\t<li class=\"elementor-icon-list-item\">\n\t\t\t\t\t\t\t\t\t\t\t<span class=\"elementor-icon-list-icon\">\n\t\t\t\t\t\t\t<svg aria-hidden=\"true\" class=\"e-font-icon-svg e-fas-check\" viewBox=\"0 0 512 512\" xmlns=\"http:\/\/www.w3.org\/2000\/svg\"><path d=\"M173.898 439.404l-166.4-166.4c-9.997-9.997-9.997-26.206 0-36.204l36.203-36.204c9.997-9.998 26.207-9.998 36.204 0L192 312.69 432.095 72.596c9.997-9.997 26.207-9.997 36.204 0l36.203 36.204c9.997 9.997 9.997 26.206 0 36.204l-294.4 294.401c-9.998 9.997-26.207 9.997-36.204-.001z\"><\/path><\/svg>\t\t\t\t\t\t<\/span>\n\t\t\t\t\t\t\t\t\t\t<span class=\"elementor-icon-list-text\">Studieren im Ausland<\/span>\n\t\t\t\t\t\t\t\t\t<\/li>\n\t\t\t\t\t\t\t\t<li class=\"elementor-icon-list-item\">\n\t\t\t\t\t\t\t\t\t\t\t<span class=\"elementor-icon-list-icon\">\n\t\t\t\t\t\t\t<svg aria-hidden=\"true\" class=\"e-font-icon-svg e-fas-check\" viewBox=\"0 0 512 512\" xmlns=\"http:\/\/www.w3.org\/2000\/svg\"><path d=\"M173.898 439.404l-166.4-166.4c-9.997-9.997-9.997-26.206 0-36.204l36.203-36.204c9.997-9.998 26.207-9.998 36.204 0L192 312.69 432.095 72.596c9.997-9.997 26.207-9.997 36.204 0l36.203 36.204c9.997 9.997 9.997 26.206 0 36.204l-294.4 294.401c-9.998 9.997-26.207 9.997-36.204-.001z\"><\/path><\/svg>\t\t\t\t\t\t<\/span>\n\t\t\t\t\t\t\t\t\t\t<span class=\"elementor-icon-list-text\">Sprachschulen im Ausland<\/span>\n\t\t\t\t\t\t\t\t\t<\/li>\n\t\t\t\t\t\t\t\t<li class=\"elementor-icon-list-item\">\n\t\t\t\t\t\t\t\t\t\t\t<span class=\"elementor-icon-list-icon\">\n\t\t\t\t\t\t\t<svg aria-hidden=\"true\" class=\"e-font-icon-svg e-fas-check\" viewBox=\"0 0 512 512\" xmlns=\"http:\/\/www.w3.org\/2000\/svg\"><path d=\"M173.898 439.404l-166.4-166.4c-9.997-9.997-9.997-26.206 0-36.204l36.203-36.204c9.997-9.998 26.207-9.998 36.204 0L192 312.69 432.095 72.596c9.997-9.997 26.207-9.997 36.204 0l36.203 36.204c9.997 9.997 9.997 26.206 0 36.204l-294.4 294.401c-9.998 9.997-26.207 9.997-36.204-.001z\"><\/path><\/svg>\t\t\t\t\t\t<\/span>\n\t\t\t\t\t\t\t\t\t\t<span class=\"elementor-icon-list-text\">Ferienbesch\u00e4ftigungsprogramm in Deutschland<\/span>\n\t\t\t\t\t\t\t\t\t<\/li>\n\t\t\t\t\t\t<\/ul>\n\t\t\t\t\t\t<\/div>\n\t\t\t\t<\/div>\n\t\t<div class=\"elementor-element elementor-element-93854bd e-con-full e-flex e-con e-child\" data-id=\"93854bd\" data-element_type=\"container\" data-e-type=\"container\">\n\t\t\t\t<div class=\"elementor-element elementor-element-19b9861 elementor-widget elementor-widget-visaland-image-styles-widget\" data-id=\"19b9861\" data-element_type=\"widget\" data-e-type=\"widget\" data-widget_type=\"visaland-image-styles-widget.default\">\n\t\t\t\t<div class=\"elementor-widget-container\">\n\t\t\t\t\t\r\n\t\r\n\r\n\t<div class=\"about-wrapper\">\r\n\t\t<div class=\"about-image-items\">\r\n\t\t\t<div class=\"border-shape\">\r\n\t\t\t   \r\n\t\t\t\t<img decoding=\"async\" src=\"https:\/\/careerescapes.com\/wp-content\/uploads\/2024\/09\/border-shape.png\" alt=\"\"\/>\r\n\t\t\t\t\t\t<\/div>\r\n\t\t\t<div class=\"about-image bg-cover wow fadeInLeft\" data-wow-delay=\".3s\" style=\"background-image: url('https:\/\/careerescapes.com\/wp-content\/uploads\/2025\/08\/tapeta-atrakcja-turystyczna-fanad-head-lighthouse-w-irlandii.jpg');\">\r\n\t\t\t\t<div class=\"about-image-2 wow fadeInUp\" data-wow-delay=\".5s\">\r\n\t\t\t\t   \r\n\t\t\t\t\t<img decoding=\"async\" src=\"https:\/\/careerescapes.com\/wp-content\/uploads\/2024\/09\/about-2.jpg\" alt=\"\"\/>\r\n\t\t\t\t\t\t\t\t<\/div>\r\n\t\t\t<\/div>\r\n\t\t<\/div>\r\n\t<\/div>\r\n\r\n\t\r\n             \r\n\t\t\t\t\t\t<\/div>\n\t\t\t\t<\/div>\n\t\t\t\t<\/div>\n\t\t\t\t\t<\/div>\n\t\t\t\t<\/div>\n\t\t<div class=\"elementor-element elementor-element-22a30e8 e-con-full e-flex e-con e-parent\" data-id=\"22a30e8\" data-element_type=\"container\" data-e-type=\"container\">\n\t\t\t\t<div class=\"elementor-element elementor-element-1d04a93 elementor-widget elementor-widget-visaland-banner-widget\" data-id=\"1d04a93\" data-element_type=\"widget\" data-e-type=\"widget\" data-widget_type=\"visaland-banner-widget.default\">\n\t\t\t\t<div class=\"elementor-widget-container\">\n\t\t\t\t\t\n\t\t<section class=\"hero-section hero-2 fix\">\n\t\t\t<div class=\"hero-image\">\n\t\t\t   \n\t\t\t\t<img decoding=\"async\" src=\"https:\/\/careerescapes.com\/wp-content\/uploads\/2025\/08\/Requirements-to-study-in-Germany-for-Egyptian-students-scaled-2.jpg\" alt=\"\"\/>\n\t\t\t\t\t\t<\/div>\n\t\t\t<div class=\"dot-shape\">\n\t\t\t\t\t\t<\/div>\n\t\t\t<div class=\"container\">\n\t\t\t\t<div class=\"row\">\n\t\t\t\t\t<div class=\"col-lg-6\">\n\t\t\t\t\t\t<div class=\"hero-content\">\n\t\t\t\t\t\t\t<h1 class=\"wow fadeInUp\" data-wow-delay=\".3s\">\n\t\t\t\t\t\t\t\tSummer Work Germany\t\t\t\t\t\t\t<\/h1>\n\t\t\t\t\t\t\t<p class=\"wow fadeInUp\" data-wow-delay=\".5s\">\n\t\t\t\t\t\t\t\t\u00d6zellikle Almanya\u2019da sundu\u011fumuz Summer Work Germany program\u0131, \u00f6\u011frencilerimize yaz tatili d\u00f6nemlerinde Almanya\u2019da \u00e7al\u0131\u015fma ve k\u00fclt\u00fcrel deneyim kazanma imkan\u0131 sunmaktad\u0131r. Bu program, hem maddi kazan\u00e7 sa\u011flarken hem de \u00f6\u011frencilerimizin Almanya\u2019n\u0131n dinamik i\u015f ortam\u0131nda deneyim kazanmalar\u0131n\u0131 sa\u011flar.\n\t\t\t\t\t\t\t<\/p>\n\t\t\t\t\t\t\t<div class=\"hero-button\">\n\t\t\t\t\t\t\t\t<a href=\"\/summer-work\" class=\"theme-btn hover-white wow fadeInUp\" data-wow-delay=\".3s\"><span>Bilgi Al <i class=\"fas fa-chevron-right\"><\/i><\/span><\/a>\n\t\t\t\t\t\t\t\t<a href=\"\/iletisim\" class=\"theme-btn bg-white wow fadeInUp\" data-wow-delay=\".5s\"><span>\u0130leti\u015fime Ge\u00e7  <i class=\"fas fa-chevron-right\"><\/i><\/span><\/a>\n\t\t\t\t\t\t\t<\/div>\n\t\t\t\t\t\t<\/div>\n\t\t\t\t\t<\/div>\n\t\t\t\t<\/div>\n\t\t\t<\/div>\n\t\t<\/section>\n\n             \n\t\t\t\t\t\t<\/div>\n\t\t\t\t<\/div>\n\t\t\t\t<\/div>\n\t\t<div class=\"elementor-element elementor-element-0c35a47 e-con-full e-flex e-con e-parent\" data-id=\"0c35a47\" data-element_type=\"container\" data-e-type=\"container\">\n\t\t\t\t<div class=\"elementor-element elementor-element-b476212 elementor-widget elementor-widget-visaland-heading-title-widget\" data-id=\"b476212\" data-element_type=\"widget\" data-e-type=\"widget\" data-widget_type=\"visaland-heading-title-widget.default\">\n\t\t\t\t<div class=\"elementor-widget-container\">\n\t\t\t\t\t\r\n\t\t\r\n\r\n\t<div class=\"section-title text-center\">\r\n\t\t<span class=\"wow fadeInUp\">H\u0130ZMETLER\u0130M\u0130Z<\/span>\r\n\t\t<h2 class=\"title-anim\">\r\n\t\t\tYURTDI\u015eI D\u0130L OKULLARI H\u0130ZMETLER\u0130M\u0130Z\t\t<\/h2>\r\n\t<\/div>\r\n\r\n\t\r\n             \r\n\t\t\t\t\t\t<\/div>\n\t\t\t\t<\/div>\n\t\t\t\t<div class=\"elementor-element elementor-element-bf38810 elementor-widget elementor-widget-text-editor\" data-id=\"bf38810\" data-element_type=\"widget\" data-e-type=\"widget\" data-widget_type=\"text-editor.default\">\n\t\t\t\t\t\t\t\t\t<p> <\/p><p><strong>F\u00fcr unsere Sch\u00fcler, die eine Sprache lernen m\u00f6chten, arbeiten wir mit renommierten Sprachschulen in L\u00e4ndern wie Irland und Kanada zusammen. Diese Programme bieten unseren Sch\u00fclern nicht nur die M\u00f6glichkeit, ihre Sprachkenntnisse zu verbessern, sondern auch die kulturelle Atmosph\u00e4re dieser L\u00e4nder kennenzulernen und so eine globale Perspektive zu gewinnen. Ob kurz- oder langfristig, wir bieten f\u00fcr jeden Sch\u00fcler ein Sprachprogramm, das seinen Bed\u00fcrfnissen entspricht.  <br><\/strong><\/p><p> <\/p><p><strong>Wir sind uns bewusst, dass jeder Lernende seine eigenen Ziele und Bed\u00fcrfnisse hat. Deshalb helfen wir unseren Sch\u00fclern mit unseren personalisierten Beratungsdiensten dabei, die richtigen Entscheidungen zu treffen. Wir stehen unseren Sch\u00fclern, die davon tr\u00e4umen, im Ausland zu studieren oder zu arbeiten, zur Seite und begleiten sie bei jedem Schritt.<\/strong><\/p>\t\t\t\t\t\t\t\t<\/div>\n\t\t\t\t<\/div>\n\t\t<div class=\"elementor-element elementor-element-278d51b e-con-full e-flex e-con e-parent\" data-id=\"278d51b\" data-element_type=\"container\" data-e-type=\"container\">\n\t\t\t\t<div class=\"elementor-element elementor-element-5e6cb30 elementor-widget elementor-widget-visaland-cta-box-widget\" data-id=\"5e6cb30\" data-element_type=\"widget\" data-e-type=\"widget\" data-widget_type=\"visaland-cta-box-widget.default\">\n\t\t\t\t<div class=\"elementor-widget-container\">\n\t\t\t\t\t\n\t\n\n\t\t<section class=\"cta-banner-section-4\">\n\t\t\t<div class=\"container\">\n\t\t\t\t<div class=\"cta-banner-style-1 bg-cover\" style=\"background: url('https:\/\/careerescapes.com\/wp-content\/uploads\/2024\/09\/banner1.jpg');\">\n\t\t\t\t\t<div class=\"section-title\">\n\t\t\t\t\t\t<span class=\"text-white wow fadeInUp\">\n\t\t\t\t\t\tGelece\u011finize uluslararas\u0131 bir vizyon katmak\t\t\t\t\t\t<\/span>\n\t\t\t\t\t\t<h2 class=\"text-white title-anim\">\n\t\t\t\t\t\t\tK\u00fcresel e\u011fitim d\u00fcnyas\u0131nda yerinizi almak i\u00e7in bizimle yola \u00e7\u0131kmaya haz\u0131r m\u0131s\u0131n\u0131z?\n\t\t\t\t\t\t<\/h2>\n\t\t\t\t\t<\/div>\n\t\t\t\t\t<a href=\"\/iletisim\/\" class=\"theme-btn bg-white mt-4 wow fadeInUp\" data-wow-delay=\".5s\">\n\t\t\t\t\t\t<span> \u0130leti\u015fime Ge\u00e7<\/span>\n\t\t\t\t\t<\/a>\n\t\t\t\t<\/div>\n\t\t\t<\/div>\n\t\t<\/section>\n\n\t\n             \n\t\t\t\t\t\t<\/div>\n\t\t\t\t<\/div>\n\t\t\t\t<\/div>\n\t\t\t\t<\/div>\n\t\t","protected":false},"excerpt":{"rendered":"<p>HAKKIMIZDA CAREER ESCAPES: Kariyerinize A\u00e7\u0131lan Kap\u0131 Wir bei Career Escapes sind ein Beratungsunternehmen f\u00fcr Auslandsstudien, das gegr\u00fcndet wurde, um Studenten die M\u00f6glichkeit zu bieten, ihre Traumausbildung zu absolvieren. Seit unserer Gr\u00fcndung vermitteln wir unseren Studenten renommierte Universit\u00e4ten, Sprachschulen und Arbeitsm\u00f6glichkeiten auf der ganzen Welt. Mit unseren Beratungsdienstleistungen helfen wir ihnen, einen starken Start in ihre<\/p>\n","protected":false},"author":1,"featured_media":0,"parent":0,"menu_order":0,"comment_status":"closed","ping_status":"closed","template":"elementor_header_footer","meta":{"inline_featured_image":false,"footnotes":""},"class_list":["post-2246","page","type-page","status-publish","hentry"],"_links":{"self":[{"href":"https:\/\/careerescapes.com\/de\/wp-json\/wp\/v2\/pages\/2246","targetHints":{"allow":["GET"]}}],"collection":[{"href":"https:\/\/careerescapes.com\/de\/wp-json\/wp\/v2\/pages"}],"about":[{"href":"https:\/\/careerescapes.com\/de\/wp-json\/wp\/v2\/types\/page"}],"author":[{"embeddable":true,"href":"https:\/\/careerescapes.com\/de\/wp-json\/wp\/v2\/users\/1"}],"replies":[{"embeddable":true,"href":"https:\/\/careerescapes.com\/de\/wp-json\/wp\/v2\/comments?post=2246"}],"version-history":[{"count":2,"href":"https:\/\/careerescapes.com\/de\/wp-json\/wp\/v2\/pages\/2246\/revisions"}],"predecessor-version":[{"id":2248,"href":"https:\/\/careerescapes.com\/de\/wp-json\/wp\/v2\/pages\/2246\/revisions\/2248"}],"wp:attachment":[{"href":"https:\/\/careerescapes.com\/de\/wp-json\/wp\/v2\/media?parent=2246"}],"curies":[{"name":"wp","href":"https:\/\/api.w.org\/{rel}","templated":true}]}}