{"id":2257,"date":"2025-08-21T17:15:04","date_gmt":"2025-08-21T17:15:04","guid":{"rendered":"https:\/\/careerescapes.com\/irland-sprache-schulen\/"},"modified":"2026-02-21T13:04:14","modified_gmt":"2026-02-21T13:04:14","slug":"irland-sprache-schulen","status":"publish","type":"page","link":"https:\/\/careerescapes.com\/de\/irland-sprache-schulen\/","title":{"rendered":"Irland Sprache Schulen"},"content":{"rendered":"\t\t<div data-elementor-type=\"wp-page\" data-elementor-id=\"2257\" class=\"elementor elementor-2257 elementor-1610\">\n\t\t\t\t<div class=\"elementor-element elementor-element-824eec1 e-flex e-con-boxed e-con e-parent\" data-id=\"824eec1\" data-element_type=\"container\" data-e-type=\"container\">\n\t\t\t\t\t<div class=\"e-con-inner\">\n\t\t<div class=\"elementor-element elementor-element-824d966 e-con-full e-flex e-con e-child\" data-id=\"824d966\" data-element_type=\"container\" data-e-type=\"container\">\n\t\t\t\t<div class=\"elementor-element elementor-element-6385291 elementor-widget elementor-widget-visaland-service-grid-widget\" data-id=\"6385291\" data-element_type=\"widget\" data-e-type=\"widget\" data-widget_type=\"visaland-service-grid-widget.default\">\n\t\t\t\t<div class=\"elementor-widget-container\">\n\t\t\t\t\t\n\n\n\t\n\n\t\t<div class=\"service-wrapper-3\">\n\t\t\t\t\n\t\t\t<div class=\"service-box-items style-2 wow fadeInUp\" data-wow-delay=\".3s\">\n\t\t\t\t<div class=\"icon\">\n\t\t\t\t\t<i class=\" flaticon-education\"><\/i>\n\t\t\t\t<\/div>\n\t\t\t\t<div class=\"content\">\n\t\t\t\t\t<h6>\n\t\t\t\t\t\t<a href=\"\/almanya-dil-okullari\/\">Almanya Dil Okullar\u0131<\/a>\n\t\t\t\t\t<\/h6>\n\t\t\t\t<\/div>\n\t\t\t<\/div>\n\t\t\t\t\n\t\t\t<div class=\"service-box-items style-2 wow fadeInUp\" data-wow-delay=\".3s\">\n\t\t\t\t<div class=\"icon\">\n\t\t\t\t\t<i class=\" flaticon-education\"><\/i>\n\t\t\t\t<\/div>\n\t\t\t\t<div class=\"content\">\n\t\t\t\t\t<h6>\n\t\t\t\t\t\t<a href=\"\/avustralya-dil-okullari\/\">Avustralya Dil Okullar\u0131<\/a>\n\t\t\t\t\t<\/h6>\n\t\t\t\t<\/div>\n\t\t\t<\/div>\n\t\t\t\t\t<\/div>\n\n\t\n\n             \n\t\t\t\t\t\t<\/div>\n\t\t\t\t<\/div>\n\t\t\t\t<div class=\"elementor-element elementor-element-ce2b6b1 elementor-widget elementor-widget-visaland-service-sidebar-widget\" data-id=\"ce2b6b1\" data-element_type=\"widget\" data-e-type=\"widget\" data-widget_type=\"visaland-service-sidebar-widget.default\">\n\t\t\t\t<div class=\"elementor-widget-container\">\n\t\t\t\t\t\n\t\n\n\t\t<div class=\"coaching-details-wrapper\">\n\t\t\t<div class=\"country-sidebar\">\n\t\t\t\t<div class=\"single-contact-form\">\n\t\t\t\t\t<h3 class=\"wid-title\">\n\t\t\t\t\t\tH\u0131zl\u0131 \u0130leti\u015fim\n\t\t\t\t\t<\/h3>\n\t\t\t\t\t\t<p class=\"wpcf7-contact-form-not-found\"><strong>Fehler:<\/strong> Kontaktformular wurde nicht gefunden.<\/p>\t\t\t\t\t<\/div>\n\n\t\t\t\t\t\t\t\t\t\t<div class=\"country-sidebar-widget\">\n\t\t\t\t\t\t<div class=\"contact-bg bg-cover\" style=\"background-image: url('https:\/\/careerescapes.com\/wp-content\/uploads\/2024\/09\/01-10.jpg');\">\n\t\t\t\t\t\t\t<h3>Bu Yolculukta<\/h3>\n\t\t\t\t\t\t\t<h2>Yaln\u0131z De\u011filsin!<\/h2>\n\n\t\t\t\t\t\t\t<a href=\"tel:+902129233220\" class=\"theme-btn bg-white\">\n\t\t\t\t\t\t\t\t<span>\n\t\t\t\t\t\t\t\tHemen Ara\t\t\t\t\t\t\t\t\t<i class=\"fas fa-chevron-right\"><\/i>\n\t\t\t\t\t\t\t\t<\/span>\n\t\t\t\t\t\t\t<\/a>\n\n\t\t\t\t\t\t<\/div>\n\t\t\t\t\t<\/div>\n\t\t\t\t\t\n\t\t\t\t\t\t\t\t\t\t\n\t\t\t\t<\/div>\n\t\t\t<\/div>\n\n\t\t\n\n\n             \n\t\t\t\t\t\t<\/div>\n\t\t\t\t<\/div>\n\t\t\t\t<\/div>\n\t\t<div class=\"elementor-element elementor-element-002540b e-con-full e-flex e-con e-child\" data-id=\"002540b\" data-element_type=\"container\" data-e-type=\"container\">\n\t\t\t\t<div class=\"elementor-element elementor-element-4cdeeca elementor-widget elementor-widget-heading\" data-id=\"4cdeeca\" data-element_type=\"widget\" data-e-type=\"widget\" data-widget_type=\"heading.default\">\n\t\t\t\t\t<h2 class=\"elementor-heading-title elementor-size-default\">IRLAND SPRACHE SCHULEN<\/h2>\t\t\t\t<\/div>\n\t\t\t\t<div class=\"elementor-element elementor-element-49c4fcd elementor-widget elementor-widget-text-editor\" data-id=\"49c4fcd\" data-element_type=\"widget\" data-e-type=\"widget\" data-widget_type=\"text-editor.default\">\n\t\t\t\t\t\t\t\t\t<p>Irland ist mit seinen herzlichen Menschen, sicheren St\u00e4dten, seinem technologischen \u00d6kosystem und seinem modernen Bildungsansatz einer der attraktivsten Orte in Europa, um Englisch zu lernen. Wir stimmen Stadt, Programm und Unterkunft auf Ihre Ziele ab und k\u00fcmmern uns von Anfang bis Ende um die gesamte Organisation. <\/p><p><br><\/p>\n<p><\/p>\n<h3><img fetchpriority=\"high\" decoding=\"async\" src=\"https:\/\/careerescapes.com\/wp-content\/uploads\/2025\/08\/Dublin_Ireland_Houses_Bridges_Rivers_Liffey_river_602007_4726x3174-scaled.jpg\" alt=\"\" width=\"2560\" height=\"1719\"> <span style=\"font-size: 16px;\">&nbsp; &nbsp; &nbsp; &nbsp; &nbsp; &nbsp; &nbsp; &nbsp; &nbsp; &nbsp; &nbsp; &nbsp; &nbsp; &nbsp; &nbsp; &nbsp; &nbsp; &nbsp; &nbsp; &nbsp; &nbsp; &nbsp; &nbsp; &nbsp; &nbsp; &nbsp; &nbsp; &nbsp; &nbsp; &nbsp; &nbsp; &nbsp; &nbsp; &nbsp; &nbsp; &nbsp; &nbsp; &nbsp; &nbsp; &nbsp; &nbsp; &nbsp;<\/span><\/h3>\n<h2><span style=\"color: #7a7a7a; font-family: Roboto, sans-serif; font-weight: 400; font-size: 16px;\">&nbsp; &nbsp; &nbsp; &nbsp; &nbsp; &nbsp; &nbsp; &nbsp; &nbsp; &nbsp; &nbsp; &nbsp; &nbsp; &nbsp; &nbsp; &nbsp; &nbsp; &nbsp; &nbsp; &nbsp; &nbsp; &nbsp; &nbsp; &nbsp; &nbsp; &nbsp; &nbsp; &nbsp; &nbsp; &nbsp; &nbsp; &nbsp; &nbsp; &nbsp; &nbsp; &nbsp; &nbsp; &nbsp; &nbsp; &nbsp; &nbsp;<\/span><span style=\"font-size: 24px;\">Warum Irland?<\/span><\/h2>\n<ul>\n<li>\n<p><strong>Hochwertige Bildung<\/strong>: Schulen nach internationalen Standards, kommunikationsorientierte Unterrichtseinheiten, kleine Klassen.<\/p>\n<\/li>\n<li>\n<p><strong>Freundliche Kultur<\/strong>: Dank Gastfreundschaft und aktiven Studentengemeinschaften schnelle Eingew\u00f6hnung.<\/p>\n<\/li>\n<li>\n<p>Lebendiges Arbeitsumfeld: Starke Networking-M\u00f6glichkeiten mit multinationalen Unternehmen.<\/p>\n<\/li>\n<li>\n<p><strong>Sicher &amp; geordnet Leben<\/strong>: Kompakte St\u00e4dte, starker \u00f6ffentlicher Nahverkehr, N\u00e4he zur Natur.<\/p>\n<\/li>\n<li>\n<p><strong>Arbeitsm\u00f6glichkeiten imk\u00e2nlar\u0131<\/strong>: G\u00fcltige Visa Bedingungen abh\u00e4ngig als Studenten <strong>Teilzeit Teilzeit arbeiten<\/strong> berechtigt sein k\u00f6nnen.<\/p>\n<\/li>\n<li>\n<p><strong>Auswirkungen auf die Karriere<\/strong>: Flie\u00dfendes Englisch, internationales Umfeld und fundierte Europaerfahrung im Lebenslauf.<\/p>\n<\/li>\n<\/ul>\n<h3>&nbsp;<\/h3>\n<h3>&nbsp; &nbsp; &nbsp; &nbsp; &nbsp; &nbsp; &nbsp; &nbsp; &nbsp; &nbsp; &nbsp; &nbsp; &nbsp; &nbsp; &nbsp; &nbsp; &nbsp; &nbsp; &nbsp; &nbsp; &nbsp; &nbsp; &nbsp; &nbsp; &nbsp; Welche Stadt gef\u00e4llt Ihnen?<\/h3>\n<div>&nbsp;<\/div>\n<ul>\n<li>\n<p><strong>Dublin<\/strong>: Das Land Kultur und Wirtschaftszentrum ; lebhaftes Stadtleben ; Museen und Parks.<\/p>\n<\/li>\n<li>\n<p><strong>Cork<\/strong>: Ruhiger Rhythmus, kreative Szene, herzliche Campusatmosph\u00e4re.<\/p>\n<\/li>\n<li>\n<p><strong>Galway<\/strong>: Kunst, Musik und Festivals; Atmosph\u00e4re einer K\u00fcstenstadt.<\/p>\n<\/li>\n<li>\n<p><strong>Limerick<\/strong>: Erneuerte Stadtstruktur und moderne Campus.<\/p>\n<\/li>\n<li>\n<p><strong>Waterford<\/strong>: Historisch Struktur und budgetfreundliches Leben mit hervorstechen wird.<\/p>\n<\/li>\n<\/ul>\n<h3>&nbsp;<\/h3>\n<h3>&nbsp; &nbsp; &nbsp; &nbsp; &nbsp; &nbsp; &nbsp; &nbsp; &nbsp; &nbsp; &nbsp; &nbsp; &nbsp; &nbsp; &nbsp; &nbsp; &nbsp; &nbsp; &nbsp; &nbsp; &nbsp; &nbsp; &nbsp; &nbsp; &nbsp; &nbsp;Programm Optionen<\/h3>\n<div>&nbsp;<\/div>\n<ul>\n<li>\n<p><strong>Allgemein Englisch<\/strong> (t\u00e4gliche Kommunikation und Praxis)<\/p>\n<\/li>\n<li>\n<p><strong>Intensiv Englisch<\/strong> (f\u00fcr schnellen Fortschritt zus\u00e4tzliche Unterrichtsstunden)<\/p>\n<\/li>\n<li>\n<p><strong>Akademisch Englisch<\/strong> (Vorbereitung auf das College\/die Universit\u00e4t)<\/p>\n<\/li>\n<li>\n<p><strong>Pr\u00fcfungsvorbereitung<\/strong> (IELTS, Cambridge usw.)<\/p>\n<\/li>\n<li>\n<p><strong>Business English<\/strong> (Meetings, presentations, correspondence)<\/p>\n<\/li>\n<li>\n<p><strong>Pathway\/\u00dcbergangsprogramme<\/strong> (bedingte Zulassung und Vorbereitung)<\/p>\n<\/li>\n<li>\n<p><strong>Kurzfristig Zeitraum &amp; +30 Optionen<\/strong> (flexible Pl\u00e4ne f\u00fcr Urlaubszeiten f\u00fcr flexible Pl\u00e4ne)<\/p>\n<\/li>\n<\/ul>\n<blockquote>\n<p><strong>Unterrichtsstruktur (allgemeiner Rahmen):<\/strong> Durchschnittlich 15\u201325 Unterrichtsstunden pro Woche; Optionen f\u00fcr vormittags\/nachmittags, in den meisten Schulen <strong>jeden Montag<\/strong> Beginn und Einstufungstest f\u00fcr die dem Niveau entsprechenden Klassen.<\/p>\n<p><\/p>\n<\/blockquote>\n<h3><img decoding=\"async\" class=\"aligncenter wp-image-1795 size-full\" src=\"https:\/\/careerescapes.com\/wp-content\/uploads\/2025\/08\/783005230f1cbf4ff0c2fb5e4c37c097-scaled.jpg\" alt=\"\" width=\"2560\" height=\"1696\" srcset=\"https:\/\/careerescapes.com\/wp-content\/uploads\/2025\/08\/783005230f1cbf4ff0c2fb5e4c37c097-scaled.jpg 2560w, https:\/\/careerescapes.com\/wp-content\/uploads\/2025\/08\/783005230f1cbf4ff0c2fb5e4c37c097-300x199.jpg 300w, https:\/\/careerescapes.com\/wp-content\/uploads\/2025\/08\/783005230f1cbf4ff0c2fb5e4c37c097-1024x678.jpg 1024w, https:\/\/careerescapes.com\/wp-content\/uploads\/2025\/08\/783005230f1cbf4ff0c2fb5e4c37c097-768x509.jpg 768w, https:\/\/careerescapes.com\/wp-content\/uploads\/2025\/08\/783005230f1cbf4ff0c2fb5e4c37c097-1536x1017.jpg 1536w, https:\/\/careerescapes.com\/wp-content\/uploads\/2025\/08\/783005230f1cbf4ff0c2fb5e4c37c097-2048x1356.jpg 2048w\" sizes=\"(max-width: 2560px) 100vw, 2560px\" \/><\/h3>\n<h3>&nbsp; &nbsp; &nbsp; &nbsp; &nbsp; &nbsp; &nbsp; &nbsp; &nbsp; &nbsp; &nbsp; &nbsp; &nbsp; &nbsp; &nbsp; &nbsp; &nbsp; &nbsp; &nbsp; &nbsp; &nbsp; &nbsp; &nbsp; &nbsp;<\/h3>\n<h3>&nbsp; &nbsp; &nbsp; &nbsp; &nbsp; &nbsp; &nbsp; &nbsp; &nbsp; &nbsp; &nbsp; &nbsp; &nbsp; &nbsp; &nbsp; &nbsp; &nbsp; &nbsp; &nbsp; &nbsp; &nbsp; &nbsp; &nbsp; &nbsp; &nbsp; &nbsp;Unterkunftsm\u00f6glichkeiten<\/h3>\n<div>&nbsp;<\/div>\n<ul>\n<li>\n<p><strong>Gastfamilie (Homestay)<\/strong>: Pakete zum Erleben der lokalen Kultur, inklusive Verpflegung.<\/p>\n<\/li>\n<li>\n<p><strong>Studentenwohnheime<\/strong>: Moderne Wohnheime mit Gemeinschaftsr\u00e4umen in der N\u00e4he des Zentrums\/der Schule.<\/p>\n<\/li>\n<li>\n<p><strong>Gemeinsam genutzt Wohnung<\/strong>: Mehr Unabh\u00e4ngigkeit und Flexibilit\u00e4t Budgetverwaltung .<\/p>\n<\/li>\n<\/ul>\n<blockquote>\n<p>Wir stellen je nach Ihren Bed\u00fcrfnissen ein Gleichgewicht zwischen <strong>Entfernung, Budget und Verpflegungsplan<\/strong> her.<\/p>\n<\/blockquote>\n<h3>&nbsp;<\/h3>\n<h3>&nbsp; &nbsp; &nbsp; &nbsp; &nbsp; &nbsp; &nbsp; &nbsp; &nbsp; &nbsp; &nbsp; &nbsp; &nbsp; &nbsp; &nbsp; &nbsp; &nbsp; &nbsp; &nbsp; &nbsp; &nbsp; &nbsp; &nbsp; Visum und Arbeitsbedingungen<\/h3>\n<div>&nbsp;<\/div>\n<ul>\n<li>\n<p><strong>Anmeldung, Zulassungsbescheinigung, Krankenversicherung<\/strong>, finanzielle Unterlagen und Bewerbungsformular \u2013 Begleitung bei allen Schritten.<\/p>\n<\/li>\n<li>\n<p>Studierende k\u00f6nnen je nach g\u00fcltiger Visumkategorie das Recht haben, <strong>zu bestimmten Zeiten pro Woche<\/strong> zu arbeiten.<\/p>\n<\/li>\n<li>\n<p>Da sich die Bestimmungen \u00e4ndern k\u00f6nnen, <strong>\u00fcberpr\u00fcfen wir gemeinsam die aktuellen Bedingungen vor der Antragstellung<\/strong>.<\/p>\n<\/li>\n<\/ul>\n<h3>&nbsp;<\/h3>\n<h3>&nbsp; &nbsp; &nbsp; &nbsp; &nbsp; &nbsp; &nbsp; &nbsp; &nbsp; &nbsp; &nbsp; &nbsp; &nbsp; &nbsp; &nbsp; &nbsp; &nbsp; &nbsp; &nbsp; &nbsp; &nbsp; &nbsp;Kosten &amp; Kampagnen<\/h3>\n<div>&nbsp;<\/div>\n<ul>\n<li>\n<p>Geb\u00fchren; <strong>Stadt, Programm Intensit\u00e4t, Dauer und Art der Unterkunft Typ<\/strong> variieren.<\/p>\n<\/li>\n<li>\n<p>Wir erstellen den g\u00fcnstigsten Budgetplan, indem wir saisonale Kampagnen und Rabatte verfolgen.<\/p>\n<\/li>\n<li>\n<p><strong>Ratenzahlung\/Stundung<\/strong> und <strong>flexibler Studienbeginn<\/strong> Optionen werden in Abstimmung mit der Schule angeboten.<\/p>\n<\/li>\n<\/ul>\n<h3>&nbsp;<\/h3>\n<h3>&nbsp; &nbsp; &nbsp; &nbsp; &nbsp; &nbsp; &nbsp; &nbsp; &nbsp; &nbsp; &nbsp; &nbsp; &nbsp; &nbsp; &nbsp; &nbsp; &nbsp; &nbsp; &nbsp; &nbsp; &nbsp; &nbsp; &nbsp; &nbsp; F\u00fcr wen ist es geeignet?<\/h3>\n<div>&nbsp;<\/div>\n<ul>\n<li>\n<p><strong>Studienbewerber\/Studierende<\/strong>: Akademisches Englisch und Pr\u00fcfungsvorbereitung.<\/p>\n<\/li>\n<li>\n<p><strong>Neue Absolventen &amp; Fachleute<\/strong>: Business Englisch und kurze intensive Programme.<\/p>\n<\/li>\n<li>\n<p><strong>Karriere R\u00fcckkehr Wunsch<\/strong>: Langfristig Allgemein\/Intensiv Englisch + Pathway.<\/p>\n<\/li>\n<li>\n<p><strong>Ferienunterricht<\/strong>: Kurzzeit-, Sommerprogramme.<\/p>\n<\/li>\n<\/ul>\n<h3>&nbsp;<\/h3>\n<h3>&nbsp; &nbsp; &nbsp; &nbsp; &nbsp; &nbsp; &nbsp; &nbsp; &nbsp; &nbsp; &nbsp; &nbsp; &nbsp; &nbsp; &nbsp; &nbsp; &nbsp; &nbsp; &nbsp; &nbsp; &nbsp; &nbsp; &nbsp;Tipps f\u00fcr den Alltag<\/h3>\n<div>&nbsp;<\/div>\n<ul>\n<li>\n<p><strong>Klima<\/strong>: Gem\u00e4\u00dfigt \u2013 ozeanisch; Regenbekleidung und mehrschichtige Kleidung werden empfohlen.<\/p>\n<\/li>\n<li>\n<p><strong>Verkehrsmittel<\/strong>: Kompakte Stadtstruktur; zu Fu\u00df gehen, Fahrrad und \u00f6ffentliche Verkehrsmittel mit einfacher Erreichbarkeit.<\/p>\n<\/li>\n<li>\n<p><strong>Soziales Leben<\/strong>: Live-Musik, Pub-Kultur, Wochenendwanderungen in der Natur.<\/p>\n<\/li>\n<li>\n<\/li>\n<li>&nbsp;<\/li>\n<\/ul>\n<h3><img decoding=\"async\" class=\"aligncenter wp-image-1797 size-full\" src=\"https:\/\/careerescapes.com\/wp-content\/uploads\/2025\/08\/Six_dream_Destination_-_IR-scaled.jpg\" alt=\"\" width=\"2560\" height=\"1605\" srcset=\"https:\/\/careerescapes.com\/wp-content\/uploads\/2025\/08\/Six_dream_Destination_-_IR-scaled.jpg 2560w, https:\/\/careerescapes.com\/wp-content\/uploads\/2025\/08\/Six_dream_Destination_-_IR-300x188.jpg 300w, https:\/\/careerescapes.com\/wp-content\/uploads\/2025\/08\/Six_dream_Destination_-_IR-1024x642.jpg 1024w, https:\/\/careerescapes.com\/wp-content\/uploads\/2025\/08\/Six_dream_Destination_-_IR-768x481.jpg 768w, https:\/\/careerescapes.com\/wp-content\/uploads\/2025\/08\/Six_dream_Destination_-_IR-1536x963.jpg 1536w, https:\/\/careerescapes.com\/wp-content\/uploads\/2025\/08\/Six_dream_Destination_-_IR-2048x1284.jpg 2048w\" sizes=\"(max-width: 2560px) 100vw, 2560px\" \/><\/h3>\n<h3>&nbsp; &nbsp; &nbsp; &nbsp; &nbsp; &nbsp; &nbsp; &nbsp; &nbsp; &nbsp; &nbsp; &nbsp; &nbsp; &nbsp; &nbsp;<\/h3>\n<h3>&nbsp; &nbsp; &nbsp; &nbsp; &nbsp; &nbsp; &nbsp; &nbsp; &nbsp; &nbsp; &nbsp; &nbsp; &nbsp; &nbsp; &nbsp; &nbsp; &nbsp; &nbsp; &nbsp; Bewerbung Schritte (wie arbeiten wir ?)<\/h3>\n<div>&nbsp;<\/div>\n<ol>\n<li>\n<p><strong>Kostenlose Beratung &amp; Stufenanalyse Analyse<\/strong><\/p>\n<\/li>\n<li>\n<p><strong>Stadt\u2013Programm\u2013Unterkunft<\/strong> Personalisierung der Alternativen<\/p>\n<\/li>\n<li>\n<p><strong>Registrierung &amp; Annahme<\/strong> Dokumente Erstellung<\/p>\n<\/li>\n<li>\n<p><strong>Zahlung &amp; Gesundheit Versicherung<\/strong> Prozesse<\/p>\n<\/li>\n<li>\n<p><strong>Visumantrag<\/strong> \u2013 Checkliste f\u00fcr Unterlagen und Hinweise<\/p>\n<\/li>\n<li>\n<p><strong>Flug\u2013Empfang\u2013Unterbringung<\/strong> Planung<\/p>\n<\/li>\n<li>\n<p><strong>Ankunft nachher Nachverfolgung<\/strong>: Klasse\/Unterkunft Zufriedenheit, falls erforderlich \u00c4nderung Unterst\u00fctzung<\/p>\n<\/li>\n<\/ol>\n<h3>&nbsp;<\/h3>\n<h3>&nbsp; &nbsp; &nbsp; &nbsp; &nbsp; &nbsp; &nbsp; &nbsp; &nbsp; &nbsp; &nbsp; &nbsp; &nbsp; &nbsp; &nbsp; &nbsp; &nbsp; &nbsp; &nbsp; &nbsp; &nbsp; &nbsp; &nbsp; &nbsp; H\u00e4ufig gestellte Fragen<\/h3>\n<div>&nbsp;<\/div>\n<p><strong>Wie viel Zeit ben\u00f6tige ich f\u00fcr den Fortschritt ?<\/strong><br>Durch regelm\u00e4\u00dfige Teilnahme und \u00dcbung werden Sie bereits nach wenigen Wochen sichtbare Fortschritte erzielen. Gemeinsam erstellen wir einen individuellen Plan f\u00fcr Sie.<\/p>\n<p><strong>Kann ich arbeiten? ?<\/strong><br>Das h\u00e4ngt von der Art Ihres Visums und den aktuellen Bestimmungen ab; wir kl\u00e4ren Ihre Rechte vor der Antragstellung.<\/p>\n<p><strong>Kann ich die Schule\/Klasse wechseln?<\/strong><br>Eignung ziemlich Zeitraum innerhalb Stufe\/Zweig\/Schule \u00c4nderung f\u00fcr Ihr Berater unterst\u00fctzt Sie dabei.<\/p>\n<p><strong>Wenn ich mit der Unterkunft nicht zufrieden bin bleibe ich dann nicht ?<\/strong><br>Alternatifler sunar, en k\u0131sa s\u00fcrede \u00e7\u00f6z\u00fcm \u00fcretiriz.<\/p>\n<p><strong>R\u00fcckgabe\/Aufschub var m\u0131?<\/strong><br>Die Schulpolitik \u00e4ndert sich; vor der Anmeldung kl\u00e4ren wir gemeinsam alle Bedingungen zusammen mit Ihnen.<\/p>\n<h3>&nbsp;<\/h3>\n<h3>&nbsp; &nbsp; &nbsp; &nbsp; &nbsp; &nbsp; <img loading=\"lazy\" decoding=\"async\" class=\"aligncenter wp-image-1798 size-full\" src=\"https:\/\/careerescapes.com\/wp-content\/uploads\/2025\/08\/tapeta-atrakcja-turystyczna-fanad-head-lighthouse-w-irlandii.jpg\" alt=\"\" width=\"2048\" height=\"1365\" srcset=\"https:\/\/careerescapes.com\/wp-content\/uploads\/2025\/08\/tapeta-atrakcja-turystyczna-fanad-head-lighthouse-w-irlandii.jpg 2048w, https:\/\/careerescapes.com\/wp-content\/uploads\/2025\/08\/tapeta-atrakcja-turystyczna-fanad-head-lighthouse-w-irlandii-300x200.jpg 300w, https:\/\/careerescapes.com\/wp-content\/uploads\/2025\/08\/tapeta-atrakcja-turystyczna-fanad-head-lighthouse-w-irlandii-1024x683.jpg 1024w, https:\/\/careerescapes.com\/wp-content\/uploads\/2025\/08\/tapeta-atrakcja-turystyczna-fanad-head-lighthouse-w-irlandii-768x512.jpg 768w, https:\/\/careerescapes.com\/wp-content\/uploads\/2025\/08\/tapeta-atrakcja-turystyczna-fanad-head-lighthouse-w-irlandii-1536x1024.jpg 1536w\" sizes=\"(max-width: 2048px) 100vw, 2048px\" \/>&nbsp; &nbsp; &nbsp; &nbsp; &nbsp; &nbsp; &nbsp; &nbsp; &nbsp; &nbsp; &nbsp; &nbsp; &nbsp; &nbsp; &nbsp; &nbsp; &nbsp; &nbsp; &nbsp; &nbsp; &nbsp; &nbsp; &nbsp;<\/h3>\n<h3>&nbsp; &nbsp; &nbsp; &nbsp; &nbsp; &nbsp; &nbsp; &nbsp; &nbsp; &nbsp; &nbsp; &nbsp; &nbsp; &nbsp; &nbsp; &nbsp; &nbsp; &nbsp; &nbsp; &nbsp; &nbsp; &nbsp; &nbsp; &nbsp; &nbsp; &nbsp; &nbsp; &nbsp; Warum bei uns?<\/h3>\n<div>&nbsp;<\/div>\n<ul>\n<li>\n<p><strong>Unparteiische Beratung:<\/strong> Wir bieten Ihnen Alternativen, die <strong>Ihrem Ziel entsprechen<\/strong>, ohne Ihnen eine bestimmte Schule aufzudr\u00e4ngen.<\/p>\n<\/li>\n<li>\n<p><strong>End-to-End-Prozessmanagement:<\/strong> Von der Registrierung bis zum Visum, von der Unterkunft bis zur Betreuung nach der Ankunft <strong>ein einziger Ansprechpartner<\/strong>.<\/p>\n<\/li>\n<li>\n<p><strong>Transparenter Haushalt:<\/strong> Wir legen alle Posten von Anfang an klar dar und planen ohne versteckte Kosten.<\/p>\n<\/li>\n<li>\n<p><strong>Schnelle Kommunikation:<\/strong> WhatsApp\/Telefon\/E-Mail -E-Mail \u00fcber <strong>am selben Tag Antwort<\/strong> und regelm\u00e4\u00dfige Informationen.<\/p>\n<\/li>\n<\/ul>\n<hr>\n<p><strong>Lassen Sie uns gemeinsam Ihren Plan f\u00fcr den Sprachunterricht in Irland erstellen. a2&gt;<\/strong><br>F\u00fcllen Sie das kurze Formular aus; geben Sie Ihr Ziel, die Dauer und Ihr Budget an. a14&gt; Budget entsprechend <strong>pers\u00f6nlichen Ausbildungsplan erstellen<\/strong> sofort vorbereiten.<\/p>\t\t\t\t\t\t\t\t<\/div>\n\t\t\t\t<\/div>\n\t\t\t\t\t<\/div>\n\t\t\t\t<\/div>\n\t\t\t\t<\/div>\n\t\t","protected":false},"excerpt":{"rendered":"<p>Almanya Dil Okullar\u0131 Avustralya Dil Okullar\u0131 H\u0131zl\u0131 \u0130leti\u015fim G\u00f6nder Bu Yolculukta Yaln\u0131z De\u011filsin! Hemen Ara IRLAND SPRACHE SCHULEN Irland ist mit seinen herzlichen Menschen, sicheren St\u00e4dten, seinem technologischen \u00d6kosystem und seinem modernen Bildungsansatz einer der attraktivsten Orte in Europa, um Englisch zu lernen. Wir stimmen Stadt, Programm und Unterkunft auf Ihre Ziele ab und k\u00fcmmern<\/p>\n","protected":false},"author":1,"featured_media":0,"parent":0,"menu_order":0,"comment_status":"closed","ping_status":"closed","template":"elementor_header_footer","meta":{"inline_featured_image":false,"footnotes":""},"class_list":["post-2257","page","type-page","status-publish","hentry"],"_links":{"self":[{"href":"https:\/\/careerescapes.com\/de\/wp-json\/wp\/v2\/pages\/2257","targetHints":{"allow":["GET"]}}],"collection":[{"href":"https:\/\/careerescapes.com\/de\/wp-json\/wp\/v2\/pages"}],"about":[{"href":"https:\/\/careerescapes.com\/de\/wp-json\/wp\/v2\/types\/page"}],"author":[{"embeddable":true,"href":"https:\/\/careerescapes.com\/de\/wp-json\/wp\/v2\/users\/1"}],"replies":[{"embeddable":true,"href":"https:\/\/careerescapes.com\/de\/wp-json\/wp\/v2\/comments?post=2257"}],"version-history":[{"count":2,"href":"https:\/\/careerescapes.com\/de\/wp-json\/wp\/v2\/pages\/2257\/revisions"}],"predecessor-version":[{"id":2259,"href":"https:\/\/careerescapes.com\/de\/wp-json\/wp\/v2\/pages\/2257\/revisions\/2259"}],"wp:attachment":[{"href":"https:\/\/careerescapes.com\/de\/wp-json\/wp\/v2\/media?parent=2257"}],"curies":[{"name":"wp","href":"https:\/\/api.w.org\/{rel}","templated":true}]}}