{"id":2266,"date":"2025-08-20T09:10:04","date_gmt":"2025-08-20T09:10:04","guid":{"rendered":"https:\/\/careerescapes.com\/schengen-vizesi\/"},"modified":"2026-02-21T13:04:50","modified_gmt":"2026-02-21T13:04:50","slug":"schengen-vizesi","status":"publish","type":"page","link":"https:\/\/careerescapes.com\/de\/schengen-vizesi\/","title":{"rendered":"Schengen Vizesi"},"content":{"rendered":"\t\t<div data-elementor-type=\"wp-page\" data-elementor-id=\"2266\" class=\"elementor elementor-2266 elementor-1253\">\n\t\t\t\t<div class=\"elementor-element elementor-element-4c67404 e-flex e-con-boxed e-con e-parent\" data-id=\"4c67404\" data-element_type=\"container\" data-e-type=\"container\">\n\t\t\t\t\t<div class=\"e-con-inner\">\n\t\t<div class=\"elementor-element elementor-element-5fc7f40 e-con-full e-flex e-con e-child\" data-id=\"5fc7f40\" data-element_type=\"container\" data-e-type=\"container\">\n\t\t\t\t<div class=\"elementor-element elementor-element-0a69443 elementor-widget elementor-widget-visaland-heading-title-widget\" data-id=\"0a69443\" data-element_type=\"widget\" data-e-type=\"widget\" data-widget_type=\"visaland-heading-title-widget.default\">\n\t\t\t\t<div class=\"elementor-widget-container\">\n\t\t\t\t\t\r\n\t\r\n\r\n\t<div class=\"section-title\">\r\n\t\t<span class=\"wow fadeInUp\">Sorular\u0131n\u0131za Yan\u0131t Bulun<\/span>\r\n\t\t<h2 class=\"title-anim\">\r\n\t\t\tSCHENGEN V\u0130ZES\u0130\t\t<\/h2>\r\n\t<\/div>\r\n\r\n\t\r\n             \r\n\t\t\t\t\t\t<\/div>\n\t\t\t\t<\/div>\n\t\t\t\t<div class=\"elementor-element elementor-element-427ba42 elementor-widget elementor-widget-text-editor\" data-id=\"427ba42\" data-element_type=\"widget\" data-e-type=\"widget\" data-widget_type=\"text-editor.default\">\n\t\t\t\t\t\t\t\t\t<p>Visumverfahren k\u00f6nnen komplex sein. In diesem Abschnitt finden Sie Antworten unserer Experten auf die am h\u00e4ufigsten gestellten Fragen. Unser Ziel ist es, alle Unsicherheiten zu beseitigen, die w\u00e4hrend Ihres Visumantragsverfahrens auftreten k\u00f6nnen, und Ihnen eine zuverl\u00e4ssige Orientierungshilfe zu bieten. Wenn Sie keine Antwort auf Ihre Frage finden, z\u00f6gern Sie bitte nicht, sich direkt an uns zu wenden. Unser Expertenteam hilft Ihnen gerne weiter.    <\/p>\t\t\t\t\t\t\t\t<\/div>\n\t\t\t\t<div class=\"elementor-element elementor-element-1b310c1 elementor-widget elementor-widget-visaland-theme-button-widget\" data-id=\"1b310c1\" data-element_type=\"widget\" data-e-type=\"widget\" data-widget_type=\"visaland-theme-button-widget.default\">\n\t\t\t\t<div class=\"elementor-widget-container\">\n\t\t\t\t\t\n\t\n\n\t<div class=\"about-button wow fadeInUp\" data-wow-delay=\".8s\">\n\t\t<a href=\"\/iletisim\/\" class=\"theme-btn\">\n\t\t\t<span>\n\t\t\t\u0130leti\u015fime Ge\u00e7\t\t\t\t<i class=\"fas fa-chevron-right\"><\/i>\n\t\t\t<\/span>\n\t\t<\/a>\n\t<\/div>\n\n\t\n\n             \n\t\t\t\t\t\t<\/div>\n\t\t\t\t<\/div>\n\t\t\t\t<\/div>\n\t\t<div class=\"elementor-element elementor-element-c4f21d9 e-con-full e-flex e-con e-child\" data-id=\"c4f21d9\" data-element_type=\"container\" data-e-type=\"container\">\n\t\t\t\t<div class=\"elementor-element elementor-element-e161743 elementor-widget elementor-widget-visaland-theme-accordion-widget\" data-id=\"e161743\" data-element_type=\"widget\" data-e-type=\"widget\" data-widget_type=\"visaland-theme-accordion-widget.default\">\n\t\t\t\t<div class=\"elementor-widget-container\">\n\t\t\t\t\t\r\n\t\r\n<div class=\"faq-content\">\r\n\t<div class=\"faq-accordion\">\r\n\t\t<div class=\"accordion\" id=\"accordion\">\r\n\t\t\t\t\t\t<div class=\"accordion-item wow fadeInUp\" data-wow-delay=\".5s\">\r\n\t\t\t\t<h4 class=\"accordion-header\">\r\n\t\t\t\t\t<button class=\"accordion-button\" type=\"button\" data-bs-toggle=\"collapse\" data-bs-target=\"#faq20\" aria-expanded=\"true\" aria-controls=\"faq20\">\r\n\t\t\t\t\t\tVize ba\u015fvurusu i\u00e7in dan\u0131\u015fmanl\u0131k hizmeti almak zorunda m\u0131y\u0131m?\t\t\t\t\t<\/button>\r\n\t\t\t\t<\/h4>\r\n\t\t\t\t<div id=\"faq20\" class=\"accordion-collapse collapse \" data-bs-parent=\"#accordion\">\r\n\t\t\t\t\t<div class=\"accordion-body\">\r\n\t\t\t\t\t\t Hay\u0131r, ancak dan\u0131\u015fmanl\u0131k hizmeti almak, ba\u015fvurunuzun do\u011fru ve eksiksiz haz\u0131rlanmas\u0131n\u0131 sa\u011flar, bu da ba\u015fvuru s\u00fcrecindeki hata riskini minimuma indirir. Profesyonel rehberlik ile vize reddi olas\u0131l\u0131\u011f\u0131n\u0131 d\u00fc\u015f\u00fcr\u00fcrken, zamandan ve stresten tasarruf edersiniz.\n\n\t\t\t\t\t<\/div>\r\n\t\t\t\t<\/div>\r\n\t\t\t<\/div>\r\n\t\t\t\t\t\t<div class=\"accordion-item wow fadeInUp\" data-wow-delay=\".5s\">\r\n\t\t\t\t<h4 class=\"accordion-header\">\r\n\t\t\t\t\t<button class=\"accordion-button\" type=\"button\" data-bs-toggle=\"collapse\" data-bs-target=\"#faq21\" aria-expanded=\"true\" aria-controls=\"faq21\">\r\n\t\t\t\t\t\tDan\u0131\u015fmanl\u0131k \u00fccretleriniz neleri kaps\u0131yor?\t\t\t\t\t<\/button>\r\n\t\t\t\t<\/h4>\r\n\t\t\t\t<div id=\"faq21\" class=\"accordion-collapse collapse show\" data-bs-parent=\"#accordion\">\r\n\t\t\t\t\t<div class=\"accordion-body\">\r\n\t\t\t\t\t\t\u00dccretimiz, ba\u015fvurunuzun ilk a\u015famas\u0131ndan, vizenizi al\u0131p seyahatinize haz\u0131r olana kadar ge\u00e7en t\u00fcm s\u00fcreci kapsamaktad\u0131r. Bu, gerekli evrak listesinin olu\u015fturulmas\u0131, evraklar\u0131n kontrol\u00fc, ba\u015fvuru formu doldurulmas\u0131, randevu al\u0131m\u0131 ve s\u00fcre\u00e7 takibi gibi hizmetleri i\u00e7erir. Gizli ek \u00fccretler bulunmamaktad\u0131r.\t\t\t\t\t<\/div>\r\n\t\t\t\t<\/div>\r\n\t\t\t<\/div>\r\n\t\t\t\t\t\t<div class=\"accordion-item wow fadeInUp\" data-wow-delay=\".5s\">\r\n\t\t\t\t<h4 class=\"accordion-header\">\r\n\t\t\t\t\t<button class=\"accordion-button\" type=\"button\" data-bs-toggle=\"collapse\" data-bs-target=\"#faq22\" aria-expanded=\"true\" aria-controls=\"faq22\">\r\n\t\t\t\t\t\tBa\u015fvuru s\u00fcreci ne kadar s\u00fcrer?\t\t\t\t\t<\/button>\r\n\t\t\t\t<\/h4>\r\n\t\t\t\t<div id=\"faq22\" class=\"accordion-collapse collapse \" data-bs-parent=\"#accordion\">\r\n\t\t\t\t\t<div class=\"accordion-body\">\r\n\t\t\t\t\t\tBa\u015fvuru s\u00fcreci, ba\u015fvuru yap\u0131lan \u00fclkeye ve konsoloslu\u011fun yo\u011funlu\u011funa g\u00f6re de\u011fi\u015fiklik g\u00f6sterir. Genellikle randevu al\u0131nd\u0131ktan sonra vize karar\u0131 10 ila 15 i\u015f g\u00fcn\u00fc i\u00e7inde sonu\u00e7lan\u0131r. Ancak yo\u011fun d\u00f6nemlerde bu s\u00fcre uzayabilir. Erken ba\u015fvuru yapman\u0131z\u0131 tavsiye ederiz.\t\t\t\t\t<\/div>\r\n\t\t\t\t<\/div>\r\n\t\t\t<\/div>\r\n\t\t\t\t\t\t<div class=\"accordion-item wow fadeInUp\" data-wow-delay=\".5s\">\r\n\t\t\t\t<h4 class=\"accordion-header\">\r\n\t\t\t\t\t<button class=\"accordion-button\" type=\"button\" data-bs-toggle=\"collapse\" data-bs-target=\"#faq23\" aria-expanded=\"true\" aria-controls=\"faq23\">\r\n\t\t\t\t\t\tVize reddi durumunda ne yapmal\u0131y\u0131m?\t\t\t\t\t<\/button>\r\n\t\t\t\t<\/h4>\r\n\t\t\t\t<div id=\"faq23\" class=\"accordion-collapse collapse \" data-bs-parent=\"#accordion\">\r\n\t\t\t\t\t<div class=\"accordion-body\">\r\n\t\t\t\t\t\tVize reddi alman\u0131z halinde, ret mektubunuzun i\u00e7eri\u011fine g\u00f6re bir sonraki ad\u0131m\u0131 belirleriz. Reddin sebebini analiz eder, eksiklikleri giderir ve itiraz s\u00fcreci veya yeniden ba\u015fvuru i\u00e7in en do\u011fru stratejiyi birlikte olu\u015ftururuz.\t\t\t\t\t<\/div>\r\n\t\t\t\t<\/div>\r\n\t\t\t<\/div>\r\n\t\t\t\t\t\t<div class=\"accordion-item wow fadeInUp\" data-wow-delay=\".5s\">\r\n\t\t\t\t<h4 class=\"accordion-header\">\r\n\t\t\t\t\t<button class=\"accordion-button\" type=\"button\" data-bs-toggle=\"collapse\" data-bs-target=\"#faq24\" aria-expanded=\"true\" aria-controls=\"faq24\">\r\n\t\t\t\t\t\tHangi \u00fclkelere vize dan\u0131\u015fmanl\u0131\u011f\u0131 sa\u011fl\u0131yorsunuz?\t\t\t\t\t<\/button>\r\n\t\t\t\t<\/h4>\r\n\t\t\t\t<div id=\"faq24\" class=\"accordion-collapse collapse \" data-bs-parent=\"#accordion\">\r\n\t\t\t\t\t<div class=\"accordion-body\">\r\n\t\t\t\t\t\tT\u00fcm Schengen \u00fclkeleri i\u00e7in vize dan\u0131\u015fmanl\u0131\u011f\u0131 hizmeti vermekteyiz. Schengen vize ba\u015fvurular\u0131n\u0131z\u0131n yan\u0131 s\u0131ra, \u0130ngiltere, Amerika Birle\u015fik Devletleri ve Kanada gibi en \u00e7ok talep g\u00f6ren di\u011fer \u00fclkelere de ba\u015fvuru s\u00fcrecinizde profesyonel destek sa\u011fl\u0131yoruz.\t\t\t\t\t<\/div>\r\n\t\t\t\t<\/div>\r\n\t\t\t<\/div>\r\n\t\t\t\t\t<\/div>\r\n\t<\/div>\r\n<\/div>\r\n\r\n\t\r\n\r\n\r\n             \r\n\t\t\t\t\t\t<\/div>\n\t\t\t\t<\/div>\n\t\t\t\t<\/div>\n\t\t\t\t\t<\/div>\n\t\t\t\t<\/div>\n\t\t<div class=\"elementor-element elementor-element-98e06a9 e-con-full e-flex e-con e-parent\" data-id=\"98e06a9\" data-element_type=\"container\" data-e-type=\"container\">\n\t\t\t\t<div class=\"elementor-element elementor-element-9bc3484 elementor-widget elementor-widget-visaland-video-bg-widget\" data-id=\"9bc3484\" data-element_type=\"widget\" data-e-type=\"widget\" data-widget_type=\"visaland-video-bg-widget.default\">\n\t\t\t\t<div class=\"elementor-widget-container\">\n\t\t\t\t\t\n\t   \n\n\t\t<section class=\"cta-banner-contact-section fix section-padding bg-cover\" style=\"background-image: url('https:\/\/careerescapes.com\/wp-content\/uploads\/2024\/09\/contact-bg.jpg');\">\n            <div class=\"container\">\n                <div class=\"cta-banner-concat-wrapper\">\n                    <h2 class=\"title-anim\">Schengen Vizesi Hakk\u0131nda Her \u015eey<\/h2>\n                    <a href=\"\/iletisim\/\" class=\"theme-btn hover-white wow fadeInUp\" data-wow-delay=\".5s\">\n                        <span>\n                            \u0130leti\u015fime Ge\u00e7\n                            <i class=\"fas fa-chevron-right\"><\/i>\n                        <\/span>\n                    <\/a>\n                <\/div>\n            <\/div>\n        <\/section>\n\n\t\t\n\t\n\t\t\t\t\t\t<\/div>\n\t\t\t\t<\/div>\n\t\t\t\t<\/div>\n\t\t<div class=\"elementor-element elementor-element-fa39e88 e-flex e-con-boxed e-con e-parent\" data-id=\"fa39e88\" data-element_type=\"container\" data-e-type=\"container\">\n\t\t\t\t\t<div class=\"e-con-inner\">\n\t\t\t\t<div class=\"elementor-element elementor-element-9051442 elementor-widget elementor-widget-text-editor\" data-id=\"9051442\" data-element_type=\"widget\" data-e-type=\"widget\" data-widget_type=\"text-editor.default\">\n\t\t\t\t\t\t\t\t\t<div>\n<section>\n<div style=\"width: 96px; height: 0px;\" aria-hidden=\"true\">\n<div>\n<div>\n<ul>\n<li>&nbsp;<\/li>\n<\/ul>\n<\/div>\n<\/div>\n<\/div>\n<\/section>\n<\/div>\n<div>\n<div dir=\"ltr\" style=\"--animation-duration: 400ms; --fade-animation-function: linear;\">\n<h3><b>&nbsp; &nbsp; &nbsp; &nbsp; &nbsp; &nbsp; &nbsp; &nbsp; &nbsp; &nbsp; &nbsp; &nbsp; &nbsp; &nbsp; &nbsp; &nbsp; &nbsp; &nbsp; &nbsp; &nbsp; &nbsp; &nbsp; &nbsp; &nbsp;<\/b><\/h3>\n<h3><b>Der erste Schritt zu Ihrem Traum von Europa: Beratung zum Schengen-Visum<\/b><\/h3>\n<div><b>&nbsp;<\/b><\/div>\n<p>Es ist jetzt viel einfacher, die faszinierenden St\u00e4dte Europas zu entdecken, Gesch\u00e4ftsm\u00f6glichkeiten zu erkunden oder Ihre Familie zu besuchen. Das Schengen-Visum bietet Ihnen die Freiheit, mit einem einzigen Visum in 27 L\u00e4nder Europas zu reisen. Der Antragsprozess kann jedoch mit komplexen Formalit\u00e4ten und Verfahren verbunden sein.  <\/p>\n<p>Genau an dieser Stelle kommen wir ins Spiel. Mit unserem Expertenteam begleiten wir Sie bei jedem Schritt Ihrer Bewerbung und gestalten den Prozess f\u00fcr Sie transparent und stressfrei. <\/p><p><br><\/p>\n<hr>\n<h3><b>&nbsp; &nbsp; &nbsp; &nbsp; &nbsp; &nbsp; &nbsp; &nbsp; &nbsp; &nbsp; &nbsp; &nbsp; &nbsp; &nbsp; &nbsp; &nbsp; &nbsp; &nbsp; &nbsp; &nbsp; &nbsp; &nbsp; &nbsp; &nbsp; &nbsp; &nbsp; &nbsp; &nbsp; &nbsp; &nbsp; &nbsp; &nbsp; &nbsp; &nbsp; &nbsp; &nbsp; &nbsp; &nbsp; &nbsp; &nbsp; &nbsp;<\/b><\/h3>\n<h3><b>Schengen Vizesi Nedir?<\/b><\/h3>\n<div><b>&nbsp;<\/b><\/div>\n<p>Das Schengen-Visum ist ein Kurzzeitvisum, das Ihnen das Recht auf freien Personenverkehr zwischen den Mitgliedstaaten des Schengen-Raums in Europa gew\u00e4hrt. Mit diesem Visum k\u00f6nnen Sie neben dem Land, in dem Sie das Visum erhalten haben, auch in allen anderen Schengen-L\u00e4ndern bis zu 90 Tage lang frei reisen. Die g\u00e4ngigsten Visumtypen sind:  <\/p>\n<ul>\n<li>\n<p><b>Touristenvisum:<\/b> Urlaub, Reise oder kurzfristige Besuche f\u00fcr .<\/p>\n<\/li>\n<li>\n<p><b>Gesch\u00e4ftsvisum:<\/b> F\u00fcr Gesch\u00e4ftstreffen, Messen oder Konferenzen.<\/p>\n<\/li>\n<li>\n<p><b>Visum f\u00fcr Familien-\/Freundesbesuche:<\/b> Um Verwandte oder Freunde zu besuchen, die im Schengen-Raum leben.<\/p>\n<\/li>\n<li>\n<p><b>Studentenvisum: <\/b> Kurzzeitige Sprachschulen oder Bildungsprogramme f\u00fcr Ausl\u00e4nder mit begrenzter Aufenthaltsdauer<\/p>\n<\/li>\n<li>&nbsp;<\/li>\n<\/ul>\n<div>\n<h3><b>Bewerbungsschritte und unsere Dienstleistungen<\/b><\/h3>\n<div><b>&nbsp;<\/b><\/div>\n<p>Wenn Sie Ihren Visumantrag bei uns stellen, wird der Prozess zu einer reibungslosen Erfahrung. Hier sind die Dienstleistungen, die wir Ihnen anbieten: <\/p>\n<ul>\n<li>\n<p><b>Beratung und Dokumentenpr\u00fcfung:<\/b> Wir stellen Ihnen die aktuellste Dokumentenliste zur Verf\u00fcgung, die Ihrem Antragszweck und Ihrer pers\u00f6nlichen Situation entspricht. Wir leiten Sie Schritt f\u00fcr Schritt an, damit Sie alle Ihre Dokumente vollst\u00e4ndig und fehlerfrei vorbereiten k\u00f6nnen. <\/p>\n<\/li>\n<li>\n<p><b>Online-Formularausf\u00fcllung:<\/b> Wir f\u00fcllen komplexe und aufmerksame Bewerbungsformulare in Ihrem Namen aus und eliminieren so Fehlerquellen.<\/p>\n<\/li>\n<li>\n<p><b>Terminvereinbarung und Prozessverfolgung:<\/b> Wir vereinbaren f\u00fcr Sie einen Termin zum f\u00fcr Sie g\u00fcnstigsten Zeitpunkt beim Konsulat oder Visumantragszentrum. Wir verfolgen den Status Ihrer Bewerbungsunterlagen in Echtzeit und halten Sie auf dem Laufenden. <\/p>\n<\/li>\n<li>\n<p><b>Professionelle Unterst\u00fctzung:<\/b> Wir beantworten alle Fragen, die Ihnen w\u00e4hrend des Bewerbungsprozesses durch den Kopf gehen, und sorgen daf\u00fcr, dass Sie auf m\u00f6gliche Probleme vorbereitet sind.<\/p>\n<\/li>\n<li>&nbsp;<\/li>\n<\/ul>\n<div>\n<h3><b>Visumantragsgeb\u00fchren und Zahlungspositionen<\/b><\/h3>\n<div><b>&nbsp;<\/b><\/div>\n<p>Die Kosten f\u00fcr einen Visumantrag variieren je nach Land und Art des Antrags. Gem\u00e4\u00df unserem Grundsatz der Transparenz legen wir Ihnen die Zahlungspositionen klar und deutlich dar: <\/p>\n<ul>\n<li>\n<p><b>Konsulat-\/Botschaftsvisumgeb\u00fchr:<\/b> Dies ist eine obligatorische Geb\u00fchr, die vom Konsulat oder der Botschaft des Landes, in dem Sie Ihren Antrag stellen, erhoben wird und f\u00fcr die Bearbeitung Ihres Antrags zu entrichten ist. Diese Geb\u00fchr wird auch dann nicht zur\u00fcckerstattet, wenn Ihr Visumantrag abgelehnt wird. <\/p>\n<\/li>\n<li>\n<p><b>Visumantragszentrum-Servicegeb\u00fchr:<\/b> VFS Global, iDATA und andere von Konsulaten autorisierte Agenturen erheben eine Geb\u00fchr f\u00fcr die Annahme Ihrer Unterlagen und deren Weiterleitung an das Konsulat.<\/p>\n<\/li>\n<li>\n<p><b>Beratung Dienstleistung Kosten:<\/b> Unser Unternehmen, Ihre Akte auf die richtige Weise vorzubereiten, die Unterlagen zu verfolgen, Formularausf\u00fcllen und Terminvereinbarung w\u00e4hrend a17&gt; Prozesse professionelle Beratung Dienstleistung f\u00fcr erhaltene Geb\u00fchr.<\/p>\n<\/li>\n<\/ul>\n<p>F\u00fcr aktuelle und detaillierte Informationen zu all diesen Geb\u00fchren kontaktieren Sie uns bitte.<\/p><p><br><\/p>\n<hr>\n<h3><b>&nbsp; &nbsp; &nbsp; &nbsp; &nbsp; &nbsp; &nbsp; &nbsp; &nbsp; &nbsp; &nbsp; &nbsp; &nbsp; &nbsp; &nbsp; &nbsp; &nbsp; &nbsp; &nbsp; &nbsp; &nbsp; &nbsp; &nbsp; &nbsp; &nbsp; &nbsp; &nbsp; &nbsp; &nbsp; &nbsp; &nbsp; &nbsp; &nbsp;<\/b><\/h3>\n<h3><b>Antrag F\u00fcr Erforderliche M\u00f6glicherweise Grundlegende Unterlagen<\/b><\/h3>\n<div><b>&nbsp;<\/b><\/div>\n<p>Auch wenn die erforderlichen Unterlagen je nach Art des Antrags und Reisezweck variieren, gibt es einige grundlegende Dokumente, die f\u00fcr alle Antr\u00e4ge erforderlich sind. Hier sind einige der Dokumente, die in der Regel f\u00fcr einen Schengen-Visumantrag erforderlich sind: <\/p>\n<ol>\n<li>\n<p>Ihr Reisepass muss mindestens noch 6 Monate g\u00fcltig sein.<\/p>\n<\/li>\n<li>\n<p>Aktuelles biometrisches Foto.<\/p>\n<\/li>\n<li>\n<p>Kopie des Personalausweises.<\/p>\n<\/li>\n<li>\n<p>Vollst\u00e4ndige Ausfertigung der Meldebescheinigung.<\/p>\n<\/li>\n<li>\n<p>Visumantragsformular.<\/p>\n<\/li>\n<li>\n<p>Reisekrankenversicherung.<\/p>\n<\/li>\n<li>\n<p>Bankausz\u00fcge, die die finanzielle Situation belegen.<\/p>\n<\/li>\n<li>\n<p>Unterkunfts- und Transportreservierungen (Hotel, Flugticket usw.).<\/p>\n<\/li>\n<li>\n<p>Dokumente, die Ihren beruflichen Status belegen, wie z. B. ein Arbeitgeberbrief, eine Sozialversicherungsbescheinigung oder ein Studentenausweis.<\/p>\n<\/li>\n<\/ol>\n<p>Wir \u00fcberpr\u00fcfen Ihre Unterlagen gemeinsam mit Ihnen und stellen sicher, dass keine Dokumente fehlen.<\/p>\n<\/div>\n<\/div>\n<\/div>\n<\/div>\t\t\t\t\t\t\t\t<\/div>\n\t\t\t\t\t<\/div>\n\t\t\t\t<\/div>\n\t\t\t\t<\/div>\n\t\t","protected":false},"excerpt":{"rendered":"<p>Sorular\u0131n\u0131za Yan\u0131t Bulun SCHENGEN V\u0130ZES\u0130 Visumverfahren k\u00f6nnen komplex sein. In diesem Abschnitt finden Sie Antworten unserer Experten auf die am h\u00e4ufigsten gestellten Fragen. Unser Ziel ist es, alle Unsicherheiten zu beseitigen, die w\u00e4hrend Ihres Visumantragsverfahrens auftreten k\u00f6nnen, und Ihnen eine zuverl\u00e4ssige Orientierungshilfe zu bieten. Wenn Sie keine Antwort auf Ihre Frage finden, z\u00f6gern Sie bitte<\/p>\n","protected":false},"author":1,"featured_media":0,"parent":0,"menu_order":0,"comment_status":"closed","ping_status":"closed","template":"elementor_header_footer","meta":{"inline_featured_image":false,"footnotes":""},"class_list":["post-2266","page","type-page","status-publish","hentry"],"_links":{"self":[{"href":"https:\/\/careerescapes.com\/de\/wp-json\/wp\/v2\/pages\/2266","targetHints":{"allow":["GET"]}}],"collection":[{"href":"https:\/\/careerescapes.com\/de\/wp-json\/wp\/v2\/pages"}],"about":[{"href":"https:\/\/careerescapes.com\/de\/wp-json\/wp\/v2\/types\/page"}],"author":[{"embeddable":true,"href":"https:\/\/careerescapes.com\/de\/wp-json\/wp\/v2\/users\/1"}],"replies":[{"embeddable":true,"href":"https:\/\/careerescapes.com\/de\/wp-json\/wp\/v2\/comments?post=2266"}],"version-history":[{"count":2,"href":"https:\/\/careerescapes.com\/de\/wp-json\/wp\/v2\/pages\/2266\/revisions"}],"predecessor-version":[{"id":2268,"href":"https:\/\/careerescapes.com\/de\/wp-json\/wp\/v2\/pages\/2266\/revisions\/2268"}],"wp:attachment":[{"href":"https:\/\/careerescapes.com\/de\/wp-json\/wp\/v2\/media?parent=2266"}],"curies":[{"name":"wp","href":"https:\/\/api.w.org\/{rel}","templated":true}]}}