{"id":2302,"date":"2025-08-20T10:26:06","date_gmt":"2025-08-20T10:26:06","guid":{"rendered":"https:\/\/careerescapes.com\/contact\/"},"modified":"2026-02-21T13:21:14","modified_gmt":"2026-02-21T13:21:14","slug":"contact","status":"publish","type":"page","link":"https:\/\/careerescapes.com\/en\/contact\/","title":{"rendered":"Contact"},"content":{"rendered":"\t\t<div data-elementor-type=\"wp-page\" data-elementor-id=\"2302\" class=\"elementor elementor-2302 elementor-1326\">\n\t\t\t\t<div class=\"elementor-element elementor-element-63904e4 e-flex e-con-boxed e-con e-parent\" data-id=\"63904e4\" data-element_type=\"container\" data-e-type=\"container\" data-settings=\"{&quot;background_background&quot;:&quot;classic&quot;}\">\n\t\t\t\t\t<div class=\"e-con-inner\">\n\t\t<div class=\"elementor-element elementor-element-f3ada9c e-con-full e-flex e-con e-child\" data-id=\"f3ada9c\" data-element_type=\"container\" data-e-type=\"container\">\n\t\t\t\t<div class=\"elementor-element elementor-element-3388234 elementor-widget elementor-widget-visaland-heading-title-widget\" data-id=\"3388234\" data-element_type=\"widget\" data-e-type=\"widget\" data-widget_type=\"visaland-heading-title-widget.default\">\n\t\t\t\t<div class=\"elementor-widget-container\">\n\t\t\t\t\t\r\n\t\r\n\r\n\t<div class=\"section-title\">\r\n\t\t<span class=\"wow fadeInUp\">Bize Ula\u015f\u0131n<\/span>\r\n\t\t<h2 class=\"title-anim\">\r\n\t\t\tB\u0130Z\u0130MLE \u0130LET\u0130\u015e\u0130ME GE\u00c7\u0130N\t\t<\/h2>\r\n\t<\/div>\r\n\r\n\t\r\n             \r\n\t\t\t\t\t\t<\/div>\n\t\t\t\t<\/div>\n\t\t\t\t<div class=\"elementor-element elementor-element-1d5337b elementor-widget elementor-widget-text-editor\" data-id=\"1d5337b\" data-element_type=\"widget\" data-e-type=\"widget\" data-widget_type=\"text-editor.default\">\n\t\t\t\t\t\t\t\t\t<p>Please do not hesitate to contact us. We would be happy to answer your questions and assist you.<\/p>\t\t\t\t\t\t\t\t<\/div>\n\t\t\t\t<div class=\"elementor-element elementor-element-26ae154 elementor-position-inline-start elementor-mobile-position-inline-start elementor-view-default elementor-widget elementor-widget-icon-box\" data-id=\"26ae154\" data-element_type=\"widget\" data-e-type=\"widget\" data-widget_type=\"icon-box.default\">\n\t\t\t\t\t\t\t<div class=\"elementor-icon-box-wrapper\">\n\n\t\t\t\t\t\t<div class=\"elementor-icon-box-icon\">\n\t\t\t\t<a href=\"tel:+902129233220\" class=\"elementor-icon\" tabindex=\"-1\" aria-label=\"Phone &amp; WhatsApp:\">\n\t\t\t\t<i aria-hidden=\"true\" class=\" flaticon-phone-call\"><\/i>\t\t\t\t<\/a>\n\t\t\t<\/div>\n\t\t\t\n\t\t\t\t\t\t<div class=\"elementor-icon-box-content\">\n\n\t\t\t\t\t\t\t\t\t<h3 class=\"elementor-icon-box-title\">\n\t\t\t\t\t\t<a href=\"tel:+902129233220\" >\n\t\t\t\t\t\t\tPhone &amp; WhatsApp:\t\t\t\t\t\t<\/a>\n\t\t\t\t\t<\/h3>\n\t\t\t\t\n\t\t\t\t\t\t\t\t\t<p class=\"elementor-icon-box-description\">\n\t\t\t\t\t\t0 212 923 32 20\t\t\t\t\t<\/p>\n\t\t\t\t\n\t\t\t<\/div>\n\t\t\t\n\t\t<\/div>\n\t\t\t\t\t\t<\/div>\n\t\t\t\t<div class=\"elementor-element elementor-element-3497f97 elementor-position-inline-start elementor-mobile-position-inline-start elementor-view-default elementor-widget elementor-widget-icon-box\" data-id=\"3497f97\" data-element_type=\"widget\" data-e-type=\"widget\" data-widget_type=\"icon-box.default\">\n\t\t\t\t\t\t\t<div class=\"elementor-icon-box-wrapper\">\n\n\t\t\t\t\t\t<div class=\"elementor-icon-box-icon\">\n\t\t\t\t<a href=\"mailto:info@careerescapes.com\" class=\"elementor-icon\" tabindex=\"-1\" aria-label=\"Our Email Address\">\n\t\t\t\t<i aria-hidden=\"true\" class=\" flaticon-email\"><\/i>\t\t\t\t<\/a>\n\t\t\t<\/div>\n\t\t\t\n\t\t\t\t\t\t<div class=\"elementor-icon-box-content\">\n\n\t\t\t\t\t\t\t\t\t<h3 class=\"elementor-icon-box-title\">\n\t\t\t\t\t\t<a href=\"mailto:info@careerescapes.com\" >\n\t\t\t\t\t\t\tOur Email Address\t\t\t\t\t\t<\/a>\n\t\t\t\t\t<\/h3>\n\t\t\t\t\n\t\t\t\t\t\t\t\t\t<p class=\"elementor-icon-box-description\">\n\t\t\t\t\t\tinfo@careerescapes.com\t\t\t\t\t<\/p>\n\t\t\t\t\n\t\t\t<\/div>\n\t\t\t\n\t\t<\/div>\n\t\t\t\t\t\t<\/div>\n\t\t\t\t<div class=\"elementor-element elementor-element-daf962f elementor-position-inline-start elementor-mobile-position-inline-start elementor-view-default elementor-widget elementor-widget-icon-box\" data-id=\"daf962f\" data-element_type=\"widget\" data-e-type=\"widget\" data-widget_type=\"icon-box.default\">\n\t\t\t\t\t\t\t<div class=\"elementor-icon-box-wrapper\">\n\n\t\t\t\t\t\t<div class=\"elementor-icon-box-icon\">\n\t\t\t\t<span  class=\"elementor-icon\">\n\t\t\t\t<i aria-hidden=\"true\" class=\" flaticon-airplane-flight-in-circle-around-earth\"><\/i>\t\t\t\t<\/span>\n\t\t\t<\/div>\n\t\t\t\n\t\t\t\t\t\t<div class=\"elementor-icon-box-content\">\n\n\t\t\t\t\t\t\t\t\t<h3 class=\"elementor-icon-box-title\">\n\t\t\t\t\t\t<span  >\n\t\t\t\t\t\t\tOur Head Office Address:\t\t\t\t\t\t<\/span>\n\t\t\t\t\t<\/h3>\n\t\t\t\t\n\t\t\t\t\t\t\t\t\t<p class=\"elementor-icon-box-description\">\n\t\t\t\t\t\tAlsancak, K\u0131br\u0131s \u015eehitleri Cd. No:96 Kat: 3 Daire: 301, 35220 Konak\/\u0130zmir\t\t\t\t\t<\/p>\n\t\t\t\t\n\t\t\t<\/div>\n\t\t\t\n\t\t<\/div>\n\t\t\t\t\t\t<\/div>\n\t\t\t\t<div class=\"elementor-element elementor-element-c09f86b elementor-widget elementor-widget-image\" data-id=\"c09f86b\" data-element_type=\"widget\" data-e-type=\"widget\" data-widget_type=\"image.default\">\n\t\t\t\t\t\t\t\t\t\t\t\t\t\t\t<img fetchpriority=\"high\" decoding=\"async\" width=\"550\" height=\"195\" src=\"https:\/\/careerescapes.com\/wp-content\/uploads\/2024\/09\/contact-1.jpg\" class=\"attachment-large size-large wp-image-2301\" alt=\"\" srcset=\"https:\/\/careerescapes.com\/wp-content\/uploads\/2024\/09\/contact-1.jpg 550w, https:\/\/careerescapes.com\/wp-content\/uploads\/2024\/09\/contact-1-300x106.jpg 300w\" sizes=\"(max-width: 550px) 100vw, 550px\" \/>\t\t\t\t\t\t\t\t\t\t\t\t\t\t\t<\/div>\n\t\t\t\t<\/div>\n\t\t<div class=\"elementor-element elementor-element-923162f e-con-full e-flex e-con e-child\" data-id=\"923162f\" data-element_type=\"container\" data-e-type=\"container\">\n\t\t\t\t<div class=\"elementor-element elementor-element-bbbb8fe elementor-widget elementor-widget-visaland-contact-form-widget\" data-id=\"bbbb8fe\" data-element_type=\"widget\" data-e-type=\"widget\" data-widget_type=\"visaland-contact-form-widget.default\">\n\t\t\t\t<div class=\"elementor-widget-container\">\n\t\t\t\t\t\r\n\r\n\r\n\t\t<div class=\"contact-box\">\r\n\t\t\t<div class=\"contact-title\">\r\n\t\t\t\t<h3 class=\"wow fadeInUp\" data-wow-delay=\".3s\">\u0130LET\u0130\u015e\u0130M FORMU<\/h3>\r\n\t\t\t\t<p class=\"wow fadeInUp\" data-wow-delay=\".5s\">Her t\u00fcrl\u00fc soru, g\u00f6r\u00fc\u015f veya talebinizi iletmek i\u00e7in l\u00fctfen a\u015fa\u011f\u0131da yer alan formu doldurunuz.<\/p>\r\n\t\t\t<\/div>\r\n\t\t\t<div class=\"contact-form-items\">\r\n\t\t\t\t<p class=\"wpcf7-contact-form-not-found\"><strong>Error:<\/strong> Contact form not found.<\/p>\t\t\t<\/div>\r\n\t\t<\/div>\r\n\r\n\t\r\n\r\n             \r\n\t\t\t\t\t\t<\/div>\n\t\t\t\t<\/div>\n\t\t\t\t<\/div>\n\t\t\t\t\t<\/div>\n\t\t\t\t<\/div>\n\t\t<div class=\"elementor-element elementor-element-2f06aa5 e-con-full e-flex e-con e-parent\" data-id=\"2f06aa5\" data-element_type=\"container\" data-e-type=\"container\">\n\t\t\t\t<div class=\"elementor-element elementor-element-aea5d54 elementor-widget elementor-widget-google_maps\" data-id=\"aea5d54\" data-element_type=\"widget\" data-e-type=\"widget\" data-widget_type=\"google_maps.default\">\n\t\t\t\t\t\t\t<div class=\"elementor-custom-embed\">\n\t\t\t<iframe loading=\"lazy\"\n\t\t\t\t\tsrc=\"https:\/\/maps.google.com\/maps?q=Career%20Escapes%20Yurtd%C4%B1%C5%9F%C4%B1%20E%C4%9Fitim%20Dan%C4%B1%C5%9Fmanl%C4%B1k&#038;t=m&#038;z=15&#038;output=embed&#038;iwloc=near\"\n\t\t\t\t\ttitle=\"Career Escapes Yurtd\u0131\u015f\u0131 E\u011fitim Dan\u0131\u015fmanl\u0131k\"\n\t\t\t\t\taria-label=\"Career Escapes Yurtd\u0131\u015f\u0131 E\u011fitim Dan\u0131\u015fmanl\u0131k\"\n\t\t\t><\/iframe>\n\t\t<\/div>\n\t\t\t\t\t\t<\/div>\n\t\t\t\t<\/div>\n\t\t\t\t<\/div>\n\t\t","protected":false},"excerpt":{"rendered":"<p>Bize Ula\u015f\u0131n B\u0130Z\u0130MLE \u0130LET\u0130\u015e\u0130ME GE\u00c7\u0130N Please do not hesitate to contact us. We would be happy to answer your questions and assist you. Phone &amp; WhatsApp: 0 212 923 32 20 Our Email Address info@careerescapes.com Our Head Office Address: Alsancak, K\u0131br\u0131s \u015eehitleri Cd. No:96 Kat: 3 Daire: 301, 35220 Konak\/\u0130zmir \u0130LET\u0130\u015e\u0130M FORMU Her t\u00fcrl\u00fc soru,<\/p>\n","protected":false},"author":1,"featured_media":0,"parent":0,"menu_order":0,"comment_status":"closed","ping_status":"closed","template":"elementor_header_footer","meta":{"inline_featured_image":false,"footnotes":""},"class_list":["post-2302","page","type-page","status-publish","hentry"],"_links":{"self":[{"href":"https:\/\/careerescapes.com\/en\/wp-json\/wp\/v2\/pages\/2302","targetHints":{"allow":["GET"]}}],"collection":[{"href":"https:\/\/careerescapes.com\/en\/wp-json\/wp\/v2\/pages"}],"about":[{"href":"https:\/\/careerescapes.com\/en\/wp-json\/wp\/v2\/types\/page"}],"author":[{"embeddable":true,"href":"https:\/\/careerescapes.com\/en\/wp-json\/wp\/v2\/users\/1"}],"replies":[{"embeddable":true,"href":"https:\/\/careerescapes.com\/en\/wp-json\/wp\/v2\/comments?post=2302"}],"version-history":[{"count":2,"href":"https:\/\/careerescapes.com\/en\/wp-json\/wp\/v2\/pages\/2302\/revisions"}],"predecessor-version":[{"id":2304,"href":"https:\/\/careerescapes.com\/en\/wp-json\/wp\/v2\/pages\/2302\/revisions\/2304"}],"wp:attachment":[{"href":"https:\/\/careerescapes.com\/en\/wp-json\/wp\/v2\/media?parent=2302"}],"curies":[{"name":"wp","href":"https:\/\/api.w.org\/{rel}","templated":true}]}}