{"id":2311,"date":"2025-08-20T09:10:04","date_gmt":"2025-08-20T09:10:04","guid":{"rendered":"https:\/\/careerescapes.com\/schengen-visa\/"},"modified":"2026-02-21T13:22:07","modified_gmt":"2026-02-21T13:22:07","slug":"schengen-visa","status":"publish","type":"page","link":"https:\/\/careerescapes.com\/en\/schengen-visa\/","title":{"rendered":"Schengen Visa"},"content":{"rendered":"\t\t<div data-elementor-type=\"wp-page\" data-elementor-id=\"2311\" class=\"elementor elementor-2311 elementor-1253\">\n\t\t\t\t<div class=\"elementor-element elementor-element-4c67404 e-flex e-con-boxed e-con e-parent\" data-id=\"4c67404\" data-element_type=\"container\" data-e-type=\"container\">\n\t\t\t\t\t<div class=\"e-con-inner\">\n\t\t<div class=\"elementor-element elementor-element-5fc7f40 e-con-full e-flex e-con e-child\" data-id=\"5fc7f40\" data-element_type=\"container\" data-e-type=\"container\">\n\t\t\t\t<div class=\"elementor-element elementor-element-0a69443 elementor-widget elementor-widget-visaland-heading-title-widget\" data-id=\"0a69443\" data-element_type=\"widget\" data-e-type=\"widget\" data-widget_type=\"visaland-heading-title-widget.default\">\n\t\t\t\t<div class=\"elementor-widget-container\">\n\t\t\t\t\t\r\n\t\r\n\r\n\t<div class=\"section-title\">\r\n\t\t<span class=\"wow fadeInUp\">Sorular\u0131n\u0131za Yan\u0131t Bulun<\/span>\r\n\t\t<h2 class=\"title-anim\">\r\n\t\t\tSCHENGEN V\u0130ZES\u0130\t\t<\/h2>\r\n\t<\/div>\r\n\r\n\t\r\n             \r\n\t\t\t\t\t\t<\/div>\n\t\t\t\t<\/div>\n\t\t\t\t<div class=\"elementor-element elementor-element-427ba42 elementor-widget elementor-widget-text-editor\" data-id=\"427ba42\" data-element_type=\"widget\" data-e-type=\"widget\" data-widget_type=\"text-editor.default\">\n\t\t\t\t\t\t\t\t\t<p>Visa processes can be complex. In this section, you will find answers to the most frequently asked questions prepared by our experts. Our goal is to eliminate all uncertainties you may encounter on your visa journey and provide you with reliable guidance. If you cannot find the answer to your question, please do not hesitate to contact us directly. Our team of experts will be happy to assist you.    <\/p>\t\t\t\t\t\t\t\t<\/div>\n\t\t\t\t<div class=\"elementor-element elementor-element-1b310c1 elementor-widget elementor-widget-visaland-theme-button-widget\" data-id=\"1b310c1\" data-element_type=\"widget\" data-e-type=\"widget\" data-widget_type=\"visaland-theme-button-widget.default\">\n\t\t\t\t<div class=\"elementor-widget-container\">\n\t\t\t\t\t\n\t\n\n\t<div class=\"about-button wow fadeInUp\" data-wow-delay=\".8s\">\n\t\t<a href=\"\/iletisim\/\" class=\"theme-btn\">\n\t\t\t<span>\n\t\t\t\u0130leti\u015fime Ge\u00e7\t\t\t\t<i class=\"fas fa-chevron-right\"><\/i>\n\t\t\t<\/span>\n\t\t<\/a>\n\t<\/div>\n\n\t\n\n             \n\t\t\t\t\t\t<\/div>\n\t\t\t\t<\/div>\n\t\t\t\t<\/div>\n\t\t<div class=\"elementor-element elementor-element-c4f21d9 e-con-full e-flex e-con e-child\" data-id=\"c4f21d9\" data-element_type=\"container\" data-e-type=\"container\">\n\t\t\t\t<div class=\"elementor-element elementor-element-e161743 elementor-widget elementor-widget-visaland-theme-accordion-widget\" data-id=\"e161743\" data-element_type=\"widget\" data-e-type=\"widget\" data-widget_type=\"visaland-theme-accordion-widget.default\">\n\t\t\t\t<div class=\"elementor-widget-container\">\n\t\t\t\t\t\r\n\t\r\n<div class=\"faq-content\">\r\n\t<div class=\"faq-accordion\">\r\n\t\t<div class=\"accordion\" id=\"accordion\">\r\n\t\t\t\t\t\t<div class=\"accordion-item wow fadeInUp\" data-wow-delay=\".5s\">\r\n\t\t\t\t<h4 class=\"accordion-header\">\r\n\t\t\t\t\t<button class=\"accordion-button\" type=\"button\" data-bs-toggle=\"collapse\" data-bs-target=\"#faq20\" aria-expanded=\"true\" aria-controls=\"faq20\">\r\n\t\t\t\t\t\tVize ba\u015fvurusu i\u00e7in dan\u0131\u015fmanl\u0131k hizmeti almak zorunda m\u0131y\u0131m?\t\t\t\t\t<\/button>\r\n\t\t\t\t<\/h4>\r\n\t\t\t\t<div id=\"faq20\" class=\"accordion-collapse collapse \" data-bs-parent=\"#accordion\">\r\n\t\t\t\t\t<div class=\"accordion-body\">\r\n\t\t\t\t\t\t Hay\u0131r, ancak dan\u0131\u015fmanl\u0131k hizmeti almak, ba\u015fvurunuzun do\u011fru ve eksiksiz haz\u0131rlanmas\u0131n\u0131 sa\u011flar, bu da ba\u015fvuru s\u00fcrecindeki hata riskini minimuma indirir. Profesyonel rehberlik ile vize reddi olas\u0131l\u0131\u011f\u0131n\u0131 d\u00fc\u015f\u00fcr\u00fcrken, zamandan ve stresten tasarruf edersiniz.\n\n\t\t\t\t\t<\/div>\r\n\t\t\t\t<\/div>\r\n\t\t\t<\/div>\r\n\t\t\t\t\t\t<div class=\"accordion-item wow fadeInUp\" data-wow-delay=\".5s\">\r\n\t\t\t\t<h4 class=\"accordion-header\">\r\n\t\t\t\t\t<button class=\"accordion-button\" type=\"button\" data-bs-toggle=\"collapse\" data-bs-target=\"#faq21\" aria-expanded=\"true\" aria-controls=\"faq21\">\r\n\t\t\t\t\t\tDan\u0131\u015fmanl\u0131k \u00fccretleriniz neleri kaps\u0131yor?\t\t\t\t\t<\/button>\r\n\t\t\t\t<\/h4>\r\n\t\t\t\t<div id=\"faq21\" class=\"accordion-collapse collapse show\" data-bs-parent=\"#accordion\">\r\n\t\t\t\t\t<div class=\"accordion-body\">\r\n\t\t\t\t\t\t\u00dccretimiz, ba\u015fvurunuzun ilk a\u015famas\u0131ndan, vizenizi al\u0131p seyahatinize haz\u0131r olana kadar ge\u00e7en t\u00fcm s\u00fcreci kapsamaktad\u0131r. Bu, gerekli evrak listesinin olu\u015fturulmas\u0131, evraklar\u0131n kontrol\u00fc, ba\u015fvuru formu doldurulmas\u0131, randevu al\u0131m\u0131 ve s\u00fcre\u00e7 takibi gibi hizmetleri i\u00e7erir. Gizli ek \u00fccretler bulunmamaktad\u0131r.\t\t\t\t\t<\/div>\r\n\t\t\t\t<\/div>\r\n\t\t\t<\/div>\r\n\t\t\t\t\t\t<div class=\"accordion-item wow fadeInUp\" data-wow-delay=\".5s\">\r\n\t\t\t\t<h4 class=\"accordion-header\">\r\n\t\t\t\t\t<button class=\"accordion-button\" type=\"button\" data-bs-toggle=\"collapse\" data-bs-target=\"#faq22\" aria-expanded=\"true\" aria-controls=\"faq22\">\r\n\t\t\t\t\t\tBa\u015fvuru s\u00fcreci ne kadar s\u00fcrer?\t\t\t\t\t<\/button>\r\n\t\t\t\t<\/h4>\r\n\t\t\t\t<div id=\"faq22\" class=\"accordion-collapse collapse \" data-bs-parent=\"#accordion\">\r\n\t\t\t\t\t<div class=\"accordion-body\">\r\n\t\t\t\t\t\tBa\u015fvuru s\u00fcreci, ba\u015fvuru yap\u0131lan \u00fclkeye ve konsoloslu\u011fun yo\u011funlu\u011funa g\u00f6re de\u011fi\u015fiklik g\u00f6sterir. Genellikle randevu al\u0131nd\u0131ktan sonra vize karar\u0131 10 ila 15 i\u015f g\u00fcn\u00fc i\u00e7inde sonu\u00e7lan\u0131r. Ancak yo\u011fun d\u00f6nemlerde bu s\u00fcre uzayabilir. Erken ba\u015fvuru yapman\u0131z\u0131 tavsiye ederiz.\t\t\t\t\t<\/div>\r\n\t\t\t\t<\/div>\r\n\t\t\t<\/div>\r\n\t\t\t\t\t\t<div class=\"accordion-item wow fadeInUp\" data-wow-delay=\".5s\">\r\n\t\t\t\t<h4 class=\"accordion-header\">\r\n\t\t\t\t\t<button class=\"accordion-button\" type=\"button\" data-bs-toggle=\"collapse\" data-bs-target=\"#faq23\" aria-expanded=\"true\" aria-controls=\"faq23\">\r\n\t\t\t\t\t\tVize reddi durumunda ne yapmal\u0131y\u0131m?\t\t\t\t\t<\/button>\r\n\t\t\t\t<\/h4>\r\n\t\t\t\t<div id=\"faq23\" class=\"accordion-collapse collapse \" data-bs-parent=\"#accordion\">\r\n\t\t\t\t\t<div class=\"accordion-body\">\r\n\t\t\t\t\t\tVize reddi alman\u0131z halinde, ret mektubunuzun i\u00e7eri\u011fine g\u00f6re bir sonraki ad\u0131m\u0131 belirleriz. Reddin sebebini analiz eder, eksiklikleri giderir ve itiraz s\u00fcreci veya yeniden ba\u015fvuru i\u00e7in en do\u011fru stratejiyi birlikte olu\u015ftururuz.\t\t\t\t\t<\/div>\r\n\t\t\t\t<\/div>\r\n\t\t\t<\/div>\r\n\t\t\t\t\t\t<div class=\"accordion-item wow fadeInUp\" data-wow-delay=\".5s\">\r\n\t\t\t\t<h4 class=\"accordion-header\">\r\n\t\t\t\t\t<button class=\"accordion-button\" type=\"button\" data-bs-toggle=\"collapse\" data-bs-target=\"#faq24\" aria-expanded=\"true\" aria-controls=\"faq24\">\r\n\t\t\t\t\t\tHangi \u00fclkelere vize dan\u0131\u015fmanl\u0131\u011f\u0131 sa\u011fl\u0131yorsunuz?\t\t\t\t\t<\/button>\r\n\t\t\t\t<\/h4>\r\n\t\t\t\t<div id=\"faq24\" class=\"accordion-collapse collapse \" data-bs-parent=\"#accordion\">\r\n\t\t\t\t\t<div class=\"accordion-body\">\r\n\t\t\t\t\t\tT\u00fcm Schengen \u00fclkeleri i\u00e7in vize dan\u0131\u015fmanl\u0131\u011f\u0131 hizmeti vermekteyiz. Schengen vize ba\u015fvurular\u0131n\u0131z\u0131n yan\u0131 s\u0131ra, \u0130ngiltere, Amerika Birle\u015fik Devletleri ve Kanada gibi en \u00e7ok talep g\u00f6ren di\u011fer \u00fclkelere de ba\u015fvuru s\u00fcrecinizde profesyonel destek sa\u011fl\u0131yoruz.\t\t\t\t\t<\/div>\r\n\t\t\t\t<\/div>\r\n\t\t\t<\/div>\r\n\t\t\t\t\t<\/div>\r\n\t<\/div>\r\n<\/div>\r\n\r\n\t\r\n\r\n\r\n             \r\n\t\t\t\t\t\t<\/div>\n\t\t\t\t<\/div>\n\t\t\t\t<\/div>\n\t\t\t\t\t<\/div>\n\t\t\t\t<\/div>\n\t\t<div class=\"elementor-element elementor-element-98e06a9 e-con-full e-flex e-con e-parent\" data-id=\"98e06a9\" data-element_type=\"container\" data-e-type=\"container\">\n\t\t\t\t<div class=\"elementor-element elementor-element-9bc3484 elementor-widget elementor-widget-visaland-video-bg-widget\" data-id=\"9bc3484\" data-element_type=\"widget\" data-e-type=\"widget\" data-widget_type=\"visaland-video-bg-widget.default\">\n\t\t\t\t<div class=\"elementor-widget-container\">\n\t\t\t\t\t\n\t   \n\n\t\t<section class=\"cta-banner-contact-section fix section-padding bg-cover\" style=\"background-image: url('https:\/\/careerescapes.com\/wp-content\/uploads\/2024\/09\/contact-bg.jpg');\">\n            <div class=\"container\">\n                <div class=\"cta-banner-concat-wrapper\">\n                    <h2 class=\"title-anim\">Schengen Vizesi Hakk\u0131nda Her \u015eey<\/h2>\n                    <a href=\"\/iletisim\/\" class=\"theme-btn hover-white wow fadeInUp\" data-wow-delay=\".5s\">\n                        <span>\n                            \u0130leti\u015fime Ge\u00e7\n                            <i class=\"fas fa-chevron-right\"><\/i>\n                        <\/span>\n                    <\/a>\n                <\/div>\n            <\/div>\n        <\/section>\n\n\t\t\n\t\n\t\t\t\t\t\t<\/div>\n\t\t\t\t<\/div>\n\t\t\t\t<\/div>\n\t\t<div class=\"elementor-element elementor-element-fa39e88 e-flex e-con-boxed e-con e-parent\" data-id=\"fa39e88\" data-element_type=\"container\" data-e-type=\"container\">\n\t\t\t\t\t<div class=\"e-con-inner\">\n\t\t\t\t<div class=\"elementor-element elementor-element-9051442 elementor-widget elementor-widget-text-editor\" data-id=\"9051442\" data-element_type=\"widget\" data-e-type=\"widget\" data-widget_type=\"text-editor.default\">\n\t\t\t\t\t\t\t\t\t<div>\n<section>\n<div style=\"width: 96px; height: 0px;\" aria-hidden=\"true\">\n<div>\n<div>\n<ul>\n<li>&nbsp;<\/li>\n<\/ul>\n<\/div>\n<\/div>\n<\/div>\n<\/section>\n<\/div>\n<div>\n<div dir=\"ltr\" style=\"--animation-duration: 400ms; --fade-animation-function: linear;\">\n<h3><b>&nbsp; &nbsp; &nbsp; &nbsp; &nbsp; &nbsp; &nbsp; &nbsp; &nbsp; &nbsp; &nbsp; &nbsp; &nbsp; &nbsp; &nbsp; &nbsp; &nbsp; &nbsp; &nbsp; &nbsp; &nbsp; &nbsp; &nbsp; &nbsp;<\/b><\/h3>\n<h3><b>Your First Step to the Europe of Your Dreams: Schengen Visa Consultancy<\/b><\/h3>\n<div><b>&nbsp;<\/b><\/div>\n<p>Discovering Europe&#8217;s enchanting cities, exploring job opportunities, or visiting your family is now much easier. The Schengen visa offers the freedom to travel to 27 countries in Europe with a single visa. However, the application process can be complicated, involving extensive paperwork and procedures.  <\/p>\n<p>This is where we come in. With our team of experts, we guide you through every step of your application, making the process transparent and stress-free for you. <\/p><p><br><\/p>\n<hr>\n<h3><b>&nbsp; &nbsp; &nbsp; &nbsp; &nbsp; &nbsp; &nbsp; &nbsp; &nbsp; &nbsp; &nbsp; &nbsp; &nbsp; &nbsp; &nbsp; &nbsp; &nbsp; &nbsp; &nbsp; &nbsp; &nbsp; &nbsp; &nbsp; &nbsp; &nbsp; &nbsp; &nbsp; &nbsp; &nbsp; &nbsp; &nbsp; &nbsp; &nbsp; &nbsp; &nbsp; &nbsp; &nbsp; &nbsp; &nbsp; &nbsp; &nbsp;<\/b><\/h3>\n<h3><b>What is a Schengen Visa?<\/b><\/h3>\n<div><b>&nbsp;<\/b><\/div>\n<p>The Schengen visa is a short-term travel visa that grants the right to free movement among member countries within the Schengen Area of Europe. With this visa, you can freely travel not only in the country where you obtained it, but also in all other Schengen countries for up to 90 days. The most common types of visas are as follows:  <\/p>\n<ul>\n<li>\n<p>Tourist Visa: For vacations, trips, or short-term visits.<\/p>\n<\/li>\n<li>\n<p>Business Visa: For business meetings, trade fairs, or conferences.<\/p>\n<\/li>\n<li>\n<p>Family\/Friend Visit Visa: To visit relatives or friends living in the Schengen Area.<\/p>\n<\/li>\n<li>\n<p>Student Visa: For short-term language schools or educational programs<\/p>\n<\/li>\n<li>&nbsp;<\/li>\n<\/ul>\n<div>\n<h3><b>Application Steps and Our Services<\/b><\/h3>\n<div><b>&nbsp;<\/b><\/div>\n<p>Applying for your visa with us makes the process a hassle-free experience. Here are the services we offer: <\/p>\n<ul>\n<li>\n<p>Consulting and Document Review: We provide you with the most up-to-date list of documents appropriate for your application purpose and personal circumstances. We guide you step by step to ensure all your documents are prepared completely and accurately. <\/p>\n<\/li>\n<li>\n<p>Online Form Filling: We fill out complex and detail-oriented application forms on your behalf, eliminating the margin for error.<\/p>\n<\/li>\n<li>\n<p>Appointment and Process Tracking: We will schedule your appointment at the most convenient date for you at the consulate or visa application center. We will track the status of your application file in real time and keep you informed. <\/p>\n<\/li>\n<li>\n<p>Professional Support: We provide immediate answers to all questions you may have during the application process and ensure you are prepared for any potential issues.<\/p>\n<\/li>\n<li>&nbsp;<\/li>\n<\/ul>\n<div>\n<h3><b>Visa Application Fees and Payment Items<\/b><\/h3>\n<div><b>&nbsp;<\/b><\/div>\n<p>The cost of a visa application varies depending on the country where the application is made and the type of application. In line with our principle of transparency, we clearly explain the payment items for you: <\/p>\n<ul>\n<li>\n<p>Consulate\/Embassy Visa Fee: This is a mandatory fee charged by the consulate or embassy of the country you are applying to, which must be paid for your application to be processed. This fee is non-refundable, even if your visa application is denied. <\/p>\n<\/li>\n<li>\n<p>Visa Application Center Service Fee: This is the fee charged by authorized agencies such as VFS Global and iDATA for accepting your documents and forwarding them to the consulate.<\/p>\n<\/li>\n<li>\n<p>Consulting Service Fee: This is the fee charged by our company for professional guidance services in preparing your file correctly, tracking documents, filling out forms, and scheduling appointments.<\/p>\n<\/li>\n<\/ul>\n<p>For up-to-date and detailed information about all these fees, please contact us.<\/p><p><br><\/p>\n<hr>\n<h3><b>&nbsp; &nbsp; &nbsp; &nbsp; &nbsp; &nbsp; &nbsp; &nbsp; &nbsp; &nbsp; &nbsp; &nbsp; &nbsp; &nbsp; &nbsp; &nbsp; &nbsp; &nbsp; &nbsp; &nbsp; &nbsp; &nbsp; &nbsp; &nbsp; &nbsp; &nbsp; &nbsp; &nbsp; &nbsp; &nbsp; &nbsp; &nbsp; &nbsp;<\/b><\/h3>\n<h3><b>Essential Documents That May Be Required for Application<\/b><\/h3>\n<div><b>&nbsp;<\/b><\/div>\n<p>Although the documents required may vary depending on the type of application and purpose of travel, there are basic documents that are commonly required for all applications. Here are some of the documents that are generally required for a Schengen visa: <\/p>\n<ol>\n<li>\n<p>Your passport with a minimum validity of 6 months.<\/p>\n<\/li>\n<li>\n<p>Current biometric photo.<\/p>\n<\/li>\n<li>\n<p>Copy of ID.<\/p>\n<\/li>\n<li>\n<p>Full-detail population registration example.<\/p>\n<\/li>\n<li>\n<p>Visa application form.<\/p>\n<\/li>\n<li>\n<p>Travel health insurance.<\/p>\n<\/li>\n<li>\n<p>Bank account statements showing the financial situation.<\/p>\n<\/li>\n<li>\n<p>Accommodation and transportation reservations (hotel, flight ticket, etc.).<\/p>\n<\/li>\n<li>\n<p>Documents proving your professional status, such as an employer letter, Social Security Institution service record, or student certificate.<\/p>\n<\/li>\n<\/ol>\n<p>We review your documents with you and ensure that no documents are missing.<\/p>\n<\/div>\n<\/div>\n<\/div>\n<\/div>\t\t\t\t\t\t\t\t<\/div>\n\t\t\t\t\t<\/div>\n\t\t\t\t<\/div>\n\t\t\t\t<\/div>\n\t\t","protected":false},"excerpt":{"rendered":"<p>Sorular\u0131n\u0131za Yan\u0131t Bulun SCHENGEN V\u0130ZES\u0130 Visa processes can be complex. In this section, you will find answers to the most frequently asked questions prepared by our experts. Our goal is to eliminate all uncertainties you may encounter on your visa journey and provide you with reliable guidance. If you cannot find the answer to your<\/p>\n","protected":false},"author":1,"featured_media":0,"parent":0,"menu_order":0,"comment_status":"closed","ping_status":"closed","template":"elementor_header_footer","meta":{"inline_featured_image":false,"footnotes":""},"class_list":["post-2311","page","type-page","status-publish","hentry"],"_links":{"self":[{"href":"https:\/\/careerescapes.com\/en\/wp-json\/wp\/v2\/pages\/2311","targetHints":{"allow":["GET"]}}],"collection":[{"href":"https:\/\/careerescapes.com\/en\/wp-json\/wp\/v2\/pages"}],"about":[{"href":"https:\/\/careerescapes.com\/en\/wp-json\/wp\/v2\/types\/page"}],"author":[{"embeddable":true,"href":"https:\/\/careerescapes.com\/en\/wp-json\/wp\/v2\/users\/1"}],"replies":[{"embeddable":true,"href":"https:\/\/careerescapes.com\/en\/wp-json\/wp\/v2\/comments?post=2311"}],"version-history":[{"count":2,"href":"https:\/\/careerescapes.com\/en\/wp-json\/wp\/v2\/pages\/2311\/revisions"}],"predecessor-version":[{"id":2313,"href":"https:\/\/careerescapes.com\/en\/wp-json\/wp\/v2\/pages\/2311\/revisions\/2313"}],"wp:attachment":[{"href":"https:\/\/careerescapes.com\/en\/wp-json\/wp\/v2\/media?parent=2311"}],"curies":[{"name":"wp","href":"https:\/\/api.w.org\/{rel}","templated":true}]}}