{"id":2323,"date":"2025-08-20T11:00:24","date_gmt":"2025-08-20T11:00:24","guid":{"rendered":"https:\/\/careerescapes.com\/language-schools-abroad\/"},"modified":"2026-02-21T13:31:09","modified_gmt":"2026-02-21T13:31:09","slug":"language-schools-abroad","status":"publish","type":"page","link":"https:\/\/careerescapes.com\/en\/language-schools-abroad\/","title":{"rendered":"Language Schools Abroad"},"content":{"rendered":"\t\t<div data-elementor-type=\"wp-page\" data-elementor-id=\"2323\" class=\"elementor elementor-2323 elementor-1228\">\n\t\t\t\t<div class=\"elementor-element elementor-element-82ec1e7 e-flex e-con-boxed e-con e-parent\" data-id=\"82ec1e7\" data-element_type=\"container\" data-e-type=\"container\">\n\t\t\t\t\t<div class=\"e-con-inner\">\n\t\t\t\t<div class=\"elementor-element elementor-element-a808063 elementor-widget elementor-widget-visaland-project-grid-widget\" data-id=\"a808063\" data-element_type=\"widget\" data-e-type=\"widget\" data-widget_type=\"visaland-project-grid-widget.default\">\n\t\t\t\t<div class=\"elementor-widget-container\">\n\t\t\t\t\t\n\n\t <script>\n jQuery(document).ready(function($) {\n\n\/\/ js code start\n\n\n\/\/ js code end \n\n  });\n<\/script>\n\t\n\n\t<div class=\"row\">\n\t\t\t\n\t\t<div class=\"col-lg-4 col-md-6 wow fadeInUp\" data-wow-delay=\".2s\">\n\t\t\t<div class=\"coaching-box-items\">\n\t\t\t\t<div class=\"coaching-image\">\n\t\t\t\t\t\t\t\t\t\t\t<img decoding=\"async\" src=\"https:\/\/careerescapes.com\/wp-content\/uploads\/2024\/09\/05.jpg\" alt=\"\">\n\t\t\t\t\t\t<img decoding=\"async\" src=\"https:\/\/careerescapes.com\/wp-content\/uploads\/2024\/09\/05.jpg\" alt=\"\">\n\t\t\t\t\t\t\t\t\t\t<a href=\"\/almanya-dil-okullari\/\" class=\"image-overlay\">\n\t\t\t\t\t\t<i class=\"fal fa-plus\"><\/i>\n\t\t\t\t\t<\/a>\n\t\t\t\t\t<h5 class=\"price\"><\/h5>\n\t\t\t\t<\/div>\n\t\t\t\t<div class=\"content\">\n\t\t\t\t\t<h4><a href=\"\/almanya-dil-okullari\/\">Almanya Dil Okullar\u0131<\/a><\/h4>\n\t\t\t\t\t<p>\n\t\t\t\t\t\tAlmanca\u2019y\u0131 Yerinde \u00d6\u011frenin!\t\t\t\t\t<\/p>\n\t\t\t\t\t<a href=\"\/almanya-dil-okullari\/\" class=\"link-btn link-btn-2\">\n\t\t\t\t\t\t<span>\u0130ncele<\/span>\n\t\t\t\t\t\t<i class=\"fas fa-chevron-right\"><\/i>\n\t\t\t\t\t<\/a>\n\t\t\t\t<\/div>\n\t\t\t<\/div>\n\t\t<\/div>\n\t\t\t\n\t\t<div class=\"col-lg-4 col-md-6 wow fadeInUp\" data-wow-delay=\".2s\">\n\t\t\t<div class=\"coaching-box-items\">\n\t\t\t\t<div class=\"coaching-image\">\n\t\t\t\t\t\t\t\t\t\t\t<img decoding=\"async\" src=\"https:\/\/careerescapes.com\/wp-content\/uploads\/2024\/09\/06.jpg\" alt=\"\">\n\t\t\t\t\t\t<img decoding=\"async\" src=\"https:\/\/careerescapes.com\/wp-content\/uploads\/2024\/09\/06.jpg\" alt=\"\">\n\t\t\t\t\t\t\t\t\t\t<a href=\"\/avustralya-dil-okullari\/\" class=\"image-overlay\">\n\t\t\t\t\t\t<i class=\"fal fa-plus\"><\/i>\n\t\t\t\t\t<\/a>\n\t\t\t\t\t<h5 class=\"price\"><\/h5>\n\t\t\t\t<\/div>\n\t\t\t\t<div class=\"content\">\n\t\t\t\t\t<h4><a href=\"\/avustralya-dil-okullari\/\">Avustralya Dil Okullar\u0131<\/a><\/h4>\n\t\t\t\t\t<p>\n\t\t\t\t\t\tDilinizi Avustralya'da Geli\u015ftirin!\t\t\t\t\t<\/p>\n\t\t\t\t\t<a href=\"\/avustralya-dil-okullari\/\" class=\"link-btn link-btn-2\">\n\t\t\t\t\t\t<span>\u0130ncele<\/span>\n\t\t\t\t\t\t<i class=\"fas fa-chevron-right\"><\/i>\n\t\t\t\t\t<\/a>\n\t\t\t\t<\/div>\n\t\t\t<\/div>\n\t\t<\/div>\n\t\t\t\n\t\t<div class=\"col-lg-4 col-md-6 wow fadeInUp\" data-wow-delay=\".2s\">\n\t\t\t<div class=\"coaching-box-items\">\n\t\t\t\t<div class=\"coaching-image\">\n\t\t\t\t\t\t\t\t\t\t\t<img decoding=\"async\" src=\"https:\/\/careerescapes.com\/wp-content\/uploads\/2024\/09\/07.jpg\" alt=\"\">\n\t\t\t\t\t\t<img decoding=\"async\" src=\"https:\/\/careerescapes.com\/wp-content\/uploads\/2024\/09\/07.jpg\" alt=\"\">\n\t\t\t\t\t\t\t\t\t\t<a href=\"\/irlanda-dil-okullari\/\" class=\"image-overlay\">\n\t\t\t\t\t\t<i class=\"fal fa-plus\"><\/i>\n\t\t\t\t\t<\/a>\n\t\t\t\t\t<h5 class=\"price\"><\/h5>\n\t\t\t\t<\/div>\n\t\t\t\t<div class=\"content\">\n\t\t\t\t\t<h4><a href=\"\/irlanda-dil-okullari\/\">\u0130rlanda Dil Okullar\u0131<\/a><\/h4>\n\t\t\t\t\t<p>\n\t\t\t\t\t\t\u0130rlanda Dil Okullar\u0131\t\t\t\t\t<\/p>\n\t\t\t\t\t<a href=\"\/irlanda-dil-okullari\/\" class=\"link-btn link-btn-2\">\n\t\t\t\t\t\t<span>\u0130ncele<\/span>\n\t\t\t\t\t\t<i class=\"fas fa-chevron-right\"><\/i>\n\t\t\t\t\t<\/a>\n\t\t\t\t<\/div>\n\t\t\t<\/div>\n\t\t<\/div>\n\t\t\t<\/div>\n\n\t\n\n             \n\t\t\t\t\t\t<\/div>\n\t\t\t\t<\/div>\n\t\t\t\t\t<\/div>\n\t\t\t\t<\/div>\n\t\t<div class=\"elementor-element elementor-element-ac18eeb e-con-full e-flex e-con e-parent\" data-id=\"ac18eeb\" data-element_type=\"container\" data-e-type=\"container\">\n\t\t\t\t<div class=\"elementor-element elementor-element-a64bace elementor-widget elementor-widget-visaland-video-bg-widget\" data-id=\"a64bace\" data-element_type=\"widget\" data-e-type=\"widget\" data-widget_type=\"visaland-video-bg-widget.default\">\n\t\t\t\t<div class=\"elementor-widget-container\">\n\t\t\t\t\t\n\t   \n\n\t\t<section class=\"cta-banner-contact-section fix section-padding bg-cover\" style=\"background-image: url('https:\/\/careerescapes.com\/wp-content\/uploads\/2024\/09\/contact-bg.jpg');\">\n            <div class=\"container\">\n                <div class=\"cta-banner-concat-wrapper\">\n                    <h2 class=\"title-anim\">Hizmetlerimiz Hakk\u0131nda Bilgi Al\u0131n<\/h2>\n                    <a href=\"\/iletisim\/\" class=\"theme-btn hover-white wow fadeInUp\" data-wow-delay=\".5s\">\n                        <span>\n                            \u0130leti\u015fime Ge\u00e7\n                            <i class=\"fas fa-chevron-right\"><\/i>\n                        <\/span>\n                    <\/a>\n                <\/div>\n            <\/div>\n        <\/section>\n\n\t\t\n\t\n\t\t\t\t\t\t<\/div>\n\t\t\t\t<\/div>\n\t\t\t\t<\/div>\n\t\t\t\t<\/div>\n\t\t","protected":false},"excerpt":{"rendered":"<p>Almanya Dil Okullar\u0131 Almanca\u2019y\u0131 Yerinde \u00d6\u011frenin! \u0130ncele Avustralya Dil Okullar\u0131 Dilinizi Avustralya&#8217;da Geli\u015ftirin! \u0130ncele \u0130rlanda Dil Okullar\u0131 \u0130rlanda Dil Okullar\u0131 \u0130ncele Hizmetlerimiz Hakk\u0131nda Bilgi Al\u0131n \u0130leti\u015fime Ge\u00e7<\/p>\n","protected":false},"author":1,"featured_media":0,"parent":0,"menu_order":0,"comment_status":"closed","ping_status":"closed","template":"elementor_header_footer","meta":{"inline_featured_image":false,"footnotes":""},"class_list":["post-2323","page","type-page","status-publish","hentry"],"_links":{"self":[{"href":"https:\/\/careerescapes.com\/en\/wp-json\/wp\/v2\/pages\/2323","targetHints":{"allow":["GET"]}}],"collection":[{"href":"https:\/\/careerescapes.com\/en\/wp-json\/wp\/v2\/pages"}],"about":[{"href":"https:\/\/careerescapes.com\/en\/wp-json\/wp\/v2\/types\/page"}],"author":[{"embeddable":true,"href":"https:\/\/careerescapes.com\/en\/wp-json\/wp\/v2\/users\/1"}],"replies":[{"embeddable":true,"href":"https:\/\/careerescapes.com\/en\/wp-json\/wp\/v2\/comments?post=2323"}],"version-history":[{"count":1,"href":"https:\/\/careerescapes.com\/en\/wp-json\/wp\/v2\/pages\/2323\/revisions"}],"predecessor-version":[{"id":2324,"href":"https:\/\/careerescapes.com\/en\/wp-json\/wp\/v2\/pages\/2323\/revisions\/2324"}],"wp:attachment":[{"href":"https:\/\/careerescapes.com\/en\/wp-json\/wp\/v2\/media?parent=2323"}],"curies":[{"name":"wp","href":"https:\/\/api.w.org\/{rel}","templated":true}]}}