{"id":2326,"date":"2025-08-21T15:38:17","date_gmt":"2025-08-21T15:38:17","guid":{"rendered":"https:\/\/careerescapes.com\/study-abroad-university-education\/"},"modified":"2026-02-21T13:31:21","modified_gmt":"2026-02-21T13:31:21","slug":"study-abroad-university-education","status":"publish","type":"page","link":"https:\/\/careerescapes.com\/en\/study-abroad-university-education\/","title":{"rendered":"Study Abroad University Education"},"content":{"rendered":"\t\t<div data-elementor-type=\"wp-page\" data-elementor-id=\"2326\" class=\"elementor elementor-2326 elementor-1538\">\n\t\t\t\t<div class=\"elementor-element elementor-element-5e2d28c e-flex e-con-boxed e-con e-parent\" data-id=\"5e2d28c\" data-element_type=\"container\" data-e-type=\"container\" data-settings=\"{&quot;background_background&quot;:&quot;classic&quot;}\">\n\t\t\t\t\t<div class=\"e-con-inner\">\n\t\t\t\t<div class=\"elementor-element elementor-element-6d31cb0 elementor-widget elementor-widget-visaland-coaching-grid-widget\" data-id=\"6d31cb0\" data-element_type=\"widget\" data-e-type=\"widget\" data-widget_type=\"visaland-coaching-grid-widget.default\">\n\t\t\t\t<div class=\"elementor-widget-container\">\n\t\t\t\t\t\n\n\t\n\n\t\t<div class=\"row\">\n\t\t\t\t\t\t<div class=\"col-lg-6 wow fadeInUp\" data-wow-delay=\".3s\">\n\t\t\t\t<div class=\"coaching-box-items-2\">\n\t\t\t\t\t<div class=\"coaching-image\">\n\t\t\t\t\t\t\t\t\t\t\t<img decoding=\"async\" src=\"https:\/\/careerescapes.com\/wp-content\/uploads\/2024\/09\/01-3.jpg\" alt=\"\">\n\t\t\t\t\t\t\t\t\t\t<\/div>\n\t\t\t\t\t<div class=\"coaching-content\">\n\t\t\t\t\t\t<h3><a href=\"\/almanya-universite-egitimi\/\">Almanya'da \u00dcniversite E\u011fitimi<\/a><\/h3>\n\t\t\t\t\t\t<p>\n\t\t\t\t\t\t\t\u00dcniversite e\u011fitiminizi Almana'da al\u0131n!\t\t\t\t\t\t<\/p>\n\t\t\t\t\t\t<a href=\"\/almanya-universite-egitimi\/\" class=\"link-btn mt-2 d-inline-block\">\n\t\t\t\t\t\t\t\tDevam\u0131n\u0131 G\u00f6r<i class=\"fas fa-chevron-right\"><\/i>\n\t\t\t\t\t\t<\/a>\n\t\t\t\t\t<\/div>\n\t\t\t\t<\/div>\n\t\t\t<\/div>\n\t\t\t\t\t\t<div class=\"col-lg-6 wow fadeInUp\" data-wow-delay=\".3s\">\n\t\t\t\t<div class=\"coaching-box-items-2\">\n\t\t\t\t\t<div class=\"coaching-image\">\n\t\t\t\t\t\t\t\t\t\t\t<img decoding=\"async\" src=\"https:\/\/careerescapes.com\/wp-content\/uploads\/2024\/09\/03-2.jpg\" alt=\"\">\n\t\t\t\t\t\t\t\t\t\t<\/div>\n\t\t\t\t\t<div class=\"coaching-content\">\n\t\t\t\t\t\t<h3><a href=\"\/rusya-universite-egitimi\/\">Rusya'da \u00dcniversite E\u011fitimi<\/a><\/h3>\n\t\t\t\t\t\t<p>\n\t\t\t\t\t\t\t\u00dcniversite e\u011fitiminizi Rusya'da al\u0131n!\t\t\t\t\t\t<\/p>\n\t\t\t\t\t\t<a href=\"\/rusya-universite-egitimi\/\" class=\"link-btn mt-2 d-inline-block\">\n\t\t\t\t\t\t\t\tDevam\u0131n\u0131 G\u00f6r<i class=\"fas fa-chevron-right\"><\/i>\n\t\t\t\t\t\t<\/a>\n\t\t\t\t\t<\/div>\n\t\t\t\t<\/div>\n\t\t\t<\/div>\n\t\t\t\t\t<\/div>\n\n\t\n\n             \n\t\t\t\t\t\t<\/div>\n\t\t\t\t<\/div>\n\t\t\t\t\t<\/div>\n\t\t\t\t<\/div>\n\t\t<div class=\"elementor-element elementor-element-ac18eeb e-con-full e-flex e-con e-parent\" data-id=\"ac18eeb\" data-element_type=\"container\" data-e-type=\"container\">\n\t\t\t\t<div class=\"elementor-element elementor-element-a64bace elementor-widget elementor-widget-visaland-video-bg-widget\" data-id=\"a64bace\" data-element_type=\"widget\" data-e-type=\"widget\" data-widget_type=\"visaland-video-bg-widget.default\">\n\t\t\t\t<div class=\"elementor-widget-container\">\n\t\t\t\t\t\n\t   \n\n\t\t<section class=\"cta-banner-contact-section fix section-padding bg-cover\" style=\"background-image: url('https:\/\/careerescapes.com\/wp-content\/uploads\/2024\/09\/contact-bg.jpg');\">\n            <div class=\"container\">\n                <div class=\"cta-banner-concat-wrapper\">\n                    <h2 class=\"title-anim\">Hizmetlerimiz Hakk\u0131nda Bilgi Al\u0131n<\/h2>\n                    <a href=\"\/ietlisim\/\" class=\"theme-btn hover-white wow fadeInUp\" data-wow-delay=\".5s\">\n                        <span>\n                            \u0130leti\u015fime Ge\u00e7\n                            <i class=\"fas fa-chevron-right\"><\/i>\n                        <\/span>\n                    <\/a>\n                <\/div>\n            <\/div>\n        <\/section>\n\n\t\t\n\t\n\t\t\t\t\t\t<\/div>\n\t\t\t\t<\/div>\n\t\t\t\t<\/div>\n\t\t\t\t<\/div>\n\t\t","protected":false},"excerpt":{"rendered":"<p>Almanya&#8217;da \u00dcniversite E\u011fitimi \u00dcniversite e\u011fitiminizi Almana&#8217;da al\u0131n! Devam\u0131n\u0131 G\u00f6r Rusya&#8217;da \u00dcniversite E\u011fitimi \u00dcniversite e\u011fitiminizi Rusya&#8217;da al\u0131n! Devam\u0131n\u0131 G\u00f6r Hizmetlerimiz Hakk\u0131nda Bilgi Al\u0131n \u0130leti\u015fime Ge\u00e7<\/p>\n","protected":false},"author":1,"featured_media":0,"parent":0,"menu_order":0,"comment_status":"closed","ping_status":"closed","template":"elementor_header_footer","meta":{"inline_featured_image":false,"footnotes":""},"class_list":["post-2326","page","type-page","status-publish","hentry"],"_links":{"self":[{"href":"https:\/\/careerescapes.com\/en\/wp-json\/wp\/v2\/pages\/2326","targetHints":{"allow":["GET"]}}],"collection":[{"href":"https:\/\/careerescapes.com\/en\/wp-json\/wp\/v2\/pages"}],"about":[{"href":"https:\/\/careerescapes.com\/en\/wp-json\/wp\/v2\/types\/page"}],"author":[{"embeddable":true,"href":"https:\/\/careerescapes.com\/en\/wp-json\/wp\/v2\/users\/1"}],"replies":[{"embeddable":true,"href":"https:\/\/careerescapes.com\/en\/wp-json\/wp\/v2\/comments?post=2326"}],"version-history":[{"count":1,"href":"https:\/\/careerescapes.com\/en\/wp-json\/wp\/v2\/pages\/2326\/revisions"}],"predecessor-version":[{"id":2327,"href":"https:\/\/careerescapes.com\/en\/wp-json\/wp\/v2\/pages\/2326\/revisions\/2327"}],"wp:attachment":[{"href":"https:\/\/careerescapes.com\/en\/wp-json\/wp\/v2\/media?parent=2326"}],"curies":[{"name":"wp","href":"https:\/\/api.w.org\/{rel}","templated":true}]}}